{"id":221409,"date":"2025-09-29T12:03:40","date_gmt":"2025-09-29T10:03:40","guid":{"rendered":"https:\/\/lediamant.ch\/produit\/unkategorisiert\/balmain-classic-r-30-mm-diamonds-3\/"},"modified":"2025-09-29T12:03:40","modified_gmt":"2025-09-29T10:03:40","slug":"balmain-classic-r-30-mm-diamonds-3","status":"publish","type":"product","link":"https:\/\/lediamant.ch\/de\/produit\/montres\/balmain\/balmain-classic-r-30-mm-diamonds-3\/","title":{"rendered":"Balmain Classic R | 30 mm | diamonds"},"content":{"rendered":"<p>Die Balmain Classic R ist eine anmutige Damenuhr, die zarte Eleganz mit einem modernen Design verbindet, das von der Pariser Haute Couture inspiriert ist. Das Zifferblatt aus wei\u00dfem Perlmutt, besetzt mit acht Top Wesselton VS-SI Diamanten von insgesamt 0,030 Karat, und die klassischen r\u00f6mischen Ziffern verleihen der Uhr eine vibrierende und raffinierte Note. Das 30 mm PVD Gelbgoldgeh\u00e4use, das elegante 6,50 mm Profil und das passende Armband bieten Eleganz f\u00fcr den Alltag. Dieser Zeitmesser aus Schweizer Produktion ist mit einem Saphirglas ausgestattet.   <\/p>\n","protected":false},"excerpt":{"rendered":"<p>Die Balmain Classic R ist eine anmutige Damenuhr, die zarte Eleganz mit einem modernen Design verbindet, das von der Pariser Haute Couture inspiriert ist. Das Zifferblatt aus wei\u00dfem Perlmutt, besetzt mit acht Top Wesselton VS-SI Diamanten von insgesamt 0,030 Karat, und die klassischen r\u00f6mischen Ziffern verleihen der Uhr eine vibrierende und raffinierte Note. Das 30 &#8230; <a title=\"Balmain Classic R | 30 mm | diamonds\" class=\"read-more\" href=\"https:\/\/lediamant.ch\/de\/produit\/montres\/balmain\/balmain-classic-r-30-mm-diamonds-3\/\" aria-label=\"Mehr Informationen \u00fcber Balmain Classic R | 30 mm | diamonds\">Weiterlesen &#8230;<\/a><\/p>\n","protected":false},"featured_media":225035,"template":"","meta":{"_acf_changed":false,"_seopress_robots_primary_cat":"27172","_seopress_titles_title":"","_seopress_titles_desc":"Die Balmain Classic R: Eine Damenuhr, die Pariser Haute Couture, Eleganz und Modernit\u00e4t verbindet. Zifferblatt aus Perlmutt und Diamanten, exklusives Design. ","_seopress_robots_index":""},"brand":[27083],"product_brand":[],"product_cat":[27173,27433,27123],"product_tag":[],"class_list":{"0":"post-221409","1":"product","2":"type-product","3":"status-publish","4":"has-post-thumbnail","6":"brand-balmain-de","7":"product_cat-balmain-de","8":"product_cat-classic-r-de","9":"product_cat-uhren","10":"pa_couleurducadran-perlmutt","11":"pa_etancheite-50m-de","12":"pa_forme-runden","13":"pa_genre-frau","14":"pa_matiere-gelbgoldpvd","15":"pa_matierebraceletmontre-edelstahl","16":"pa_mouvement-quarzbatterie-de","17":"pa_swissmade-ja-de","18":"pa_verre-saphir-de","19":"sales-flash-overlay","20":"woocommerce-text-align-center","21":"woocommerce-image-align-center","22":"do-quantity-buttons","24":"first","25":"instock","26":"taxable","27":"shipping-taxable","28":"purchasable","29":"product-type-simple"},"acf":[],"_links":{"self":[{"href":"https:\/\/lediamant.ch\/de\/wp-json\/wp\/v2\/product\/221409","targetHints":{"allow":["GET"]}}],"collection":[{"href":"https:\/\/lediamant.ch\/de\/wp-json\/wp\/v2\/product"}],"about":[{"href":"https:\/\/lediamant.ch\/de\/wp-json\/wp\/v2\/types\/product"}],"wp:featuredmedia":[{"embeddable":true,"href":"https:\/\/lediamant.ch\/de\/wp-json\/wp\/v2\/media\/225035"}],"wp:attachment":[{"href":"https:\/\/lediamant.ch\/de\/wp-json\/wp\/v2\/media?parent=221409"}],"wp:term":[{"taxonomy":"brand","embeddable":true,"href":"https:\/\/lediamant.ch\/de\/wp-json\/wp\/v2\/brand?post=221409"},{"taxonomy":"product_brand","embeddable":true,"href":"https:\/\/lediamant.ch\/de\/wp-json\/wp\/v2\/product_brand?post=221409"},{"taxonomy":"product_cat","embeddable":true,"href":"https:\/\/lediamant.ch\/de\/wp-json\/wp\/v2\/product_cat?post=221409"},{"taxonomy":"product_tag","embeddable":true,"href":"https:\/\/lediamant.ch\/de\/wp-json\/wp\/v2\/product_tag?post=221409"}],"curies":[{"name":"wp","href":"https:\/\/api.w.org\/{rel}","templated":true}]}}