{"id":221411,"date":"2025-09-29T12:06:40","date_gmt":"2025-09-29T10:06:40","guid":{"rendered":"https:\/\/lediamant.ch\/produit\/unkategorisiert\/balmain-classic-r-34-mm-2\/"},"modified":"2025-09-29T12:06:40","modified_gmt":"2025-09-29T10:06:40","slug":"balmain-classic-r-34-mm-2","status":"publish","type":"product","link":"https:\/\/lediamant.ch\/de\/produit\/montres\/balmain\/balmain-classic-r-34-mm-2\/","title":{"rendered":"Balmain Classic R | 34 mm"},"content":{"rendered":"<p>Die Balmain Classic R ist eine elegante Damenuhr, die k\u00fchne Raffinesse mit einem modernen Design verbindet, das von der Pariser Haute Couture inspiriert ist. Das eisblaue Zifferblatt und die klassischen r\u00f6mischen Ziffern verleihen der Uhr eine feminine und raffinierte Note, w\u00e4hrend das 34 mm Edelstahlgeh\u00e4use mit einem eleganten 6,80 mm Profil und das passende Armband Raffinesse f\u00fcr den Alltag bieten. Dieser in der Schweiz hergestellte Zeitmesser ist mit einem Saphirglas ausgestattet.  <\/p>\n","protected":false},"excerpt":{"rendered":"<p>Die Balmain Classic R ist eine elegante Damenuhr, die k\u00fchne Raffinesse mit einem modernen Design verbindet, das von der Pariser Haute Couture inspiriert ist. Das eisblaue Zifferblatt und die klassischen r\u00f6mischen Ziffern verleihen der Uhr eine feminine und raffinierte Note, w\u00e4hrend das 34 mm Edelstahlgeh\u00e4use mit einem eleganten 6,80 mm Profil und das passende Armband &#8230; <a title=\"Balmain Classic R | 34 mm\" class=\"read-more\" href=\"https:\/\/lediamant.ch\/de\/produit\/montres\/balmain\/balmain-classic-r-34-mm-2\/\" aria-label=\"Mehr Informationen \u00fcber Balmain Classic R | 34 mm\">Weiterlesen &#8230;<\/a><\/p>\n","protected":false},"featured_media":225033,"template":"","meta":{"_acf_changed":false,"_seopress_robots_primary_cat":"27172","_seopress_titles_title":"","_seopress_titles_desc":"Entdecken Sie die zeitlose Eleganz der Balmain Classic R Uhr. Ein von der Haute Couture inspiriertes Design mit einem blauen Zifferblatt und einem raffinierten Geh\u00e4use.","_seopress_robots_index":""},"brand":[27083],"product_brand":[],"product_cat":[27173,27433,27123],"product_tag":[],"class_list":{"0":"post-221411","1":"product","2":"type-product","3":"status-publish","4":"has-post-thumbnail","6":"brand-balmain-de","7":"product_cat-balmain-de","8":"product_cat-classic-r-de","9":"product_cat-uhren","10":"pa_couleurducadran-blau","11":"pa_etancheite-50m-de","12":"pa_forme-runden","13":"pa_genre-frau","14":"pa_matiere-stahl","15":"pa_matierebraceletmontre-edelstahl","16":"pa_mouvement-quarzbatterie-de","17":"pa_swissmade-ja-de","18":"pa_verre-saphir-de","19":"sales-flash-overlay","20":"woocommerce-text-align-center","21":"woocommerce-image-align-center","22":"do-quantity-buttons","24":"first","25":"instock","26":"taxable","27":"shipping-taxable","28":"purchasable","29":"product-type-simple"},"acf":[],"_links":{"self":[{"href":"https:\/\/lediamant.ch\/de\/wp-json\/wp\/v2\/product\/221411","targetHints":{"allow":["GET"]}}],"collection":[{"href":"https:\/\/lediamant.ch\/de\/wp-json\/wp\/v2\/product"}],"about":[{"href":"https:\/\/lediamant.ch\/de\/wp-json\/wp\/v2\/types\/product"}],"wp:featuredmedia":[{"embeddable":true,"href":"https:\/\/lediamant.ch\/de\/wp-json\/wp\/v2\/media\/225033"}],"wp:attachment":[{"href":"https:\/\/lediamant.ch\/de\/wp-json\/wp\/v2\/media?parent=221411"}],"wp:term":[{"taxonomy":"brand","embeddable":true,"href":"https:\/\/lediamant.ch\/de\/wp-json\/wp\/v2\/brand?post=221411"},{"taxonomy":"product_brand","embeddable":true,"href":"https:\/\/lediamant.ch\/de\/wp-json\/wp\/v2\/product_brand?post=221411"},{"taxonomy":"product_cat","embeddable":true,"href":"https:\/\/lediamant.ch\/de\/wp-json\/wp\/v2\/product_cat?post=221411"},{"taxonomy":"product_tag","embeddable":true,"href":"https:\/\/lediamant.ch\/de\/wp-json\/wp\/v2\/product_tag?post=221411"}],"curies":[{"name":"wp","href":"https:\/\/api.w.org\/{rel}","templated":true}]}}