{"id":221412,"date":"2023-09-29T12:21:41","date_gmt":"2023-09-29T10:21:41","guid":{"rendered":"https:\/\/lediamant.ch\/produit\/unkategorisiert\/balmain-classic-r-30-mm-diamonds-4\/"},"modified":"2026-01-23T17:00:24","modified_gmt":"2026-01-23T16:00:24","slug":"balmain-classic-r-30-mm-diamonds-4","status":"publish","type":"product","link":"https:\/\/lediamant.ch\/de\/uhren\/221412-balmain-classic-r-30-mm-diamonds-4-b41123175\/","title":{"rendered":"Balmain Classic R Diamonds 30mm"},"content":{"rendered":"<p>Die Balmain Classic R ist eine raffinierte Damenuhr, die einen strahlenden Stil mit einem modernen Design verbindet, das von der Pariser Haute Couture inspiriert ist. Das tiefgr\u00fcne Zifferblatt ist mit 8 Top Wesselton VS-SI Diamanten von insgesamt 0,030 Karat und klassischen r\u00f6mischen Ziffern besetzt und verleiht der Uhr einen femininen und anmutigen Touch. Das 30 mm Geh\u00e4use aus zweifarbigem Edelstahl und Gelbgold PVD mit einem eleganten Profil von 6,50 mm bietet Raffinesse f\u00fcr den Alltag. Dieser in der Schweiz hergestellte Zeitmesser ist mit einem Saphirglas ausgestattet.   <\/p>\n","protected":false},"excerpt":{"rendered":"<p>Die Balmain Classic R ist eine raffinierte Damenuhr, die einen strahlenden Stil mit einem modernen Design verbindet, das von der Pariser Haute Couture inspiriert ist. Das tiefgr\u00fcne Zifferblatt ist mit 8 Top Wesselton VS-SI Diamanten von insgesamt 0,030 Karat und klassischen r\u00f6mischen Ziffern besetzt und verleiht der Uhr einen femininen und anmutigen Touch. Das 30 &#8230; <a title=\"Balmain Classic R Diamonds 30mm\" class=\"read-more\" href=\"https:\/\/lediamant.ch\/de\/uhren\/221412-balmain-classic-r-30-mm-diamonds-4-b41123175\/\" aria-label=\"Mehr Informationen \u00fcber Balmain Classic R Diamonds 30mm\">Weiterlesen &#8230;<\/a><\/p>\n","protected":false},"featured_media":225022,"template":"","meta":{"_acf_changed":false,"_seopress_robots_primary_cat":"27172","_seopress_titles_title":"","_seopress_titles_desc":"Zeitlose Eleganz mit der Balmain Classic R, einer Damenuhr, die von der Pariser Haute Couture inspiriert ist und von leuchtenden Diamanten eingerahmt wird.","_seopress_robots_index":""},"brand":[27083],"product_brand":[],"product_cat":[27173,27433,27123],"product_tag":[],"class_list":{"0":"post-221412","1":"product","2":"type-product","3":"status-publish","4":"has-post-thumbnail","6":"brand-balmain-de","7":"product_cat-balmain-de","8":"product_cat-classic-r-de","9":"product_cat-uhren","10":"pa_couleurducadran-grun","11":"pa_etancheite-50m-de","12":"pa_forme-runden","13":"pa_genre-frau","14":"pa_matiere-zweifarbigstahlgelbgoldpvd","15":"pa_matierebraceletmontre-edelstahl","16":"pa_mouvement-quarzbatterie-de","17":"pa_swissmade-ja-de","18":"pa_verre-saphir-de","19":"sales-flash-overlay","20":"woocommerce-text-align-center","21":"woocommerce-image-align-center","22":"do-quantity-buttons","24":"first","25":"instock","26":"taxable","27":"shipping-taxable","28":"purchasable","29":"product-type-simple"},"acf":[],"_links":{"self":[{"href":"https:\/\/lediamant.ch\/de\/wp-json\/wp\/v2\/product\/221412","targetHints":{"allow":["GET"]}}],"collection":[{"href":"https:\/\/lediamant.ch\/de\/wp-json\/wp\/v2\/product"}],"about":[{"href":"https:\/\/lediamant.ch\/de\/wp-json\/wp\/v2\/types\/product"}],"wp:featuredmedia":[{"embeddable":true,"href":"https:\/\/lediamant.ch\/de\/wp-json\/wp\/v2\/media\/225022"}],"wp:attachment":[{"href":"https:\/\/lediamant.ch\/de\/wp-json\/wp\/v2\/media?parent=221412"}],"wp:term":[{"taxonomy":"brand","embeddable":true,"href":"https:\/\/lediamant.ch\/de\/wp-json\/wp\/v2\/brand?post=221412"},{"taxonomy":"product_brand","embeddable":true,"href":"https:\/\/lediamant.ch\/de\/wp-json\/wp\/v2\/product_brand?post=221412"},{"taxonomy":"product_cat","embeddable":true,"href":"https:\/\/lediamant.ch\/de\/wp-json\/wp\/v2\/product_cat?post=221412"},{"taxonomy":"product_tag","embeddable":true,"href":"https:\/\/lediamant.ch\/de\/wp-json\/wp\/v2\/product_tag?post=221412"}],"curies":[{"name":"wp","href":"https:\/\/api.w.org\/{rel}","templated":true}]}}