{"id":221413,"date":"2025-09-29T12:09:40","date_gmt":"2025-09-29T10:09:40","guid":{"rendered":"https:\/\/lediamant.ch\/produit\/unkategorisiert\/balmainia-32-mm-diamonds-2\/"},"modified":"2025-09-29T12:09:40","modified_gmt":"2025-09-29T10:09:40","slug":"balmainia-32-mm-diamonds-2","status":"publish","type":"product","link":"https:\/\/lediamant.ch\/de\/produit\/montres\/balmain\/balmainia-32-mm-diamonds-2\/","title":{"rendered":"Balmainia | 32 mm | diamonds"},"content":{"rendered":"<p>Die Balmain Balmainia ist eine anmutige Damenuhr, die k\u00fchne Eleganz mit einem modernen Design verbindet, das von der Pariser Haute Couture inspiriert wurde. Das Zifferblatt aus wei\u00dfem Perlmutt mit kleinem Z\u00e4hler ist mit 12 Top Wesselton VS-SI Diamanten von insgesamt 0,043 Karat besetzt und verf\u00fcgt \u00fcber Diamantziffern. Das 32 mm Geh\u00e4use aus zweifarbigem Edelstahl und Gelbgold PVD mit einem raffinierten Profil von 8,45 mm und das passende Armband bieten einen eleganten Stil f\u00fcr den Alltag. Dieser Zeitmesser aus Schweizer Produktion ist mit einem Saphirglas ausgestattet.   <\/p>\n","protected":false},"excerpt":{"rendered":"<p>Die Balmain Balmainia ist eine anmutige Damenuhr, die k\u00fchne Eleganz mit einem modernen Design verbindet, das von der Pariser Haute Couture inspiriert wurde. Das Zifferblatt aus wei\u00dfem Perlmutt mit kleinem Z\u00e4hler ist mit 12 Top Wesselton VS-SI Diamanten von insgesamt 0,043 Karat besetzt und verf\u00fcgt \u00fcber Diamantziffern. Das 32 mm Geh\u00e4use aus zweifarbigem Edelstahl und &#8230; <a title=\"Balmainia | 32 mm | diamonds\" class=\"read-more\" href=\"https:\/\/lediamant.ch\/de\/produit\/montres\/balmain\/balmainia-32-mm-diamonds-2\/\" aria-label=\"Mehr Informationen \u00fcber Balmainia | 32 mm | diamonds\">Weiterlesen &#8230;<\/a><\/p>\n","protected":false},"featured_media":225031,"template":"","meta":{"_acf_changed":false,"_seopress_robots_primary_cat":"27172","_seopress_titles_title":"","_seopress_titles_desc":"Entdecken Sie die Balmain Balmainia Uhr: k\u00fchne Eleganz, Haute Couture Design, ein mit Diamanten verziertes Zifferblatt und ein schickes Armband aus Stahl und PVD Gold.","_seopress_robots_index":""},"brand":[27083],"product_brand":[],"product_cat":[27173,27431,27123],"product_tag":[],"class_list":{"0":"post-221413","1":"product","2":"type-product","3":"status-publish","4":"has-post-thumbnail","6":"brand-balmain-de","7":"product_cat-balmain-de","8":"product_cat-balmainia-de","9":"product_cat-uhren","10":"pa_couleurducadran-perlmutt","11":"pa_etancheite-30m-de","12":"pa_forme-runden","13":"pa_genre-frau","14":"pa_matiere-zweifarbigstahlgelbgoldpvd","15":"pa_matierebraceletmontre-edelstahl","16":"pa_mouvement-quarzbatterie-de","17":"pa_swissmade-ja-de","18":"pa_verre-saphir-de","19":"sales-flash-overlay","20":"woocommerce-text-align-center","21":"woocommerce-image-align-center","22":"do-quantity-buttons","24":"first","25":"instock","26":"taxable","27":"shipping-taxable","28":"purchasable","29":"product-type-simple"},"acf":[],"_links":{"self":[{"href":"https:\/\/lediamant.ch\/de\/wp-json\/wp\/v2\/product\/221413","targetHints":{"allow":["GET"]}}],"collection":[{"href":"https:\/\/lediamant.ch\/de\/wp-json\/wp\/v2\/product"}],"about":[{"href":"https:\/\/lediamant.ch\/de\/wp-json\/wp\/v2\/types\/product"}],"wp:featuredmedia":[{"embeddable":true,"href":"https:\/\/lediamant.ch\/de\/wp-json\/wp\/v2\/media\/225031"}],"wp:attachment":[{"href":"https:\/\/lediamant.ch\/de\/wp-json\/wp\/v2\/media?parent=221413"}],"wp:term":[{"taxonomy":"brand","embeddable":true,"href":"https:\/\/lediamant.ch\/de\/wp-json\/wp\/v2\/brand?post=221413"},{"taxonomy":"product_brand","embeddable":true,"href":"https:\/\/lediamant.ch\/de\/wp-json\/wp\/v2\/product_brand?post=221413"},{"taxonomy":"product_cat","embeddable":true,"href":"https:\/\/lediamant.ch\/de\/wp-json\/wp\/v2\/product_cat?post=221413"},{"taxonomy":"product_tag","embeddable":true,"href":"https:\/\/lediamant.ch\/de\/wp-json\/wp\/v2\/product_tag?post=221413"}],"curies":[{"name":"wp","href":"https:\/\/api.w.org\/{rel}","templated":true}]}}