{"id":221415,"date":"2023-05-29T12:42:40","date_gmt":"2023-05-29T10:42:40","guid":{"rendered":"https:\/\/lediamant.ch\/produit\/unkategorisiert\/balmain-classic-r-30-mm-4\/"},"modified":"2025-11-28T18:31:26","modified_gmt":"2025-11-28T17:31:26","slug":"balmain-classic-r-30-mm-4","status":"publish","type":"product","link":"https:\/\/lediamant.ch\/de\/uhren\/221415-balmain-classic-r-30mm-b41123112\/","title":{"rendered":"Balmain Classic R 30mm"},"content":{"rendered":"<p>Die Balmain Classic R ist eine anmutige Damenuhr, die strahlende Eleganz mit einem modernen Design verbindet, das von der Pariser Haute Couture inspiriert ist. Das wei\u00dfe Arabesken-Zifferblatt und die klassischen r\u00f6mischen Ziffern verleihen ihr einen selbstbewussten und raffinierten Touch, w\u00e4hrend das zweifarbige 30 mm Geh\u00e4use aus Edelstahl und Gelbgold PVD, das schlanke 6,50 mm Profil und das passende Armband f\u00fcr Raffinesse im Alltag sorgen. Dieser Zeitmesser aus Schweizer Produktion ist mit einem Saphirglas ausgestattet.<\/p>\n","protected":false},"excerpt":{"rendered":"<p>Die Balmain Classic R ist eine anmutige Damenuhr, die strahlende Eleganz mit einem modernen Design verbindet, das von der Pariser Haute Couture inspiriert ist. Das wei\u00dfe Arabesken-Zifferblatt und die klassischen r\u00f6mischen Ziffern verleihen ihr einen selbstbewussten und raffinierten Touch, w\u00e4hrend das zweifarbige 30 mm Geh\u00e4use aus Edelstahl und Gelbgold PVD, das schlanke 6,50 mm Profil &#8230; <a title=\"Balmain Classic R 30mm\" class=\"read-more\" href=\"https:\/\/lediamant.ch\/de\/uhren\/221415-balmain-classic-r-30mm-b41123112\/\" aria-label=\"Mehr Informationen \u00fcber Balmain Classic R 30mm\">Weiterlesen &#8230;<\/a><\/p>\n","protected":false},"featured_media":223592,"template":"","meta":{"_acf_changed":false,"_seopress_robots_primary_cat":"27173","_seopress_titles_title":"","_seopress_titles_desc":"Eleganz und Modernit\u00e4t treffen sich in der Balmain Classic R Uhr, die von der Pariser Haute Couture inspiriert ist. Eine t\u00e4gliche Raffinesse ist garantiert.","_seopress_robots_index":""},"brand":[27083],"product_brand":[],"product_cat":[27173,27433,27123],"product_tag":[],"class_list":{"0":"post-221415","1":"product","2":"type-product","3":"status-publish","4":"has-post-thumbnail","6":"brand-balmain-de","7":"product_cat-balmain-de","8":"product_cat-classic-r-de","9":"product_cat-uhren","10":"pa_couleurduboitier-zweifarbig-de","11":"pa_couleurdubracelet-bicolor","12":"pa_couleurducadran-weiss","13":"pa_etancheite-50m-de","14":"pa_forme-runden","15":"pa_genre-frau","16":"pa_matiere-zweifarbigstahlgelbgoldpvd","17":"pa_matierebraceletmontre-edelstahl","18":"pa_mouvement-quarzbatterie-de","19":"pa_swissmade-ja-de","20":"pa_verre-saphir-de","21":"sales-flash-overlay","22":"woocommerce-text-align-center","23":"woocommerce-image-align-center","24":"do-quantity-buttons","26":"first","27":"instock","28":"taxable","29":"shipping-taxable","30":"purchasable","31":"product-type-simple"},"acf":[],"_links":{"self":[{"href":"https:\/\/lediamant.ch\/de\/wp-json\/wp\/v2\/product\/221415","targetHints":{"allow":["GET"]}}],"collection":[{"href":"https:\/\/lediamant.ch\/de\/wp-json\/wp\/v2\/product"}],"about":[{"href":"https:\/\/lediamant.ch\/de\/wp-json\/wp\/v2\/types\/product"}],"wp:featuredmedia":[{"embeddable":true,"href":"https:\/\/lediamant.ch\/de\/wp-json\/wp\/v2\/media\/223592"}],"wp:attachment":[{"href":"https:\/\/lediamant.ch\/de\/wp-json\/wp\/v2\/media?parent=221415"}],"wp:term":[{"taxonomy":"brand","embeddable":true,"href":"https:\/\/lediamant.ch\/de\/wp-json\/wp\/v2\/brand?post=221415"},{"taxonomy":"product_brand","embeddable":true,"href":"https:\/\/lediamant.ch\/de\/wp-json\/wp\/v2\/product_brand?post=221415"},{"taxonomy":"product_cat","embeddable":true,"href":"https:\/\/lediamant.ch\/de\/wp-json\/wp\/v2\/product_cat?post=221415"},{"taxonomy":"product_tag","embeddable":true,"href":"https:\/\/lediamant.ch\/de\/wp-json\/wp\/v2\/product_tag?post=221415"}],"curies":[{"name":"wp","href":"https:\/\/api.w.org\/{rel}","templated":true}]}}