{"id":221418,"date":"2022-11-29T12:45:40","date_gmt":"2022-11-29T11:45:40","guid":{"rendered":"https:\/\/lediamant.ch\/produit\/unkategorisiert\/balmain-de-balmain-25-mm-diamonds\/"},"modified":"2025-11-28T18:21:36","modified_gmt":"2025-11-28T17:21:36","slug":"balmain-de-balmain-25-mm-diamonds","status":"publish","type":"product","link":"https:\/\/lediamant.ch\/de\/uhren\/221418-balmain-de-balmain-25-mm-diamonds-b49303385\/","title":{"rendered":"Balmain de Balmain 25mm"},"content":{"rendered":"<p>Die Balmain de Balmain ist eine raffinierte Damenuhr, die ein strahlendes Design mit dem Geist der Pariser Haute Couture verbindet. Ihr wei\u00dfes Perlmuttzifferblatt, das mit 4 Top Wesselton VS-SI Diamanten von insgesamt 0,015 Karat besetzt ist, verleiht ihr einen selbstbewussten Touch, w\u00e4hrend das 25 mm Gelbgold PVD Geh\u00e4use mit einem schlanken Profil von 5,50 mm und das Gelbgold PVD Armband Raffinesse f\u00fcr den Alltag bieten. Dieser in der Schweiz hergestellte Zeitmesser ist mit einem Saphirglas ausgestattet.<\/p>\n","protected":false},"excerpt":{"rendered":"<p>Die Balmain de Balmain ist eine raffinierte Damenuhr, die ein strahlendes Design mit dem Geist der Pariser Haute Couture verbindet. Ihr wei\u00dfes Perlmuttzifferblatt, das mit 4 Top Wesselton VS-SI Diamanten von insgesamt 0,015 Karat besetzt ist, verleiht ihr einen selbstbewussten Touch, w\u00e4hrend das 25 mm Gelbgold PVD Geh\u00e4use mit einem schlanken Profil von 5,50 mm &#8230; <a title=\"Balmain de Balmain 25mm\" class=\"read-more\" href=\"https:\/\/lediamant.ch\/de\/uhren\/221418-balmain-de-balmain-25-mm-diamonds-b49303385\/\" aria-label=\"Mehr Informationen \u00fcber Balmain de Balmain 25mm\">Weiterlesen &#8230;<\/a><\/p>\n","protected":false},"featured_media":223577,"template":"","meta":{"_acf_changed":false,"_seopress_robots_primary_cat":"27173","_seopress_titles_title":"","_seopress_titles_desc":"Entdecken Sie die Balmain Uhr, ein Symbol der Raffinesse mit einem Zifferblatt aus Perlmutt und Diamanten, das Luxus und Pariser Design vereint.","_seopress_robots_index":""},"brand":[27083],"product_brand":[],"product_cat":[27123,27173,27403],"product_tag":[],"class_list":{"0":"post-221418","1":"product","2":"type-product","3":"status-publish","4":"has-post-thumbnail","6":"brand-balmain-de","7":"product_cat-uhren","8":"product_cat-balmain-de","9":"product_cat-balmain-de-balmain-de","10":"pa_couleurduboitier-gelb-de","11":"pa_couleurdubracelet-gelb-de","12":"pa_couleurducadran-perlmutt","13":"pa_etancheite-50m-de","14":"pa_forme-runden","15":"pa_genre-frau","16":"pa_matiere-gelbgoldpvd","17":"pa_matierebraceletmontre-edelstahl","18":"pa_mouvement-quarzbatterie-de","19":"pa_swissmade-ja-de","20":"pa_verre-saphir-de","21":"sales-flash-overlay","22":"woocommerce-text-align-center","23":"woocommerce-image-align-center","24":"do-quantity-buttons","26":"first","27":"instock","28":"taxable","29":"shipping-taxable","30":"purchasable","31":"product-type-simple"},"acf":[],"_links":{"self":[{"href":"https:\/\/lediamant.ch\/de\/wp-json\/wp\/v2\/product\/221418","targetHints":{"allow":["GET"]}}],"collection":[{"href":"https:\/\/lediamant.ch\/de\/wp-json\/wp\/v2\/product"}],"about":[{"href":"https:\/\/lediamant.ch\/de\/wp-json\/wp\/v2\/types\/product"}],"wp:featuredmedia":[{"embeddable":true,"href":"https:\/\/lediamant.ch\/de\/wp-json\/wp\/v2\/media\/223577"}],"wp:attachment":[{"href":"https:\/\/lediamant.ch\/de\/wp-json\/wp\/v2\/media?parent=221418"}],"wp:term":[{"taxonomy":"brand","embeddable":true,"href":"https:\/\/lediamant.ch\/de\/wp-json\/wp\/v2\/brand?post=221418"},{"taxonomy":"product_brand","embeddable":true,"href":"https:\/\/lediamant.ch\/de\/wp-json\/wp\/v2\/product_brand?post=221418"},{"taxonomy":"product_cat","embeddable":true,"href":"https:\/\/lediamant.ch\/de\/wp-json\/wp\/v2\/product_cat?post=221418"},{"taxonomy":"product_tag","embeddable":true,"href":"https:\/\/lediamant.ch\/de\/wp-json\/wp\/v2\/product_tag?post=221418"}],"curies":[{"name":"wp","href":"https:\/\/api.w.org\/{rel}","templated":true}]}}