{"id":221419,"date":"2024-01-20T12:48:39","date_gmt":"2024-01-20T11:48:39","guid":{"rendered":"https:\/\/lediamant.ch\/produit\/unkategorisiert\/balmainia-32-mm-diamonds-3\/"},"modified":"2025-11-28T18:10:24","modified_gmt":"2025-11-28T17:10:24","slug":"balmainia-32-mm-diamonds-3","status":"publish","type":"product","link":"https:\/\/lediamant.ch\/de\/uhren\/221419-balmain-balmainia-32mm-diamonds-b45513385\/","title":{"rendered":"Balmain Balmainia Diamonds 32mm"},"content":{"rendered":"<p>Die Balmain Balmainia ist eine kunstvolle Damenuhr, die strahlende Eleganz mit einem modernen Design verbindet, das von der Pariser Haute Couture inspiriert wurde. Das Zifferblatt aus wei\u00dfem Perlmutt mit einem kleinen Z\u00e4hler ist mit 12 Top Wesselton VS-SI Diamanten von insgesamt 0,043 Karat besetzt und verf\u00fcgt \u00fcber Diamantziffern. Das 32 mm Edelstahlgeh\u00e4use, das elegante 8,45 mm Profil und das Edelstahlarmband bieten Raffinesse f\u00fcr den Alltag. Dieser in der Schweiz hergestellte Zeitmesser ist mit einem Saphirglas ausgestattet.<\/p>\n","protected":false},"excerpt":{"rendered":"<p>Die Balmain Balmainia ist eine kunstvolle Damenuhr, die strahlende Eleganz mit einem modernen Design verbindet, das von der Pariser Haute Couture inspiriert wurde. Das Zifferblatt aus wei\u00dfem Perlmutt mit einem kleinen Z\u00e4hler ist mit 12 Top Wesselton VS-SI Diamanten von insgesamt 0,043 Karat besetzt und verf\u00fcgt \u00fcber Diamantziffern. Das 32 mm Edelstahlgeh\u00e4use, das elegante 8,45 &#8230; <a title=\"Balmain Balmainia Diamonds 32mm\" class=\"read-more\" href=\"https:\/\/lediamant.ch\/de\/uhren\/221419-balmain-balmainia-32mm-diamonds-b45513385\/\" aria-label=\"Mehr Informationen \u00fcber Balmain Balmainia Diamonds 32mm\">Weiterlesen &#8230;<\/a><\/p>\n","protected":false},"featured_media":223562,"template":"","meta":{"_acf_changed":false,"_seopress_robots_primary_cat":"27173","_seopress_titles_title":"","_seopress_titles_desc":"Entdecken Sie die Eleganz der Balmain Balmainia, eine Uhr, die Luxus und modernes Design, inspiriert von der Haute Couture, miteinander verbindet. Perfekt f\u00fcr einen raffinierten Alltagsstil.","_seopress_robots_index":""},"brand":[27083],"product_brand":[],"product_cat":[27123,27173,27431],"product_tag":[],"class_list":{"0":"post-221419","1":"product","2":"type-product","3":"status-publish","4":"has-post-thumbnail","6":"brand-balmain-de","7":"product_cat-uhren","8":"product_cat-balmain-de","9":"product_cat-balmainia-de","10":"pa_couleurduboitier-grau-de","11":"pa_couleurdubracelet-grau-de","12":"pa_couleurducadran-perlmutt","13":"pa_detail-de-s-pierres-s-12-top-wesselton-vs-si-diamanten-insgesamt-0043-ct","14":"pa_etancheite-30m-de","15":"pa_forme-runden","16":"pa_genre-frau","17":"pa_matiere-stahl","18":"pa_matierebraceletmontre-edelstahl","19":"pa_mouvement-quarzbatterie-de","20":"pa_swissmade-ja-de","21":"pa_verre-saphir-de","22":"sales-flash-overlay","23":"woocommerce-text-align-center","24":"woocommerce-image-align-center","25":"do-quantity-buttons","27":"first","28":"instock","29":"taxable","30":"shipping-taxable","31":"purchasable","32":"product-type-simple"},"acf":[],"_links":{"self":[{"href":"https:\/\/lediamant.ch\/de\/wp-json\/wp\/v2\/product\/221419","targetHints":{"allow":["GET"]}}],"collection":[{"href":"https:\/\/lediamant.ch\/de\/wp-json\/wp\/v2\/product"}],"about":[{"href":"https:\/\/lediamant.ch\/de\/wp-json\/wp\/v2\/types\/product"}],"wp:featuredmedia":[{"embeddable":true,"href":"https:\/\/lediamant.ch\/de\/wp-json\/wp\/v2\/media\/223562"}],"wp:attachment":[{"href":"https:\/\/lediamant.ch\/de\/wp-json\/wp\/v2\/media?parent=221419"}],"wp:term":[{"taxonomy":"brand","embeddable":true,"href":"https:\/\/lediamant.ch\/de\/wp-json\/wp\/v2\/brand?post=221419"},{"taxonomy":"product_brand","embeddable":true,"href":"https:\/\/lediamant.ch\/de\/wp-json\/wp\/v2\/product_brand?post=221419"},{"taxonomy":"product_cat","embeddable":true,"href":"https:\/\/lediamant.ch\/de\/wp-json\/wp\/v2\/product_cat?post=221419"},{"taxonomy":"product_tag","embeddable":true,"href":"https:\/\/lediamant.ch\/de\/wp-json\/wp\/v2\/product_tag?post=221419"}],"curies":[{"name":"wp","href":"https:\/\/api.w.org\/{rel}","templated":true}]}}