{"id":221420,"date":"2025-09-29T12:33:40","date_gmt":"2025-09-29T10:33:40","guid":{"rendered":"https:\/\/lediamant.ch\/produit\/unkategorisiert\/balmain-de-balmain-31-mm-diamonds\/"},"modified":"2025-12-23T11:05:11","modified_gmt":"2025-12-23T10:05:11","slug":"balmain-de-balmain-31-mm-diamonds","status":"publish","type":"product","link":"https:\/\/lediamant.ch\/de\/uhren\/221420-balmain-de-balmain-31-mm-diamonds-b49103385\/","title":{"rendered":"Balmain von Balmain Diamonds 31mm"},"content":{"rendered":"<p>Die Balmain de Balmain ist eine elegante Damenuhr, die ein k\u00fchnes Design mit dem Geist der Pariser Haute Couture verbindet. Ihr wei\u00dfes Perlmutt-Zifferblatt mit Mondphasen, besetzt mit 8 Top Wesselton VS-SI Diamanten von insgesamt 0,030 Karat und klassischen r\u00f6mischen Ziffern, verleiht ihr eine ausdrucksstarke Note. Das 31 mm gro\u00dfe Geh\u00e4use aus Gelbgold mit PVD-Beschichtung, das schlanke Profil von 7,65 mm und das Armband aus Gelbgold mit PVD-Beschichtung verleihen der Uhr Eleganz f\u00fcr den Alltag. Dieser in der Schweiz hergestellte Zeitmesser ist mit einem Saphirglas ausgestattet.<\/p>\n","protected":false},"excerpt":{"rendered":"<p>Die Balmain de Balmain ist eine elegante Damenuhr, die ein k\u00fchnes Design mit dem Geist der Pariser Haute Couture verbindet. Ihr wei\u00dfes Perlmutt-Zifferblatt mit Mondphasen, besetzt mit 8 Top Wesselton VS-SI Diamanten von insgesamt 0,030 Karat und klassischen r\u00f6mischen Ziffern, verleiht ihr eine ausdrucksstarke Note. Das 31 mm gro\u00dfe Geh\u00e4use aus Gelbgold mit PVD-Beschichtung, das &#8230; <a title=\"Balmain von Balmain Diamonds 31mm\" class=\"read-more\" href=\"https:\/\/lediamant.ch\/de\/uhren\/221420-balmain-de-balmain-31-mm-diamonds-b49103385\/\" aria-label=\"Mehr Informationen \u00fcber Balmain von Balmain Diamonds 31mm\">Weiterlesen &#8230;<\/a><\/p>\n","protected":false},"featured_media":224467,"template":"","meta":{"_acf_changed":false,"_seopress_robots_primary_cat":"27173","_seopress_titles_title":"","_seopress_titles_desc":"Entdecken Sie die Eleganz des Alltags mit der Balmain-Uhr, der perfekten Verschmelzung von Luxus und Pariser Mode. Perfekt f\u00fcr Sie.","_seopress_robots_index":""},"brand":[27083],"product_brand":[],"product_cat":[27123,27173,27403],"product_tag":[],"class_list":{"0":"post-221420","1":"product","2":"type-product","3":"status-publish","4":"has-post-thumbnail","6":"brand-balmain-de","7":"product_cat-uhren","8":"product_cat-balmain-de","9":"product_cat-balmain-de-balmain-de","10":"pa_couleurduboitier-gelb-de","11":"pa_couleurdubracelet-gelb-de","12":"pa_couleurducadran-perlmutt","13":"pa_detail-de-s-pierres-s-8-diamanten-003-ct","14":"pa_etancheite-50m-de","15":"pa_forme-runden","16":"pa_genre-frau","17":"pa_matiere-gelbgoldpvd","18":"pa_matierebraceletmontre-edelstahl","19":"pa_mouvement-quarzbatterie-de","20":"pa_swissmade-ja-de","21":"pa_typedemontre-uhrenmitmondanzeige","22":"pa_verre-saphir-de","23":"sales-flash-overlay","24":"woocommerce-text-align-center","25":"woocommerce-image-align-center","26":"do-quantity-buttons","28":"first","29":"instock","30":"taxable","31":"shipping-taxable","32":"purchasable","33":"product-type-simple"},"acf":[],"_links":{"self":[{"href":"https:\/\/lediamant.ch\/de\/wp-json\/wp\/v2\/product\/221420","targetHints":{"allow":["GET"]}}],"collection":[{"href":"https:\/\/lediamant.ch\/de\/wp-json\/wp\/v2\/product"}],"about":[{"href":"https:\/\/lediamant.ch\/de\/wp-json\/wp\/v2\/types\/product"}],"wp:featuredmedia":[{"embeddable":true,"href":"https:\/\/lediamant.ch\/de\/wp-json\/wp\/v2\/media\/224467"}],"wp:attachment":[{"href":"https:\/\/lediamant.ch\/de\/wp-json\/wp\/v2\/media?parent=221420"}],"wp:term":[{"taxonomy":"brand","embeddable":true,"href":"https:\/\/lediamant.ch\/de\/wp-json\/wp\/v2\/brand?post=221420"},{"taxonomy":"product_brand","embeddable":true,"href":"https:\/\/lediamant.ch\/de\/wp-json\/wp\/v2\/product_brand?post=221420"},{"taxonomy":"product_cat","embeddable":true,"href":"https:\/\/lediamant.ch\/de\/wp-json\/wp\/v2\/product_cat?post=221420"},{"taxonomy":"product_tag","embeddable":true,"href":"https:\/\/lediamant.ch\/de\/wp-json\/wp\/v2\/product_tag?post=221420"}],"curies":[{"name":"wp","href":"https:\/\/api.w.org\/{rel}","templated":true}]}}