{"id":221421,"date":"2022-07-29T12:51:40","date_gmt":"2022-07-29T10:51:40","guid":{"rendered":"https:\/\/lediamant.ch\/produit\/unkategorisiert\/balmain-beleganza-27-50-mm-diamonds-3\/"},"modified":"2025-11-28T17:54:12","modified_gmt":"2025-11-28T16:54:12","slug":"balmain-beleganza-27-50-mm-diamonds-3","status":"publish","type":"product","link":"https:\/\/lediamant.ch\/de\/uhren\/221421-balmain-beleganza-27-mm-diamonds-b83483346\/","title":{"rendered":"Balmain Beleganza Diamonds 27mm"},"content":{"rendered":"<p>Die Balmain Beleganza ist eine anspruchsvolle Damenuhr, die k\u00fchne Eleganz mit einem modernen Design verbindet, das von der Pariser Haute Couture inspiriert wurde. Das Zifferblatt aus rosa Perlmutt ist mit 11 Top Wesselton VS-SI Diamanten von insgesamt 0,041 Karat besetzt und verf\u00fcgt \u00fcber Diamantindizes, die ihm einen ausdrucksstarken Touch verleihen. Das 27,50 mm gro\u00dfe, zweifarbige Geh\u00e4use aus Edelstahl und PVD-Rotgold mit einem robusten 6,40 mm Profil und das passende zweifarbige Armband sorgen f\u00fcr Eleganz im Alltag. Dieser in der Schweiz hergestellte Zeitmesser ist mit einem Saphirglas ausgestattet.<\/p>\n","protected":false},"excerpt":{"rendered":"<p>Die Balmain Beleganza ist eine anspruchsvolle Damenuhr, die k\u00fchne Eleganz mit einem modernen Design verbindet, das von der Pariser Haute Couture inspiriert wurde. Das Zifferblatt aus rosa Perlmutt ist mit 11 Top Wesselton VS-SI Diamanten von insgesamt 0,041 Karat besetzt und verf\u00fcgt \u00fcber Diamantindizes, die ihm einen ausdrucksstarken Touch verleihen. Das 27,50 mm gro\u00dfe, zweifarbige &#8230; <a title=\"Balmain Beleganza Diamonds 27mm\" class=\"read-more\" href=\"https:\/\/lediamant.ch\/de\/uhren\/221421-balmain-beleganza-27-mm-diamonds-b83483346\/\" aria-label=\"Mehr Informationen \u00fcber Balmain Beleganza Diamonds 27mm\">Weiterlesen &#8230;<\/a><\/p>\n","protected":false},"featured_media":223549,"template":"","meta":{"_acf_changed":false,"_seopress_robots_primary_cat":"27173","_seopress_titles_title":"","_seopress_titles_desc":"Die Balmain Beleganza: eine Uhr, die Pariser Haute Couture und Modernit\u00e4t verbindet, mit einem Zifferblatt aus rosa Perlmutt und Diamanten. Perfekte t\u00e4gliche Eleganz.","_seopress_robots_index":""},"brand":[27083],"product_brand":[],"product_cat":[27173,27399,27123],"product_tag":[],"class_list":{"0":"post-221421","1":"product","2":"type-product","3":"status-publish","4":"has-post-thumbnail","6":"brand-balmain-de","7":"product_cat-balmain-de","8":"product_cat-beleganza-de","9":"product_cat-uhren","10":"pa_couleurduboitier-zweifarbig-de","11":"pa_couleurdubracelet-bicolor","12":"pa_couleurducadran-perlmutt","13":"pa_detail-de-s-pierres-s-11-top-wesselton-vs-si-diamanten-insgesamt-0041-ct","14":"pa_etancheite-50m-de","15":"pa_forme-runden","16":"pa_genre-frau","17":"pa_matiere-zweifarbigstahlrosegoldpvd","18":"pa_matierebraceletmontre-edelstahl","19":"pa_mouvement-quarzbatterie-de","20":"pa_swissmade-ja-de","21":"pa_verre-saphir-de","22":"sales-flash-overlay","23":"woocommerce-text-align-center","24":"woocommerce-image-align-center","25":"do-quantity-buttons","27":"first","28":"instock","29":"taxable","30":"shipping-taxable","31":"purchasable","32":"product-type-simple"},"acf":[],"_links":{"self":[{"href":"https:\/\/lediamant.ch\/de\/wp-json\/wp\/v2\/product\/221421","targetHints":{"allow":["GET"]}}],"collection":[{"href":"https:\/\/lediamant.ch\/de\/wp-json\/wp\/v2\/product"}],"about":[{"href":"https:\/\/lediamant.ch\/de\/wp-json\/wp\/v2\/types\/product"}],"wp:featuredmedia":[{"embeddable":true,"href":"https:\/\/lediamant.ch\/de\/wp-json\/wp\/v2\/media\/223549"}],"wp:attachment":[{"href":"https:\/\/lediamant.ch\/de\/wp-json\/wp\/v2\/media?parent=221421"}],"wp:term":[{"taxonomy":"brand","embeddable":true,"href":"https:\/\/lediamant.ch\/de\/wp-json\/wp\/v2\/brand?post=221421"},{"taxonomy":"product_brand","embeddable":true,"href":"https:\/\/lediamant.ch\/de\/wp-json\/wp\/v2\/product_brand?post=221421"},{"taxonomy":"product_cat","embeddable":true,"href":"https:\/\/lediamant.ch\/de\/wp-json\/wp\/v2\/product_cat?post=221421"},{"taxonomy":"product_tag","embeddable":true,"href":"https:\/\/lediamant.ch\/de\/wp-json\/wp\/v2\/product_tag?post=221421"}],"curies":[{"name":"wp","href":"https:\/\/api.w.org\/{rel}","templated":true}]}}