{"id":221422,"date":"2025-03-29T12:36:40","date_gmt":"2025-03-29T11:36:40","guid":{"rendered":"https:\/\/lediamant.ch\/produit\/unkategorisiert\/balmain-beleganza-27-50-mm-diamonds-2\/"},"modified":"2025-12-23T09:58:56","modified_gmt":"2025-12-23T08:58:56","slug":"balmain-beleganza-27-50-mm-diamonds-2","status":"publish","type":"product","link":"https:\/\/lediamant.ch\/de\/uhren\/221422-balmain-beleganza-27-mm-diamonds-b83423976\/","title":{"rendered":"Balmain Beleganza Diamonds 27mm"},"content":{"rendered":"<p>Die Balmain Beleganza ist eine anspruchsvolle Damenuhr, die strahlende Eleganz mit einem modernen Design verbindet, das von der Pariser Haute Couture inspiriert ist. Das Zifferblatt aus gr\u00fcnem Perlmutt ist mit 11 Top Wesselton VS-SI Diamanten von insgesamt 0,041 Karat besetzt und verf\u00fcgt \u00fcber Diamantindizes, die ihm eine ausdrucksstarke Note verleihen. Das 27,50 mm gro\u00dfe, zweifarbige Geh\u00e4use aus Edelstahl und Gelbgold PVD mit einem eleganten 6,40 mm Profil und das passende zweifarbige Armband sorgen f\u00fcr Raffinesse im Alltag. Dieser in der Schweiz hergestellte Zeitmesser ist mit einem Saphirglas ausgestattet.<\/p>\n","protected":false},"excerpt":{"rendered":"<p>Die Balmain Beleganza ist eine anspruchsvolle Damenuhr, die strahlende Eleganz mit einem modernen Design verbindet, das von der Pariser Haute Couture inspiriert ist. Das Zifferblatt aus gr\u00fcnem Perlmutt ist mit 11 Top Wesselton VS-SI Diamanten von insgesamt 0,041 Karat besetzt und verf\u00fcgt \u00fcber Diamantindizes, die ihm eine ausdrucksstarke Note verleihen. Das 27,50 mm gro\u00dfe, zweifarbige &#8230; <a title=\"Balmain Beleganza Diamonds 27mm\" class=\"read-more\" href=\"https:\/\/lediamant.ch\/de\/uhren\/221422-balmain-beleganza-27-mm-diamonds-b83423976\/\" aria-label=\"Mehr Informationen \u00fcber Balmain Beleganza Diamonds 27mm\">Weiterlesen &#8230;<\/a><\/p>\n","protected":false},"featured_media":224453,"template":"","meta":{"_acf_changed":false,"_seopress_robots_primary_cat":"27173","_seopress_titles_title":"","_seopress_titles_desc":"Eleganz und Modernit\u00e4t definieren die Balmain Beleganza Uhr mit einem Zifferblatt aus Perlmutt und Diamanten, die von der Pariser Haute Couture inspiriert ist.","_seopress_robots_index":""},"brand":[27083],"product_brand":[],"product_cat":[27173,27399,27123],"product_tag":[],"class_list":{"0":"post-221422","1":"product","2":"type-product","3":"status-publish","4":"has-post-thumbnail","6":"brand-balmain-de","7":"product_cat-balmain-de","8":"product_cat-beleganza-de","9":"product_cat-uhren","10":"pa_couleurduboitier-zweifarbig-de","11":"pa_couleurdubracelet-bicolor","12":"pa_couleurducadran-perlmutt","13":"pa_detail-de-s-pierres-s-11-diamanten-0-041ct","14":"pa_etancheite-50m-de","15":"pa_forme-runden","16":"pa_genre-frau","17":"pa_matiere-zweifarbigstahlgelbgoldpvd","18":"pa_matierebraceletmontre-edelstahl","19":"pa_mouvement-quarzbatterie-de","20":"pa_swissmade-ja-de","21":"pa_verre-saphir-de","22":"sales-flash-overlay","23":"woocommerce-text-align-center","24":"woocommerce-image-align-center","25":"do-quantity-buttons","27":"first","28":"instock","29":"taxable","30":"shipping-taxable","31":"purchasable","32":"product-type-simple"},"acf":[],"_links":{"self":[{"href":"https:\/\/lediamant.ch\/de\/wp-json\/wp\/v2\/product\/221422","targetHints":{"allow":["GET"]}}],"collection":[{"href":"https:\/\/lediamant.ch\/de\/wp-json\/wp\/v2\/product"}],"about":[{"href":"https:\/\/lediamant.ch\/de\/wp-json\/wp\/v2\/types\/product"}],"wp:featuredmedia":[{"embeddable":true,"href":"https:\/\/lediamant.ch\/de\/wp-json\/wp\/v2\/media\/224453"}],"wp:attachment":[{"href":"https:\/\/lediamant.ch\/de\/wp-json\/wp\/v2\/media?parent=221422"}],"wp:term":[{"taxonomy":"brand","embeddable":true,"href":"https:\/\/lediamant.ch\/de\/wp-json\/wp\/v2\/brand?post=221422"},{"taxonomy":"product_brand","embeddable":true,"href":"https:\/\/lediamant.ch\/de\/wp-json\/wp\/v2\/product_brand?post=221422"},{"taxonomy":"product_cat","embeddable":true,"href":"https:\/\/lediamant.ch\/de\/wp-json\/wp\/v2\/product_cat?post=221422"},{"taxonomy":"product_tag","embeddable":true,"href":"https:\/\/lediamant.ch\/de\/wp-json\/wp\/v2\/product_tag?post=221422"}],"curies":[{"name":"wp","href":"https:\/\/api.w.org\/{rel}","templated":true}]}}