{"id":221423,"date":"2023-09-29T12:54:40","date_gmt":"2023-09-29T10:54:40","guid":{"rendered":"https:\/\/lediamant.ch\/produit\/unkategorisiert\/balmainia-bijou-36-mm-3\/"},"modified":"2025-11-28T17:43:08","modified_gmt":"2025-11-28T16:43:08","slug":"balmainia-bijou-36-mm-3","status":"publish","type":"product","link":"https:\/\/lediamant.ch\/de\/uhren\/221423-balmainia-bijou-36-mm-b62523926\/","title":{"rendered":"Balmain Balmainia Bijou Chrono 36mm"},"content":{"rendered":"<p>Die Balmain Balmainia Bijou ist eine anspruchsvolle Damenuhr, die zarte Eleganz mit einem modernen Design verbindet, das von der Pariser Haute Couture inspiriert ist. Das wei\u00dfe Zifferblatt mit drei kleinen Z\u00e4hlern und die Gravur &#8222;Balmain&#8220; auf der L\u00fcnette sind mit Pyramidenziffern versehen. Das 36 mm Geh\u00e4use aus zweifarbigem Edelstahl und PVD Gelbgold mit einem eleganten Profil von 10,25 mm und das passende Armband bieten einen zeitlosen Stil f\u00fcr den Alltag. Dieser in der Schweiz hergestellte Zeitmesser ist mit einem Saphirglas ausgestattet.<\/p>\n","protected":false},"excerpt":{"rendered":"<p>Die Balmain Balmainia Bijou ist eine anspruchsvolle Damenuhr, die zarte Eleganz mit einem modernen Design verbindet, das von der Pariser Haute Couture inspiriert ist. Das wei\u00dfe Zifferblatt mit drei kleinen Z\u00e4hlern und die Gravur &#8222;Balmain&#8220; auf der L\u00fcnette sind mit Pyramidenziffern versehen. Das 36 mm Geh\u00e4use aus zweifarbigem Edelstahl und PVD Gelbgold mit einem eleganten &#8230; <a title=\"Balmain Balmainia Bijou Chrono 36mm\" class=\"read-more\" href=\"https:\/\/lediamant.ch\/de\/uhren\/221423-balmainia-bijou-36-mm-b62523926\/\" aria-label=\"Mehr Informationen \u00fcber Balmain Balmainia Bijou Chrono 36mm\">Weiterlesen &#8230;<\/a><\/p>\n","protected":false},"featured_media":223536,"template":"","meta":{"_acf_changed":false,"_seopress_robots_primary_cat":"27173","_seopress_titles_title":"","_seopress_titles_desc":"Eleganz und Modernit\u00e4t definieren die Balmain Balmainia Bijou Uhr, ein Meisterwerk der Pariser Haute Couture f\u00fcr Ihr Handgelenk.","_seopress_robots_index":""},"brand":[27083],"product_brand":[],"product_cat":[27173,27431,27123],"product_tag":[],"class_list":{"0":"post-221423","1":"product","2":"type-product","3":"status-publish","4":"has-post-thumbnail","6":"brand-balmain-de","7":"product_cat-balmain-de","8":"product_cat-balmainia-de","9":"product_cat-uhren","10":"pa_couleurduboitier-zweifarbig-de","11":"pa_couleurdubracelet-bicolor","12":"pa_couleurducadran-weiss","13":"pa_etancheite-50m-de","14":"pa_forme-runden","15":"pa_genre-frau","16":"pa_matiere-zweifarbigstahlgelbgoldpvd","17":"pa_matierebraceletmontre-edelstahl","18":"pa_mouvement-quarzbatterie-de","19":"pa_swissmade-ja-de","20":"pa_typedemontre-chronograph-de","21":"pa_verre-saphir-de","22":"sales-flash-overlay","23":"woocommerce-text-align-center","24":"woocommerce-image-align-center","25":"do-quantity-buttons","27":"first","28":"instock","29":"taxable","30":"shipping-taxable","31":"purchasable","32":"product-type-simple"},"acf":[],"_links":{"self":[{"href":"https:\/\/lediamant.ch\/de\/wp-json\/wp\/v2\/product\/221423","targetHints":{"allow":["GET"]}}],"collection":[{"href":"https:\/\/lediamant.ch\/de\/wp-json\/wp\/v2\/product"}],"about":[{"href":"https:\/\/lediamant.ch\/de\/wp-json\/wp\/v2\/types\/product"}],"wp:featuredmedia":[{"embeddable":true,"href":"https:\/\/lediamant.ch\/de\/wp-json\/wp\/v2\/media\/223536"}],"wp:attachment":[{"href":"https:\/\/lediamant.ch\/de\/wp-json\/wp\/v2\/media?parent=221423"}],"wp:term":[{"taxonomy":"brand","embeddable":true,"href":"https:\/\/lediamant.ch\/de\/wp-json\/wp\/v2\/brand?post=221423"},{"taxonomy":"product_brand","embeddable":true,"href":"https:\/\/lediamant.ch\/de\/wp-json\/wp\/v2\/product_brand?post=221423"},{"taxonomy":"product_cat","embeddable":true,"href":"https:\/\/lediamant.ch\/de\/wp-json\/wp\/v2\/product_cat?post=221423"},{"taxonomy":"product_tag","embeddable":true,"href":"https:\/\/lediamant.ch\/de\/wp-json\/wp\/v2\/product_tag?post=221423"}],"curies":[{"name":"wp","href":"https:\/\/api.w.org\/{rel}","templated":true}]}}