{"id":221424,"date":"2025-06-29T12:39:41","date_gmt":"2025-06-29T10:39:41","guid":{"rendered":"https:\/\/lediamant.ch\/produit\/unkategorisiert\/balmain-beleganza-32-mm-4\/"},"modified":"2025-12-23T09:33:19","modified_gmt":"2025-12-23T08:33:19","slug":"balmain-beleganza-32-mm-4","status":"publish","type":"product","link":"https:\/\/lediamant.ch\/de\/uhren\/221424-balmain-beleganza-32-mm-4-b83583318\/","title":{"rendered":"Balmain Beleganza 32mm"},"content":{"rendered":"<p>Die Balmain Beleganza ist eine raffinierte Damenuhr, die Feinheit mit modernem Design verbindet, das von der Pariser Haute Couture inspiriert wurde. Das wei\u00dfe Zifferblatt mit Arabesken und klassischen r\u00f6mischen Ziffern verleiht der Uhr eine vibrierende Note. Das zweifarbige 32 mm Geh\u00e4use aus Edelstahl und PVD Ros\u00e9gold mit einem robusten 6,27 mm Profil und einem passenden Armband bietet Raffinesse f\u00fcr den Alltag. Dieser in der Schweiz hergestellte Zeitmesser ist mit einem Saphirglas ausgestattet.<\/p>\n","protected":false},"excerpt":{"rendered":"<p>Die Balmain Beleganza ist eine raffinierte Damenuhr, die Feinheit mit modernem Design verbindet, das von der Pariser Haute Couture inspiriert wurde. Das wei\u00dfe Zifferblatt mit Arabesken und klassischen r\u00f6mischen Ziffern verleiht der Uhr eine vibrierende Note. Das zweifarbige 32 mm Geh\u00e4use aus Edelstahl und PVD Ros\u00e9gold mit einem robusten 6,27 mm Profil und einem passenden &#8230; <a title=\"Balmain Beleganza 32mm\" class=\"read-more\" href=\"https:\/\/lediamant.ch\/de\/uhren\/221424-balmain-beleganza-32-mm-4-b83583318\/\" aria-label=\"Mehr Informationen \u00fcber Balmain Beleganza 32mm\">Weiterlesen &#8230;<\/a><\/p>\n","protected":false},"featured_media":224440,"template":"","meta":{"_acf_changed":false,"_seopress_robots_primary_cat":"27173","_seopress_titles_title":"","_seopress_titles_desc":"Entdecken Sie die Balmain Beleganza, eine Luxusuhr, die Pariser Haute Couture, ein arabeskes Zifferblatt und zweifarbigen Chic vereint. Raffinierter Stil garantiert.","_seopress_robots_index":""},"brand":[27083],"product_brand":[],"product_cat":[27173,27399,27123],"product_tag":[],"class_list":{"0":"post-221424","1":"product","2":"type-product","3":"status-publish","4":"has-post-thumbnail","6":"brand-balmain-de","7":"product_cat-balmain-de","8":"product_cat-beleganza-de","9":"product_cat-uhren","10":"pa_couleurduboitier-zweifarbig-de","11":"pa_couleurdubracelet-bicolor","12":"pa_couleurducadran-silber","13":"pa_etancheite-30m-de","14":"pa_forme-runden","15":"pa_genre-frau","16":"pa_matiere-zweifarbigstahlrosegoldpvd","17":"pa_matierebraceletmontre-edelstahl","18":"pa_mouvement-quarzbatterie-de","19":"pa_swissmade-ja-de","20":"pa_verre-saphir-de","21":"sales-flash-overlay","22":"woocommerce-text-align-center","23":"woocommerce-image-align-center","24":"do-quantity-buttons","26":"first","27":"instock","28":"taxable","29":"shipping-taxable","30":"purchasable","31":"product-type-simple"},"acf":[],"_links":{"self":[{"href":"https:\/\/lediamant.ch\/de\/wp-json\/wp\/v2\/product\/221424","targetHints":{"allow":["GET"]}}],"collection":[{"href":"https:\/\/lediamant.ch\/de\/wp-json\/wp\/v2\/product"}],"about":[{"href":"https:\/\/lediamant.ch\/de\/wp-json\/wp\/v2\/types\/product"}],"wp:featuredmedia":[{"embeddable":true,"href":"https:\/\/lediamant.ch\/de\/wp-json\/wp\/v2\/media\/224440"}],"wp:attachment":[{"href":"https:\/\/lediamant.ch\/de\/wp-json\/wp\/v2\/media?parent=221424"}],"wp:term":[{"taxonomy":"brand","embeddable":true,"href":"https:\/\/lediamant.ch\/de\/wp-json\/wp\/v2\/brand?post=221424"},{"taxonomy":"product_brand","embeddable":true,"href":"https:\/\/lediamant.ch\/de\/wp-json\/wp\/v2\/product_brand?post=221424"},{"taxonomy":"product_cat","embeddable":true,"href":"https:\/\/lediamant.ch\/de\/wp-json\/wp\/v2\/product_cat?post=221424"},{"taxonomy":"product_tag","embeddable":true,"href":"https:\/\/lediamant.ch\/de\/wp-json\/wp\/v2\/product_tag?post=221424"}],"curies":[{"name":"wp","href":"https:\/\/api.w.org\/{rel}","templated":true}]}}