{"id":221425,"date":"2024-05-15T13:12:40","date_gmt":"2024-05-15T11:12:40","guid":{"rendered":"https:\/\/lediamant.ch\/produit\/unkategorisiert\/balmain-de-balmain-29-mm-15\/"},"modified":"2025-11-14T18:10:54","modified_gmt":"2025-11-14T17:10:54","slug":"balmain-de-balmain-29-mm-15","status":"publish","type":"product","link":"https:\/\/lediamant.ch\/de\/uhren\/221425-balmain-de-balmain-29mm-b39103385\/","title":{"rendered":"Balmain de Balmain 29mm"},"content":{"rendered":"<p>Die Balmain de Balmain ist eine elegante Damenuhr, die ein strahlendes Design mit dem Geist der Pariser Haute Couture verbindet. Das Zifferblatt aus wei\u00dfem Perlmutt, besetzt mit 4 Top Wesselton VS-SI Diamanten von insgesamt 0,015 Karat, verleiht der Uhr einen selbstbewussten Touch, w\u00e4hrend das 29 mm Gelbgold PVD Geh\u00e4use mit einer Feinheit von 6,00 mm und das Gelbgold PVD Armband f\u00fcr einen eleganten Stil im Alltag sorgen. Dieser in der Schweiz hergestellte Zeitmesser ist mit einem Saphirglas ausgestattet.<\/p>\n","protected":false},"excerpt":{"rendered":"<p>Die Balmain de Balmain ist eine elegante Damenuhr, die ein strahlendes Design mit dem Geist der Pariser Haute Couture verbindet. Das Zifferblatt aus wei\u00dfem Perlmutt, besetzt mit 4 Top Wesselton VS-SI Diamanten von insgesamt 0,015 Karat, verleiht der Uhr einen selbstbewussten Touch, w\u00e4hrend das 29 mm Gelbgold PVD Geh\u00e4use mit einer Feinheit von 6,00 mm &#8230; <a title=\"Balmain de Balmain 29mm\" class=\"read-more\" href=\"https:\/\/lediamant.ch\/de\/uhren\/221425-balmain-de-balmain-29mm-b39103385\/\" aria-label=\"Mehr Informationen \u00fcber Balmain de Balmain 29mm\">Weiterlesen &#8230;<\/a><\/p>\n","protected":false},"featured_media":223263,"template":"","meta":{"_acf_changed":false,"_seopress_robots_primary_cat":"27173","_seopress_titles_title":"","_seopress_titles_desc":"Entdecken Sie die Balmain Uhr von Balmain: t\u00e4gliche Eleganz mit Perlmutt und Diamanten auf dem Zifferblatt, Gelbgold PVD. Ein Muss der Haute Couture!","_seopress_robots_index":""},"brand":[27083],"product_brand":[],"product_cat":[27173,27403,27123],"product_tag":[],"class_list":{"0":"post-221425","1":"product","2":"type-product","3":"status-publish","4":"has-post-thumbnail","6":"brand-balmain-de","7":"product_cat-balmain-de","8":"product_cat-balmain-de-balmain-de","9":"product_cat-uhren","10":"pa_couleurduboitier-gelb-de","11":"pa_couleurdubracelet-gelb-de","12":"pa_couleurducadran-perlmutt","13":"pa_detail-de-s-pierres-s-4-diamanten-0015-ct","14":"pa_etancheite-50m-de","15":"pa_forme-runden","16":"pa_genre-frau","17":"pa_matiere-gelbgoldpvd","18":"pa_matierebraceletmontre-edelstahl","19":"pa_mouvement-quarzbatterie-de","20":"pa_swissmade-ja-de","21":"pa_verre-saphir-de","22":"sales-flash-overlay","23":"woocommerce-text-align-center","24":"woocommerce-image-align-center","25":"do-quantity-buttons","27":"first","28":"instock","29":"taxable","30":"shipping-taxable","31":"purchasable","32":"product-type-simple"},"acf":[],"_links":{"self":[{"href":"https:\/\/lediamant.ch\/de\/wp-json\/wp\/v2\/product\/221425","targetHints":{"allow":["GET"]}}],"collection":[{"href":"https:\/\/lediamant.ch\/de\/wp-json\/wp\/v2\/product"}],"about":[{"href":"https:\/\/lediamant.ch\/de\/wp-json\/wp\/v2\/types\/product"}],"wp:featuredmedia":[{"embeddable":true,"href":"https:\/\/lediamant.ch\/de\/wp-json\/wp\/v2\/media\/223263"}],"wp:attachment":[{"href":"https:\/\/lediamant.ch\/de\/wp-json\/wp\/v2\/media?parent=221425"}],"wp:term":[{"taxonomy":"brand","embeddable":true,"href":"https:\/\/lediamant.ch\/de\/wp-json\/wp\/v2\/brand?post=221425"},{"taxonomy":"product_brand","embeddable":true,"href":"https:\/\/lediamant.ch\/de\/wp-json\/wp\/v2\/product_brand?post=221425"},{"taxonomy":"product_cat","embeddable":true,"href":"https:\/\/lediamant.ch\/de\/wp-json\/wp\/v2\/product_cat?post=221425"},{"taxonomy":"product_tag","embeddable":true,"href":"https:\/\/lediamant.ch\/de\/wp-json\/wp\/v2\/product_tag?post=221425"}],"curies":[{"name":"wp","href":"https:\/\/api.w.org\/{rel}","templated":true}]}}