{"id":221429,"date":"2024-05-18T13:03:42","date_gmt":"2024-05-18T11:03:42","guid":{"rendered":"https:\/\/lediamant.ch\/produit\/unkategorisiert\/balmain-classic-r-34-mm-diamonds\/"},"modified":"2025-11-28T17:00:10","modified_gmt":"2025-11-28T16:00:10","slug":"balmain-classic-r-34-mm-diamonds","status":"publish","type":"product","link":"https:\/\/lediamant.ch\/de\/uhren\/221429-balmain-classic-r-34-mm-diamonds-b43183182\/","title":{"rendered":"Balmain Classic R Diamonds 34mm"},"content":{"rendered":"<p>Die Balmain Classic R ist eine anmutige Damenuhr, die k\u00fchne Eleganz mit einem modernen Design verbindet, das von der Pariser Haute Couture inspiriert ist. Das Zifferblatt aus wei\u00dfem Perlmutt, besetzt mit 8 Top Wesselton VS-SI Diamanten von insgesamt 0,030 Karat, und die klassischen r\u00f6mischen Ziffern verleihen der Uhr eine vibrierende und raffinierte Note. Das 34 mm gro\u00dfe, zweifarbige Geh\u00e4use aus Edelstahl und PVD-Rotgold mit einem eleganten 6,80 mm Profil und einem passenden Armband bietet einen eleganten Stil f\u00fcr den Alltag. Dieser in der Schweiz hergestellte Zeitmesser ist mit einem Saphirglas ausgestattet.<\/p>\n","protected":false},"excerpt":{"rendered":"<p>Die Balmain Classic R ist eine anmutige Damenuhr, die k\u00fchne Eleganz mit einem modernen Design verbindet, das von der Pariser Haute Couture inspiriert ist. Das Zifferblatt aus wei\u00dfem Perlmutt, besetzt mit 8 Top Wesselton VS-SI Diamanten von insgesamt 0,030 Karat, und die klassischen r\u00f6mischen Ziffern verleihen der Uhr eine vibrierende und raffinierte Note. Das 34 &#8230; <a title=\"Balmain Classic R Diamonds 34mm\" class=\"read-more\" href=\"https:\/\/lediamant.ch\/de\/uhren\/221429-balmain-classic-r-34-mm-diamonds-b43183182\/\" aria-label=\"Mehr Informationen \u00fcber Balmain Classic R Diamonds 34mm\">Weiterlesen &#8230;<\/a><\/p>\n","protected":false},"featured_media":223498,"template":"","meta":{"_acf_changed":false,"_seopress_robots_primary_cat":"27173","_seopress_titles_title":"","_seopress_titles_desc":"Eleganz und Modernit\u00e4t treffen sich in der Balmain Classic R Uhr mit einem Zifferblatt aus Perlmutt und Diamanten, perfekt f\u00fcr einen schicken Alltagsstil.","_seopress_robots_index":""},"brand":[27083],"product_brand":[],"product_cat":[27173,27433,27123],"product_tag":[],"class_list":{"0":"post-221429","1":"product","2":"type-product","3":"status-publish","4":"has-post-thumbnail","6":"brand-balmain-de","7":"product_cat-balmain-de","8":"product_cat-classic-r-de","9":"product_cat-uhren","10":"pa_couleurducadran-perlmutt","11":"pa_detail-de-s-pierres-s-8-diamanten-003-ct-vs-si-top-wesselton","12":"pa_etancheite-50m-de","13":"pa_forme-runden","14":"pa_genre-frau","15":"pa_matiere-zweifarbigstahlrosegoldpvd","16":"pa_matierebraceletmontre-edelstahl","17":"pa_mouvement-quarzbatterie-de","18":"pa_swissmade-ja-de","19":"pa_verre-saphir-de","20":"sales-flash-overlay","21":"woocommerce-text-align-center","22":"woocommerce-image-align-center","23":"do-quantity-buttons","25":"first","26":"instock","27":"taxable","28":"shipping-taxable","29":"purchasable","30":"product-type-simple"},"acf":[],"_links":{"self":[{"href":"https:\/\/lediamant.ch\/de\/wp-json\/wp\/v2\/product\/221429","targetHints":{"allow":["GET"]}}],"collection":[{"href":"https:\/\/lediamant.ch\/de\/wp-json\/wp\/v2\/product"}],"about":[{"href":"https:\/\/lediamant.ch\/de\/wp-json\/wp\/v2\/types\/product"}],"wp:featuredmedia":[{"embeddable":true,"href":"https:\/\/lediamant.ch\/de\/wp-json\/wp\/v2\/media\/223498"}],"wp:attachment":[{"href":"https:\/\/lediamant.ch\/de\/wp-json\/wp\/v2\/media?parent=221429"}],"wp:term":[{"taxonomy":"brand","embeddable":true,"href":"https:\/\/lediamant.ch\/de\/wp-json\/wp\/v2\/brand?post=221429"},{"taxonomy":"product_brand","embeddable":true,"href":"https:\/\/lediamant.ch\/de\/wp-json\/wp\/v2\/product_brand?post=221429"},{"taxonomy":"product_cat","embeddable":true,"href":"https:\/\/lediamant.ch\/de\/wp-json\/wp\/v2\/product_cat?post=221429"},{"taxonomy":"product_tag","embeddable":true,"href":"https:\/\/lediamant.ch\/de\/wp-json\/wp\/v2\/product_tag?post=221429"}],"curies":[{"name":"wp","href":"https:\/\/api.w.org\/{rel}","templated":true}]}}