{"id":221430,"date":"2024-06-29T15:25:00","date_gmt":"2024-06-29T13:25:00","guid":{"rendered":"https:\/\/lediamant.ch\/produit\/unkategorisiert\/balmain-haute-elegance-vintage-30-mm-2\/"},"modified":"2025-11-14T17:45:24","modified_gmt":"2025-11-14T16:45:24","slug":"balmain-haute-elegance-vintage-30-mm-2","status":"publish","type":"product","link":"https:\/\/lediamant.ch\/de\/uhren\/221430-balmain-haute-elegance-vintage-30mm-b81395212\/","title":{"rendered":"Balmain Haute Elegance Vintage 30mm"},"content":{"rendered":"<p>Die Balmain Haute \u00c9l\u00e9gance Vintage ist eine anspruchsvolle Damenuhr, die zeitlose Eleganz mit einem modernen Design verbindet, das von der Pariser Haute Couture inspiriert wurde. Die wei\u00dfen Arabesken, die Gravur &#8222;Pierre Balmain&#8220; auf der schokoladenbraunen L\u00fcnette und die klassischen r\u00f6mischen Ziffern verleihen der Uhr einen ausdrucksstarken Touch. Das 30 mm PVD Gelbgoldgeh\u00e4use, das elegante 4,82 mm Profil und das braune Lederarmband bieten Eleganz f\u00fcr den Alltag. Dieser in der Schweiz hergestellte Zeitmesser ist mit einem Saphirglas ausgestattet.<\/p>\n","protected":false},"excerpt":{"rendered":"<p>Die Balmain Haute \u00c9l\u00e9gance Vintage ist eine anspruchsvolle Damenuhr, die zeitlose Eleganz mit einem modernen Design verbindet, das von der Pariser Haute Couture inspiriert wurde. Die wei\u00dfen Arabesken, die Gravur &#8222;Pierre Balmain&#8220; auf der schokoladenbraunen L\u00fcnette und die klassischen r\u00f6mischen Ziffern verleihen der Uhr einen ausdrucksstarken Touch. Das 30 mm PVD Gelbgoldgeh\u00e4use, das elegante 4,82 &#8230; <a title=\"Balmain Haute Elegance Vintage 30mm\" class=\"read-more\" href=\"https:\/\/lediamant.ch\/de\/uhren\/221430-balmain-haute-elegance-vintage-30mm-b81395212\/\" aria-label=\"Mehr Informationen \u00fcber Balmain Haute Elegance Vintage 30mm\">Weiterlesen &#8230;<\/a><\/p>\n","protected":false},"featured_media":223241,"template":"","meta":{"_acf_changed":false,"_seopress_robots_primary_cat":"27173","_seopress_titles_title":"","_seopress_titles_desc":"Entdecken Sie die Balmain Haute \u00c9l\u00e9gance Vintage Uhr: eine Fusion von Haute Couture Design und moderner Eleganz. Zeitlose Eleganz garantiert.","_seopress_robots_index":""},"brand":[27083],"product_brand":[],"product_cat":[27173,27467,27123],"product_tag":[],"class_list":{"0":"post-221430","1":"product","2":"type-product","3":"status-publish","4":"has-post-thumbnail","6":"brand-balmain-de","7":"product_cat-balmain-de","8":"product_cat-haute-elegance-de","9":"product_cat-uhren","10":"pa_couleurduboitier-gelb-de","11":"pa_couleurdubracelet-braun-de","12":"pa_couleurducadran-silber","13":"pa_etancheite-30m-de","14":"pa_forme-runden","15":"pa_genre-frau","16":"pa_matiere-gelbgoldpvd","17":"pa_matierebraceletmontre-leder","18":"pa_mouvement-quarzbatterie-de","19":"pa_swissmade-ja-de","20":"pa_verre-saphir-de","21":"sales-flash-overlay","22":"woocommerce-text-align-center","23":"woocommerce-image-align-center","24":"do-quantity-buttons","26":"first","27":"instock","28":"taxable","29":"shipping-taxable","30":"purchasable","31":"product-type-simple"},"acf":[],"_links":{"self":[{"href":"https:\/\/lediamant.ch\/de\/wp-json\/wp\/v2\/product\/221430","targetHints":{"allow":["GET"]}}],"collection":[{"href":"https:\/\/lediamant.ch\/de\/wp-json\/wp\/v2\/product"}],"about":[{"href":"https:\/\/lediamant.ch\/de\/wp-json\/wp\/v2\/types\/product"}],"wp:featuredmedia":[{"embeddable":true,"href":"https:\/\/lediamant.ch\/de\/wp-json\/wp\/v2\/media\/223241"}],"wp:attachment":[{"href":"https:\/\/lediamant.ch\/de\/wp-json\/wp\/v2\/media?parent=221430"}],"wp:term":[{"taxonomy":"brand","embeddable":true,"href":"https:\/\/lediamant.ch\/de\/wp-json\/wp\/v2\/brand?post=221430"},{"taxonomy":"product_brand","embeddable":true,"href":"https:\/\/lediamant.ch\/de\/wp-json\/wp\/v2\/product_brand?post=221430"},{"taxonomy":"product_cat","embeddable":true,"href":"https:\/\/lediamant.ch\/de\/wp-json\/wp\/v2\/product_cat?post=221430"},{"taxonomy":"product_tag","embeddable":true,"href":"https:\/\/lediamant.ch\/de\/wp-json\/wp\/v2\/product_tag?post=221430"}],"curies":[{"name":"wp","href":"https:\/\/api.w.org\/{rel}","templated":true}]}}