{"id":221431,"date":"2025-03-29T13:06:40","date_gmt":"2025-03-29T12:06:40","guid":{"rendered":"https:\/\/lediamant.ch\/produit\/unkategorisiert\/balmain-be-balmain-31-mm-diamonds-3\/"},"modified":"2025-11-22T15:52:03","modified_gmt":"2025-11-22T14:52:03","slug":"balmain-be-balmain-31-mm-diamonds-3","status":"publish","type":"product","link":"https:\/\/lediamant.ch\/de\/uhren\/221431-balmain-be-balmain-diamonds-31mm-b49983386\/","title":{"rendered":"Balmain Be Balmain Diamonds 31mm"},"content":{"rendered":"<p>Die Balmain Be Balmain ist eine raffinierte Damenuhr, die k\u00fchne Eleganz mit einem modernen Design verbindet, das von der Pariser Haute Couture inspiriert ist. Das Zifferblatt aus wei\u00dfem Perlmutt ist mit 12 Top Wesselton VS-SI Diamanten von insgesamt 0,043 Karat besetzt und verf\u00fcgt \u00fcber Diamantziffern. Das 31 mm Geh\u00e4use aus zweifarbigem Edelstahl und PVD Ros\u00e9gold mit einem robusten 7,65 mm Profil und einem passenden Armband bietet einen zeitlosen Stil f\u00fcr den Alltag. Dieser in der Schweiz hergestellte Zeitmesser ist mit einem Saphirglas ausgestattet.<\/p>\n","protected":false},"excerpt":{"rendered":"<p>Die Balmain Be Balmain ist eine raffinierte Damenuhr, die k\u00fchne Eleganz mit einem modernen Design verbindet, das von der Pariser Haute Couture inspiriert ist. Das Zifferblatt aus wei\u00dfem Perlmutt ist mit 12 Top Wesselton VS-SI Diamanten von insgesamt 0,043 Karat besetzt und verf\u00fcgt \u00fcber Diamantziffern. Das 31 mm Geh\u00e4use aus zweifarbigem Edelstahl und PVD Ros\u00e9gold &#8230; <a title=\"Balmain Be Balmain Diamonds 31mm\" class=\"read-more\" href=\"https:\/\/lediamant.ch\/de\/uhren\/221431-balmain-be-balmain-diamonds-31mm-b49983386\/\" aria-label=\"Mehr Informationen \u00fcber Balmain Be Balmain Diamonds 31mm\">Weiterlesen &#8230;<\/a><\/p>\n","protected":false},"featured_media":223411,"template":"","meta":{"_acf_changed":false,"_seopress_robots_primary_cat":"27173","_seopress_titles_title":"","_seopress_titles_desc":"Eleganz und Modernit\u00e4t mit der Uhr Balmain Be Balmain: Perlmuttzifferblatt, VS-SI Diamanten und Haute Couture Design. Ein t\u00e4glicher Luxus.","_seopress_robots_index":""},"brand":[27083],"product_brand":[],"product_cat":[27173,27405,27123],"product_tag":[],"class_list":{"0":"post-221431","1":"product","2":"type-product","3":"status-publish","4":"has-post-thumbnail","6":"brand-balmain-de","7":"product_cat-balmain-de","8":"product_cat-be-balmain-de","9":"product_cat-uhren","10":"pa_couleurducadran-perlmutt","11":"pa_etancheite-50m-de","12":"pa_forme-runden","13":"pa_genre-frau","14":"pa_matiere-zweifarbigstahlrosegoldpvd","15":"pa_matierebraceletmontre-edelstahl","16":"pa_mouvement-quarzbatterie-de","17":"pa_swissmade-ja-de","18":"pa_verre-saphir-de","19":"sales-flash-overlay","20":"woocommerce-text-align-center","21":"woocommerce-image-align-center","22":"do-quantity-buttons","24":"first","25":"instock","26":"taxable","27":"shipping-taxable","28":"purchasable","29":"product-type-simple"},"acf":[],"_links":{"self":[{"href":"https:\/\/lediamant.ch\/de\/wp-json\/wp\/v2\/product\/221431","targetHints":{"allow":["GET"]}}],"collection":[{"href":"https:\/\/lediamant.ch\/de\/wp-json\/wp\/v2\/product"}],"about":[{"href":"https:\/\/lediamant.ch\/de\/wp-json\/wp\/v2\/types\/product"}],"wp:featuredmedia":[{"embeddable":true,"href":"https:\/\/lediamant.ch\/de\/wp-json\/wp\/v2\/media\/223411"}],"wp:attachment":[{"href":"https:\/\/lediamant.ch\/de\/wp-json\/wp\/v2\/media?parent=221431"}],"wp:term":[{"taxonomy":"brand","embeddable":true,"href":"https:\/\/lediamant.ch\/de\/wp-json\/wp\/v2\/brand?post=221431"},{"taxonomy":"product_brand","embeddable":true,"href":"https:\/\/lediamant.ch\/de\/wp-json\/wp\/v2\/product_brand?post=221431"},{"taxonomy":"product_cat","embeddable":true,"href":"https:\/\/lediamant.ch\/de\/wp-json\/wp\/v2\/product_cat?post=221431"},{"taxonomy":"product_tag","embeddable":true,"href":"https:\/\/lediamant.ch\/de\/wp-json\/wp\/v2\/product_tag?post=221431"}],"curies":[{"name":"wp","href":"https:\/\/api.w.org\/{rel}","templated":true}]}}