{"id":221434,"date":"2023-03-29T15:30:59","date_gmt":"2023-03-29T13:30:59","guid":{"rendered":"https:\/\/lediamant.ch\/produit\/unkategorisiert\/balmain-beleganza-27-50-mm-2\/"},"modified":"2025-11-14T17:23:28","modified_gmt":"2025-11-14T16:23:28","slug":"balmain-beleganza-27-50-mm-2","status":"publish","type":"product","link":"https:\/\/lediamant.ch\/de\/uhren\/221434-balmain-beleganza-27mm-b83423918\/","title":{"rendered":"Balmain Beleganza 27mm"},"content":{"rendered":"<p>Die Balmain Beleganza ist eine elegante Damenuhr, die ein k\u00fchnes Design mit dem Geist der Pariser Haute Couture verbindet. Das wei\u00dfe Zifferblatt mit klassischen Arabesken und r\u00f6mischen Ziffern verleiht der Uhr einen vibrierenden Touch, w\u00e4hrend das 27,50 mm gro\u00dfe, zweifarbige Geh\u00e4use aus Edelstahl und Gelbgold PVD mit einem 6,40 mm schmalen Profil und einem passenden Armband f\u00fcr einen eleganten Stil im Alltag sorgt. Dieser in der Schweiz hergestellte Zeitmesser ist mit einem Saphirglas ausgestattet.<\/p>\n","protected":false},"excerpt":{"rendered":"<p>Die Balmain Beleganza ist eine elegante Damenuhr, die ein k\u00fchnes Design mit dem Geist der Pariser Haute Couture verbindet. Das wei\u00dfe Zifferblatt mit klassischen Arabesken und r\u00f6mischen Ziffern verleiht der Uhr einen vibrierenden Touch, w\u00e4hrend das 27,50 mm gro\u00dfe, zweifarbige Geh\u00e4use aus Edelstahl und Gelbgold PVD mit einem 6,40 mm schmalen Profil und einem passenden &#8230; <a title=\"Balmain Beleganza 27mm\" class=\"read-more\" href=\"https:\/\/lediamant.ch\/de\/uhren\/221434-balmain-beleganza-27mm-b83423918\/\" aria-label=\"Mehr Informationen \u00fcber Balmain Beleganza 27mm\">Weiterlesen &#8230;<\/a><\/p>\n","protected":false},"featured_media":223215,"template":"","meta":{"_acf_changed":false,"_seopress_robots_primary_cat":"27173","_seopress_titles_title":"","_seopress_titles_desc":"Die Balmain Beleganza, eine Damenuhr mit einem Hauch von Pariser Haute Couture, ist perfekt f\u00fcr einen eleganten Alltagsstil.","_seopress_robots_index":""},"brand":[27083],"product_brand":[],"product_cat":[27173,27399,27123],"product_tag":[],"class_list":{"0":"post-221434","1":"product","2":"type-product","3":"status-publish","4":"has-post-thumbnail","6":"brand-balmain-de","7":"product_cat-balmain-de","8":"product_cat-beleganza-de","9":"product_cat-uhren","10":"pa_couleurduboitier-zweifarbig-de","11":"pa_couleurdubracelet-bicolor","12":"pa_couleurducadran-silber","13":"pa_etancheite-50m-de","14":"pa_forme-runden","15":"pa_genre-frau","16":"pa_matiere-zweifarbigstahlgelbgoldpvd","17":"pa_matierebraceletmontre-edelstahl","18":"pa_mouvement-quarzbatterie-de","19":"pa_swissmade-ja-de","20":"pa_verre-saphir-de","21":"sales-flash-overlay","22":"woocommerce-text-align-center","23":"woocommerce-image-align-center","24":"do-quantity-buttons","26":"first","27":"instock","28":"taxable","29":"shipping-taxable","30":"purchasable","31":"product-type-simple"},"acf":[],"_links":{"self":[{"href":"https:\/\/lediamant.ch\/de\/wp-json\/wp\/v2\/product\/221434","targetHints":{"allow":["GET"]}}],"collection":[{"href":"https:\/\/lediamant.ch\/de\/wp-json\/wp\/v2\/product"}],"about":[{"href":"https:\/\/lediamant.ch\/de\/wp-json\/wp\/v2\/types\/product"}],"wp:featuredmedia":[{"embeddable":true,"href":"https:\/\/lediamant.ch\/de\/wp-json\/wp\/v2\/media\/223215"}],"wp:attachment":[{"href":"https:\/\/lediamant.ch\/de\/wp-json\/wp\/v2\/media?parent=221434"}],"wp:term":[{"taxonomy":"brand","embeddable":true,"href":"https:\/\/lediamant.ch\/de\/wp-json\/wp\/v2\/brand?post=221434"},{"taxonomy":"product_brand","embeddable":true,"href":"https:\/\/lediamant.ch\/de\/wp-json\/wp\/v2\/product_brand?post=221434"},{"taxonomy":"product_cat","embeddable":true,"href":"https:\/\/lediamant.ch\/de\/wp-json\/wp\/v2\/product_cat?post=221434"},{"taxonomy":"product_tag","embeddable":true,"href":"https:\/\/lediamant.ch\/de\/wp-json\/wp\/v2\/product_tag?post=221434"}],"curies":[{"name":"wp","href":"https:\/\/api.w.org\/{rel}","templated":true}]}}