{"id":221436,"date":"2022-02-12T15:48:59","date_gmt":"2022-02-12T14:48:59","guid":{"rendered":"https:\/\/lediamant.ch\/produit\/unkategorisiert\/balmainia-bijou-36-mm-5\/"},"modified":"2025-11-14T15:36:58","modified_gmt":"2025-11-14T14:36:58","slug":"balmainia-bijou-36-mm-5","status":"publish","type":"product","link":"https:\/\/lediamant.ch\/de\/uhren\/221436-balmain-balmainia-bijou-chrono-36mm-b62503326\/","title":{"rendered":"Balmain Balmainia Bijou Chrono 36mm"},"content":{"rendered":"<p>Die Balmain Balmainia Bijou ist eine raffinierte Damenuhr, die zarte Eleganz mit einem modernen Design verbindet, das von der Pariser Haute Couture inspiriert ist. Das wei\u00dfe Zifferblatt mit drei kleinen Z\u00e4hlern und einer &#8222;Balmain&#8220;-Gravur auf der L\u00fcnette ist mit Pyramidenziffern versehen. Das 36 mm gro\u00dfe, 10,25 mm schmale Gelbgold-PVD-Geh\u00e4use und das passende Armband bieten einen zeitlosen Stil f\u00fcr den Alltag. Dieser Zeitmesser aus Schweizer Produktion ist mit einem Saphirglas ausgestattet.<\/p>\n","protected":false},"excerpt":{"rendered":"<p>Die Balmain Balmainia Bijou ist eine raffinierte Damenuhr, die zarte Eleganz mit einem modernen Design verbindet, das von der Pariser Haute Couture inspiriert ist. Das wei\u00dfe Zifferblatt mit drei kleinen Z\u00e4hlern und einer &#8222;Balmain&#8220;-Gravur auf der L\u00fcnette ist mit Pyramidenziffern versehen. Das 36 mm gro\u00dfe, 10,25 mm schmale Gelbgold-PVD-Geh\u00e4use und das passende Armband bieten einen &#8230; <a title=\"Balmain Balmainia Bijou Chrono 36mm\" class=\"read-more\" href=\"https:\/\/lediamant.ch\/de\/uhren\/221436-balmain-balmainia-bijou-chrono-36mm-b62503326\/\" aria-label=\"Mehr Informationen \u00fcber Balmain Balmainia Bijou Chrono 36mm\">Weiterlesen &#8230;<\/a><\/p>\n","protected":false},"featured_media":223153,"template":"","meta":{"_acf_changed":false,"_seopress_robots_primary_cat":"27173","_seopress_titles_title":"","_seopress_titles_desc":"Eleganz und Modernit\u00e4t mit der Balmainia Bijou. Hochwertige Damenuhr, die von der Pariser Couture inspiriert ist. Exklusives Design aus Gelbgold mit PVD-Beschichtung.","_seopress_robots_index":""},"brand":[27083],"product_brand":[],"product_cat":[27173,27431,27123],"product_tag":[],"class_list":{"0":"post-221436","1":"product","2":"type-product","3":"status-publish","4":"has-post-thumbnail","6":"brand-balmain-de","7":"product_cat-balmain-de","8":"product_cat-balmainia-de","9":"product_cat-uhren","10":"pa_couleurduboitier-gelb-de","11":"pa_couleurdubracelet-gelb-de","12":"pa_couleurducadran-weiss","13":"pa_etancheite-50m-de","14":"pa_forme-runden","15":"pa_genre-frau","16":"pa_matiere-gelbgoldpvd","17":"pa_matierebraceletmontre-edelstahl","18":"pa_mouvement-quarzbatterie-de","19":"pa_swissmade-ja-de","20":"pa_typedemontre-chronograph-de","21":"pa_verre-saphir-de","22":"sales-flash-overlay","23":"woocommerce-text-align-center","24":"woocommerce-image-align-center","25":"do-quantity-buttons","27":"first","28":"instock","29":"taxable","30":"shipping-taxable","31":"purchasable","32":"product-type-simple"},"acf":[],"_links":{"self":[{"href":"https:\/\/lediamant.ch\/de\/wp-json\/wp\/v2\/product\/221436","targetHints":{"allow":["GET"]}}],"collection":[{"href":"https:\/\/lediamant.ch\/de\/wp-json\/wp\/v2\/product"}],"about":[{"href":"https:\/\/lediamant.ch\/de\/wp-json\/wp\/v2\/types\/product"}],"wp:featuredmedia":[{"embeddable":true,"href":"https:\/\/lediamant.ch\/de\/wp-json\/wp\/v2\/media\/223153"}],"wp:attachment":[{"href":"https:\/\/lediamant.ch\/de\/wp-json\/wp\/v2\/media?parent=221436"}],"wp:term":[{"taxonomy":"brand","embeddable":true,"href":"https:\/\/lediamant.ch\/de\/wp-json\/wp\/v2\/brand?post=221436"},{"taxonomy":"product_brand","embeddable":true,"href":"https:\/\/lediamant.ch\/de\/wp-json\/wp\/v2\/product_brand?post=221436"},{"taxonomy":"product_cat","embeddable":true,"href":"https:\/\/lediamant.ch\/de\/wp-json\/wp\/v2\/product_cat?post=221436"},{"taxonomy":"product_tag","embeddable":true,"href":"https:\/\/lediamant.ch\/de\/wp-json\/wp\/v2\/product_tag?post=221436"}],"curies":[{"name":"wp","href":"https:\/\/api.w.org\/{rel}","templated":true}]}}