{"id":221438,"date":"2022-05-29T15:51:58","date_gmt":"2022-05-29T13:51:58","guid":{"rendered":"https:\/\/lediamant.ch\/produit\/unkategorisiert\/balmain-be-balmain-31-mm-diamonds-5\/"},"modified":"2025-11-14T15:23:58","modified_gmt":"2025-11-14T14:23:58","slug":"balmain-be-balmain-31-mm-diamonds-5","status":"publish","type":"product","link":"https:\/\/lediamant.ch\/de\/uhren\/221438-balmain-be-balmain-31-mm-diamonds-b49983312\/","title":{"rendered":"Balmain Be Balmain Diamonds 31mm"},"content":{"rendered":"<p>Die Balmain Be Balmain ist eine anspruchsvolle Damenuhr, die strahlende Eleganz mit einem modernen Design verbindet, das von der Pariser Haute Couture inspiriert ist. Das wei\u00dfe, mit Arabesken verzierte Zifferblatt ist mit 10 Top Wesselton VS-SI Diamanten von insgesamt 0,036 Karat besetzt und verf\u00fcgt \u00fcber Diamantziffern. Das 31 mm Geh\u00e4use aus zweifarbigem Edelstahl und PVD Ros\u00e9gold mit einem eleganten Profil von 7,65 mm und das passende Armband bieten einen zeitlosen Stil f\u00fcr den Alltag. Dieser in der Schweiz hergestellte Zeitmesser ist mit einem Saphirglas ausgestattet.<\/p>\n","protected":false},"excerpt":{"rendered":"<p>Die Balmain Be Balmain ist eine anspruchsvolle Damenuhr, die strahlende Eleganz mit einem modernen Design verbindet, das von der Pariser Haute Couture inspiriert ist. Das wei\u00dfe, mit Arabesken verzierte Zifferblatt ist mit 10 Top Wesselton VS-SI Diamanten von insgesamt 0,036 Karat besetzt und verf\u00fcgt \u00fcber Diamantziffern. Das 31 mm Geh\u00e4use aus zweifarbigem Edelstahl und PVD &#8230; <a title=\"Balmain Be Balmain Diamonds 31mm\" class=\"read-more\" href=\"https:\/\/lediamant.ch\/de\/uhren\/221438-balmain-be-balmain-31-mm-diamonds-b49983312\/\" aria-label=\"Mehr Informationen \u00fcber Balmain Be Balmain Diamonds 31mm\">Weiterlesen &#8230;<\/a><\/p>\n","protected":false},"featured_media":223142,"template":"","meta":{"_acf_changed":false,"_seopress_robots_primary_cat":"27173","_seopress_titles_title":"","_seopress_titles_desc":"Eleganz und Modernit\u00e4t verschmelzen in der Balmain Be Balmain Uhr, die mit Diamanten und einem Haute Couture Design versehen ist. Ein t\u00e4glicher Luxus.","_seopress_robots_index":""},"brand":[27083],"product_brand":[],"product_cat":[27173,27405,27123],"product_tag":[],"class_list":{"0":"post-221438","1":"product","2":"type-product","3":"status-publish","4":"has-post-thumbnail","6":"brand-balmain-de","7":"product_cat-balmain-de","8":"product_cat-be-balmain-de","9":"product_cat-uhren","10":"pa_couleurduboitier-zweifarbig-de","11":"pa_couleurdubracelet-bicolor","12":"pa_couleurducadran-silber","13":"pa_detail-de-s-pierres-s-10-diamanten-0036-ct","14":"pa_etancheite-50m-de","15":"pa_forme-runden","16":"pa_genre-frau","17":"pa_matiere-zweifarbigstahlrosegoldpvd","18":"pa_matierebraceletmontre-edelstahl","19":"pa_mouvement-quarzbatterie-de","20":"pa_swissmade-ja-de","21":"pa_verre-saphir-de","22":"sales-flash-overlay","23":"woocommerce-text-align-center","24":"woocommerce-image-align-center","25":"do-quantity-buttons","27":"first","28":"instock","29":"taxable","30":"shipping-taxable","31":"purchasable","32":"product-type-simple"},"acf":[],"_links":{"self":[{"href":"https:\/\/lediamant.ch\/de\/wp-json\/wp\/v2\/product\/221438","targetHints":{"allow":["GET"]}}],"collection":[{"href":"https:\/\/lediamant.ch\/de\/wp-json\/wp\/v2\/product"}],"about":[{"href":"https:\/\/lediamant.ch\/de\/wp-json\/wp\/v2\/types\/product"}],"wp:featuredmedia":[{"embeddable":true,"href":"https:\/\/lediamant.ch\/de\/wp-json\/wp\/v2\/media\/223142"}],"wp:attachment":[{"href":"https:\/\/lediamant.ch\/de\/wp-json\/wp\/v2\/media?parent=221438"}],"wp:term":[{"taxonomy":"brand","embeddable":true,"href":"https:\/\/lediamant.ch\/de\/wp-json\/wp\/v2\/brand?post=221438"},{"taxonomy":"product_brand","embeddable":true,"href":"https:\/\/lediamant.ch\/de\/wp-json\/wp\/v2\/product_brand?post=221438"},{"taxonomy":"product_cat","embeddable":true,"href":"https:\/\/lediamant.ch\/de\/wp-json\/wp\/v2\/product_cat?post=221438"},{"taxonomy":"product_tag","embeddable":true,"href":"https:\/\/lediamant.ch\/de\/wp-json\/wp\/v2\/product_tag?post=221438"}],"curies":[{"name":"wp","href":"https:\/\/api.w.org\/{rel}","templated":true}]}}