{"id":221440,"date":"2022-03-29T15:54:59","date_gmt":"2022-03-29T13:54:59","guid":{"rendered":"https:\/\/lediamant.ch\/produit\/unkategorisiert\/balmain-be-balmain-31-mm-diamonds-6\/"},"modified":"2025-11-14T14:59:52","modified_gmt":"2025-11-14T13:59:52","slug":"balmain-be-balmain-31-mm-diamonds-6","status":"publish","type":"product","link":"https:\/\/lediamant.ch\/de\/uhren\/221440-balmain-be-balmain-31-mm-diamonds-b49923912\/","title":{"rendered":"Balmain Be Balmain Diamonds 31mm"},"content":{"rendered":"<p>Die Balmain Be Balmain ist eine elegante Damenuhr, die strahlenden Charme mit einem modernen Design verbindet, das von der Pariser Haute Couture inspiriert ist. Das wei\u00dfe, mit Arabesken verzierte Zifferblatt ist mit 10 Top Wesselton VS-SI Diamanten von insgesamt 0,036 Karat besetzt und verf\u00fcgt \u00fcber Diamantziffern. Das 31 mm Geh\u00e4use aus zweifarbigem Edelstahl und Gelbgold PVD, mit einem raffinierten 7,65 mm Profil und einem passenden Armband, bietet einen zeitlosen Stil f\u00fcr den Alltag. Dieser in der Schweiz hergestellte Zeitmesser ist mit einem Saphirglas ausgestattet.<\/p>\n","protected":false},"excerpt":{"rendered":"<p>Die Balmain Be Balmain ist eine elegante Damenuhr, die strahlenden Charme mit einem modernen Design verbindet, das von der Pariser Haute Couture inspiriert ist. Das wei\u00dfe, mit Arabesken verzierte Zifferblatt ist mit 10 Top Wesselton VS-SI Diamanten von insgesamt 0,036 Karat besetzt und verf\u00fcgt \u00fcber Diamantziffern. Das 31 mm Geh\u00e4use aus zweifarbigem Edelstahl und Gelbgold &#8230; <a title=\"Balmain Be Balmain Diamonds 31mm\" class=\"read-more\" href=\"https:\/\/lediamant.ch\/de\/uhren\/221440-balmain-be-balmain-31-mm-diamonds-b49923912\/\" aria-label=\"Mehr Informationen \u00fcber Balmain Be Balmain Diamonds 31mm\">Weiterlesen &#8230;<\/a><\/p>\n","protected":false},"featured_media":223125,"template":"","meta":{"_acf_changed":false,"_seopress_robots_primary_cat":"none","_seopress_titles_title":"","_seopress_titles_desc":"Eleganz und Luxus mit der Balmain Be Uhr, ein Meisterwerk des modernen Designs, inspiriert von der Haute Couture. Perfekt f\u00fcr jeden Anlass.","_seopress_robots_index":""},"brand":[27083],"product_brand":[],"product_cat":[27173,27405,27123],"product_tag":[],"class_list":{"0":"post-221440","1":"product","2":"type-product","3":"status-publish","4":"has-post-thumbnail","6":"brand-balmain-de","7":"product_cat-balmain-de","8":"product_cat-be-balmain-de","9":"product_cat-uhren","10":"pa_couleurduboitier-zweifarbig-de","11":"pa_couleurdubracelet-bicolor","12":"pa_couleurducadran-silber","13":"pa_detail-de-s-pierres-s-10-diamanten-0036-ct","14":"pa_etancheite-50m-de","15":"pa_forme-runden","16":"pa_genre-frau","17":"pa_matiere-zweifarbigstahlgelbgoldpvd","18":"pa_matierebraceletmontre-edelstahl","19":"pa_mouvement-quarzbatterie-de","20":"pa_swissmade-ja-de","21":"pa_verre-saphir-de","22":"sales-flash-overlay","23":"woocommerce-text-align-center","24":"woocommerce-image-align-center","25":"do-quantity-buttons","27":"first","28":"instock","29":"taxable","30":"shipping-taxable","31":"purchasable","32":"product-type-simple"},"acf":[],"_links":{"self":[{"href":"https:\/\/lediamant.ch\/de\/wp-json\/wp\/v2\/product\/221440","targetHints":{"allow":["GET"]}}],"collection":[{"href":"https:\/\/lediamant.ch\/de\/wp-json\/wp\/v2\/product"}],"about":[{"href":"https:\/\/lediamant.ch\/de\/wp-json\/wp\/v2\/types\/product"}],"wp:featuredmedia":[{"embeddable":true,"href":"https:\/\/lediamant.ch\/de\/wp-json\/wp\/v2\/media\/223125"}],"wp:attachment":[{"href":"https:\/\/lediamant.ch\/de\/wp-json\/wp\/v2\/media?parent=221440"}],"wp:term":[{"taxonomy":"brand","embeddable":true,"href":"https:\/\/lediamant.ch\/de\/wp-json\/wp\/v2\/brand?post=221440"},{"taxonomy":"product_brand","embeddable":true,"href":"https:\/\/lediamant.ch\/de\/wp-json\/wp\/v2\/product_brand?post=221440"},{"taxonomy":"product_cat","embeddable":true,"href":"https:\/\/lediamant.ch\/de\/wp-json\/wp\/v2\/product_cat?post=221440"},{"taxonomy":"product_tag","embeddable":true,"href":"https:\/\/lediamant.ch\/de\/wp-json\/wp\/v2\/product_tag?post=221440"}],"curies":[{"name":"wp","href":"https:\/\/api.w.org\/{rel}","templated":true}]}}