{"id":221443,"date":"2023-06-29T16:00:59","date_gmt":"2023-06-29T14:00:59","guid":{"rendered":"https:\/\/lediamant.ch\/produit\/unkategorisiert\/balmain-eirini-28-x-37-mm\/"},"modified":"2025-11-14T14:32:28","modified_gmt":"2025-11-14T13:32:28","slug":"balmain-eirini-28-x-37-mm","status":"publish","type":"product","link":"https:\/\/lediamant.ch\/de\/uhren\/221443-balmain-eirini-28-x-37-mm-b44123265\/","title":{"rendered":"Balmain Eirini Moonphase 28 x 37mm"},"content":{"rendered":"<p>Die Balmain Eirini ist eine raffinierte Damenuhr, die einen k\u00fchnen Stil mit einem modernen Design verbindet, das von der Pariser Haute Couture inspiriert wurde. Das schwarze Zifferblatt, die Mondphasenanzeige und die klaren Linien verleihen ihr einen Hauch von Dynamik, w\u00e4hrend das 28 x 37 mm gro\u00dfe Gelbgold PVD Geh\u00e4use mit einem raffinierten 7,40 mm Profil und einem passenden Armband Eleganz f\u00fcr den Alltag bietet. Diese in der Schweiz hergestellte Uhr ist mit einem Saphirglas ausgestattet.<\/p>\n","protected":false},"excerpt":{"rendered":"<p>Die Balmain Eirini ist eine raffinierte Damenuhr, die einen k\u00fchnen Stil mit einem modernen Design verbindet, das von der Pariser Haute Couture inspiriert wurde. Das schwarze Zifferblatt, die Mondphasenanzeige und die klaren Linien verleihen ihr einen Hauch von Dynamik, w\u00e4hrend das 28 x 37 mm gro\u00dfe Gelbgold PVD Geh\u00e4use mit einem raffinierten 7,40 mm Profil &#8230; <a title=\"Balmain Eirini Moonphase 28 x 37mm\" class=\"read-more\" href=\"https:\/\/lediamant.ch\/de\/uhren\/221443-balmain-eirini-28-x-37-mm-b44123265\/\" aria-label=\"Mehr Informationen \u00fcber Balmain Eirini Moonphase 28 x 37mm\">Weiterlesen &#8230;<\/a><\/p>\n","protected":false},"featured_media":223099,"template":"","meta":{"_acf_changed":false,"_seopress_robots_primary_cat":"27173","_seopress_titles_title":"","_seopress_titles_desc":"T\u00e4gliche Eleganz mit der Balmain Eirini, einer Fusion von k\u00fchnem und modernem Stil, der von der Haute Couture inspiriert ist. Perfekt f\u00fcr jede raffinierte Frau.","_seopress_robots_index":""},"brand":[27083],"product_brand":[],"product_cat":[27173,27429,27123],"product_tag":[],"class_list":{"0":"post-221443","1":"product","2":"type-product","3":"status-publish","4":"has-post-thumbnail","6":"brand-balmain-de","7":"product_cat-balmain-de","8":"product_cat-eirini-de","9":"product_cat-uhren","10":"pa_couleurduboitier-gelb-de","11":"pa_couleurdubracelet-schwarz-de","12":"pa_couleurducadran-schwarz","13":"pa_etancheite-30m-de","14":"pa_forme-rechteckig-de","15":"pa_genre-frau","16":"pa_matiere-gelbgoldpvd","17":"pa_matierebraceletmontre-leder","18":"pa_mouvement-quarzbatterie-de","19":"pa_swissmade-ja-de","20":"pa_typedemontre-uhrenmitmondanzeige","21":"pa_verre-saphir-de","22":"sales-flash-overlay","23":"woocommerce-text-align-center","24":"woocommerce-image-align-center","25":"do-quantity-buttons","27":"first","28":"instock","29":"taxable","30":"shipping-taxable","31":"purchasable","32":"product-type-simple"},"acf":[],"_links":{"self":[{"href":"https:\/\/lediamant.ch\/de\/wp-json\/wp\/v2\/product\/221443","targetHints":{"allow":["GET"]}}],"collection":[{"href":"https:\/\/lediamant.ch\/de\/wp-json\/wp\/v2\/product"}],"about":[{"href":"https:\/\/lediamant.ch\/de\/wp-json\/wp\/v2\/types\/product"}],"wp:featuredmedia":[{"embeddable":true,"href":"https:\/\/lediamant.ch\/de\/wp-json\/wp\/v2\/media\/223099"}],"wp:attachment":[{"href":"https:\/\/lediamant.ch\/de\/wp-json\/wp\/v2\/media?parent=221443"}],"wp:term":[{"taxonomy":"brand","embeddable":true,"href":"https:\/\/lediamant.ch\/de\/wp-json\/wp\/v2\/brand?post=221443"},{"taxonomy":"product_brand","embeddable":true,"href":"https:\/\/lediamant.ch\/de\/wp-json\/wp\/v2\/product_brand?post=221443"},{"taxonomy":"product_cat","embeddable":true,"href":"https:\/\/lediamant.ch\/de\/wp-json\/wp\/v2\/product_cat?post=221443"},{"taxonomy":"product_tag","embeddable":true,"href":"https:\/\/lediamant.ch\/de\/wp-json\/wp\/v2\/product_tag?post=221443"}],"curies":[{"name":"wp","href":"https:\/\/api.w.org\/{rel}","templated":true}]}}