{"id":221447,"date":"2024-05-15T15:45:32","date_gmt":"2024-05-15T13:45:32","guid":{"rendered":"https:\/\/lediamant.ch\/produit\/unkategorisiert\/aerowatch-quartz\/"},"modified":"2025-10-31T18:04:22","modified_gmt":"2025-10-31T17:04:22","slug":"aerowatch-quartz","status":"publish","type":"product","link":"https:\/\/lediamant.ch\/de\/uhren\/221447-aerowatch-1942-big-date-quartz-leder-a-41900-aa04\/","title":{"rendered":"Aerowatch 1942 Big Date Quartz Leder 40mm"},"content":{"rendered":"<p>Die Aerowatch 1942 kombiniert zeitlose Eleganz mit luxuri\u00f6sem Flair und zeichnet sich in dieser Version durch ein mattwei\u00dfes Zifferblatt aus. Das Stahlgeh\u00e4use mit einem Durchmesser von 40 mm verleiht der Uhr einen warmen Glanz und unterstreicht das klassische Design. Das Zifferblatt wird durch eine gro\u00dfe Datumsanzeige bei 12 Uhr und eine kleine Sekunde bei 6 Uhr erg\u00e4nzt. Ein kratzfestes und entspiegeltes Saphirglas garantiert eine optimale Sicht. Mit einer Wasserdichtigkeit von 5 ATM ist die Aerowatch 1942 perfekt f\u00fcr den t\u00e4glichen Gebrauch geeignet.<\/p>\n","protected":false},"excerpt":{"rendered":"<p>Die Aerowatch 1942 kombiniert zeitlose Eleganz mit luxuri\u00f6sem Flair und zeichnet sich in dieser Version durch ein mattwei\u00dfes Zifferblatt aus. Das Stahlgeh\u00e4use mit einem Durchmesser von 40 mm verleiht der Uhr einen warmen Glanz und unterstreicht das klassische Design. Das Zifferblatt wird durch eine gro\u00dfe Datumsanzeige bei 12 Uhr und eine kleine Sekunde bei 6 &#8230; <a title=\"Aerowatch 1942 Big Date Quartz Leder 40mm\" class=\"read-more\" href=\"https:\/\/lediamant.ch\/de\/uhren\/221447-aerowatch-1942-big-date-quartz-leder-a-41900-aa04\/\" aria-label=\"Mehr Informationen \u00fcber Aerowatch 1942 Big Date Quartz Leder 40mm\">Weiterlesen &#8230;<\/a><\/p>\n","protected":false},"featured_media":222134,"template":"","meta":{"_acf_changed":false,"_seopress_robots_primary_cat":"27167","_seopress_titles_title":"","_seopress_titles_desc":"Entdecken Sie die Eleganz der Aerowatch Quartz Ref. 41900 AA04. Raffinierter Stil und Schweizer Pr\u00e4zision.   Jetzt kaufen!","_seopress_robots_index":""},"brand":[27081],"product_brand":[],"product_cat":[27241,27167,27123],"product_tag":[],"class_list":{"0":"post-221447","1":"product","2":"type-product","3":"status-publish","4":"has-post-thumbnail","6":"brand-aerowatch-de","7":"product_cat-1942-de","8":"product_cat-aerowatch-de","9":"product_cat-uhren","10":"pa_couleurduboitier-grau-de","11":"pa_couleurdubracelet-braun-de","12":"pa_couleurducadran-weiss","13":"pa_etancheite-50m-de","14":"pa_forme-runden","15":"pa_genre-frau","16":"pa_genre-mann","17":"pa_matiere-stahl","18":"pa_matierebraceletmontre-leder","19":"pa_mouvement-quarzbatterie-de","20":"pa_swissmade-ja-de","21":"pa_verre-saphir-de","22":"sales-flash-overlay","23":"woocommerce-text-align-center","24":"woocommerce-image-align-center","25":"do-quantity-buttons","27":"first","28":"instock","29":"taxable","30":"shipping-taxable","31":"purchasable","32":"product-type-simple"},"acf":[],"_links":{"self":[{"href":"https:\/\/lediamant.ch\/de\/wp-json\/wp\/v2\/product\/221447","targetHints":{"allow":["GET"]}}],"collection":[{"href":"https:\/\/lediamant.ch\/de\/wp-json\/wp\/v2\/product"}],"about":[{"href":"https:\/\/lediamant.ch\/de\/wp-json\/wp\/v2\/types\/product"}],"wp:featuredmedia":[{"embeddable":true,"href":"https:\/\/lediamant.ch\/de\/wp-json\/wp\/v2\/media\/222134"}],"wp:attachment":[{"href":"https:\/\/lediamant.ch\/de\/wp-json\/wp\/v2\/media?parent=221447"}],"wp:term":[{"taxonomy":"brand","embeddable":true,"href":"https:\/\/lediamant.ch\/de\/wp-json\/wp\/v2\/brand?post=221447"},{"taxonomy":"product_brand","embeddable":true,"href":"https:\/\/lediamant.ch\/de\/wp-json\/wp\/v2\/product_brand?post=221447"},{"taxonomy":"product_cat","embeddable":true,"href":"https:\/\/lediamant.ch\/de\/wp-json\/wp\/v2\/product_cat?post=221447"},{"taxonomy":"product_tag","embeddable":true,"href":"https:\/\/lediamant.ch\/de\/wp-json\/wp\/v2\/product_tag?post=221447"}],"curies":[{"name":"wp","href":"https:\/\/api.w.org\/{rel}","templated":true}]}}