{"id":221465,"date":"2025-02-02T16:42:32","date_gmt":"2025-02-02T15:42:32","guid":{"rendered":"https:\/\/lediamant.ch\/produit\/unkategorisiert\/aerowatch-chrono-semi-squelette\/"},"modified":"2025-10-30T18:22:55","modified_gmt":"2025-10-30T17:22:55","slug":"aerowatch-chrono-semi-squelette","status":"publish","type":"product","link":"https:\/\/lediamant.ch\/de\/uhren\/221465-aerowatch-les-grandes-classiques-chrono-skeleton-blau-a-61989-aa07-1\/2-sq\/","title":{"rendered":"Aerowatch Les Grandes Classiques Chrono Skeleton blau"},"content":{"rendered":"<p>Das Familienunternehmen Aerowatch setzt wieder einmal auf Bew\u00e4hrtes und fordert Uhrenkenner heraus, denn die Gebr\u00fcder Bolzli pr\u00e4sentieren den ber\u00fchmten halbautomatischen Skelett-Chronographen der Linie &#8222;Les Grandes Classiques&#8220;. Die traditionelle Anzeige, bei der die Zeiger von der Mitte des Zifferblatts ausgehen, wird durch separate Z\u00e4hler f\u00fcr Stunden, Minuten, Sekunden und das Datum erg\u00e4nzt. Dank der ausgewogenen Aufteilung des Zifferblatts wird die Mechanik jedoch mit dem Design der Uhr vereint und verschmilzt mit ihm. Bei einem halb skelettierten automatischen Chronographen ist eine strenge Aufteilung des Zifferblatts f\u00fcr eine pr\u00e4zise Zeitanzeige unerl\u00e4sslich. Um diese Strenge etwas abzumildern, pr\u00e4sentiert sich dieser halb skelettierte automatische Chronograph in einem satinierten, polierten Edelstahlgeh\u00e4use mit einer Pilotenkrone und einem diskreten blauen Zifferblatt, dem rote Zeiger den passenden Farbtupfer verleihen. Die Indizes und Zeiger sind mit Luminova beschichtet, so dass die Zeit auch im Dunkeln leicht ablesbar ist. Mit einem Durchmesser von 44 mm passt dieser integrierte Chronograph an jedes Handgelenk. Das skelettierte Zifferblatt f\u00e4llt durch das entspiegelte Saphirglas ins Auge, und die neu eingekleidete Uhr gibt den Blick auf ihr verziertes Herz frei. Es ist faszinierend, in die geheimnisvolle Welt der hohen Uhrmacherkunst einzutauchen. Wenn man das Spiel der rhodinierten R\u00e4derwerke beobachtet, schweift der Blick unweigerlich zu den gebl\u00e4uten Schrauben und den verzierten Br\u00fccken, und man sollte nichts von dem Spektakel verpassen. Was bleibt, ist die Faszination einer sch\u00f6nen Ausf\u00fchrung und ein gro\u00dfer Respekt f\u00fcr die Kunst der Uhrmacherei. Der halb skelettierte automatische Chronograph &#8222;Les Grandes Classiques&#8220; beweist, dass AEROWATCH seine Produkte unerm\u00fcdlich perfektioniert, die Grenzen des M\u00f6glichen sucht und dabei seinen Werten treu bleibt.<\/p>\n","protected":false},"excerpt":{"rendered":"<p>Das Familienunternehmen Aerowatch setzt wieder einmal auf Bew\u00e4hrtes und fordert Uhrenkenner heraus, denn die Gebr\u00fcder Bolzli pr\u00e4sentieren den ber\u00fchmten halbautomatischen Skelett-Chronographen der Linie &#8222;Les Grandes Classiques&#8220;. Die traditionelle Anzeige, bei der die Zeiger von der Mitte des Zifferblatts ausgehen, wird durch separate Z\u00e4hler f\u00fcr Stunden, Minuten, Sekunden und das Datum erg\u00e4nzt. Dank der ausgewogenen Aufteilung &#8230; <a title=\"Aerowatch Les Grandes Classiques Chrono Skeleton blau\" class=\"read-more\" href=\"https:\/\/lediamant.ch\/de\/uhren\/221465-aerowatch-les-grandes-classiques-chrono-skeleton-blau-a-61989-aa07-1\/2-sq\/\" aria-label=\"Mehr Informationen \u00fcber Aerowatch Les Grandes Classiques Chrono Skeleton blau\">Weiterlesen &#8230;<\/a><\/p>\n","protected":false},"featured_media":222047,"template":"","meta":{"_acf_changed":false,"_seopress_robots_primary_cat":"27167","_seopress_titles_title":"","_seopress_titles_desc":"Entdecken Sie die Eleganz der Aerowatch Chrono Semi-Skeleton A 61989. Ein Meisterwerk der Uhrmacherkunst, erh\u00e4ltlich bei Le Diamant.","_seopress_robots_index":""},"brand":[27081],"product_brand":[],"product_cat":[27167,27289,27123],"product_tag":[],"class_list":{"0":"post-221465","1":"product","2":"type-product","3":"status-publish","4":"has-post-thumbnail","6":"brand-aerowatch-de","7":"product_cat-aerowatch-de","8":"product_cat-les-grandes-classiques-de","9":"product_cat-uhren","10":"sales-flash-overlay","11":"woocommerce-text-align-center","12":"woocommerce-image-align-center","13":"do-quantity-buttons","15":"first","16":"instock","17":"taxable","18":"shipping-taxable","19":"purchasable","20":"product-type-simple"},"acf":[],"_links":{"self":[{"href":"https:\/\/lediamant.ch\/de\/wp-json\/wp\/v2\/product\/221465","targetHints":{"allow":["GET"]}}],"collection":[{"href":"https:\/\/lediamant.ch\/de\/wp-json\/wp\/v2\/product"}],"about":[{"href":"https:\/\/lediamant.ch\/de\/wp-json\/wp\/v2\/types\/product"}],"wp:featuredmedia":[{"embeddable":true,"href":"https:\/\/lediamant.ch\/de\/wp-json\/wp\/v2\/media\/222047"}],"wp:attachment":[{"href":"https:\/\/lediamant.ch\/de\/wp-json\/wp\/v2\/media?parent=221465"}],"wp:term":[{"taxonomy":"brand","embeddable":true,"href":"https:\/\/lediamant.ch\/de\/wp-json\/wp\/v2\/brand?post=221465"},{"taxonomy":"product_brand","embeddable":true,"href":"https:\/\/lediamant.ch\/de\/wp-json\/wp\/v2\/product_brand?post=221465"},{"taxonomy":"product_cat","embeddable":true,"href":"https:\/\/lediamant.ch\/de\/wp-json\/wp\/v2\/product_cat?post=221465"},{"taxonomy":"product_tag","embeddable":true,"href":"https:\/\/lediamant.ch\/de\/wp-json\/wp\/v2\/product_tag?post=221465"}],"curies":[{"name":"wp","href":"https:\/\/api.w.org\/{rel}","templated":true}]}}