{"id":221487,"date":"2023-02-02T17:45:32","date_gmt":"2023-02-02T16:45:32","guid":{"rendered":"https:\/\/lediamant.ch\/produit\/unkategorisiert\/aerowatch-night-day-quartz-2\/"},"modified":"2025-10-29T17:56:54","modified_gmt":"2025-10-29T16:56:54","slug":"aerowatch-night-day-quartz-2","status":"publish","type":"product","link":"https:\/\/lediamant.ch\/de\/uhren\/221487-aerowatch-1942-lady-night-day-quartz-stahl-a-44960-aa11-m\/","title":{"rendered":"Aerowatch 1942 Lady Night &#038; Day Quartz Stahl"},"content":{"rendered":"<p>Die Aerowatch 1942 Lady Night &amp; Day Quartz ist mit ihren ausgesprochen femininen Attributen eine Verf\u00fchrerin par excellence. Ein Blick gen\u00fcgt, um die Sinnlichkeit dieser Sch\u00f6nheit zu entdecken und ihrem gepflegten \u00c4u\u00dferen zu verfallen. Passend zu dem weichen, abgerundeten Stahlgeh\u00e4use hat Aerowatch die Krone mit einem schwarzen Stein besetzt, der mit dem zarten Perlmuttzifferblatt harmoniert. Die rhodinierten Zeiger, die das ausgewogene Design der 1942 vervollst\u00e4ndigen, sind charakteristisch f\u00fcr die zeitlose Eleganz der Uhr. Die klassische Damenuhr von Aerowatch ist mit einem Schweizer Quarzwerk mit Tag-\/Nachtanzeige und einem raffinierten polierten Stahlarmband mit Faltschlie\u00dfe ausgestattet.<\/p>\n","protected":false},"excerpt":{"rendered":"<p>Die Aerowatch 1942 Lady Night &amp; Day Quartz ist mit ihren ausgesprochen femininen Attributen eine Verf\u00fchrerin par excellence. Ein Blick gen\u00fcgt, um die Sinnlichkeit dieser Sch\u00f6nheit zu entdecken und ihrem gepflegten \u00c4u\u00dferen zu verfallen. Passend zu dem weichen, abgerundeten Stahlgeh\u00e4use hat Aerowatch die Krone mit einem schwarzen Stein besetzt, der mit dem zarten Perlmuttzifferblatt harmoniert. &#8230; <a title=\"Aerowatch 1942 Lady Night &#038; Day Quartz Stahl\" class=\"read-more\" href=\"https:\/\/lediamant.ch\/de\/uhren\/221487-aerowatch-1942-lady-night-day-quartz-stahl-a-44960-aa11-m\/\" aria-label=\"Mehr Informationen \u00fcber Aerowatch 1942 Lady Night &#038; Day Quartz Stahl\">Weiterlesen &#8230;<\/a><\/p>\n","protected":false},"featured_media":221959,"template":"","meta":{"_acf_changed":false,"_seopress_robots_primary_cat":"27167","_seopress_titles_title":"","_seopress_titles_desc":"Entdecken Sie die zeitlose Eleganz der Aerowatch Night & Day Quartz Uhr, die perfekt f\u00fcr jeden Anlass ist. Besuchen Sie Lediamant.ch f\u00fcr weitere Informationen.","_seopress_robots_index":""},"brand":[27081],"product_brand":[],"product_cat":[27241,27167,27123],"product_tag":[],"class_list":{"0":"post-221487","1":"product","2":"type-product","3":"status-publish","4":"has-post-thumbnail","6":"brand-aerowatch-de","7":"product_cat-1942-de","8":"product_cat-aerowatch-de","9":"product_cat-uhren","10":"pa_couleurduboitier-grau-de","11":"pa_couleurdubracelet-grau-de","12":"pa_couleurducadran-perlmutt","13":"pa_detail-de-s-pierres-s-tag-nacht-4-diamanten","14":"pa_etancheite-50m-de","15":"pa_forme-runden","16":"pa_genre-frau","17":"pa_matiere-stahl","18":"pa_matierebraceletmontre-edelstahl","19":"pa_mouvement-quarzbatterie-de","20":"pa_swissmade-ja-de","21":"pa_verre-saphir-de","22":"sales-flash-overlay","23":"woocommerce-text-align-center","24":"woocommerce-image-align-center","25":"do-quantity-buttons","27":"first","28":"instock","29":"taxable","30":"shipping-taxable","31":"purchasable","32":"product-type-simple"},"acf":[],"_links":{"self":[{"href":"https:\/\/lediamant.ch\/de\/wp-json\/wp\/v2\/product\/221487","targetHints":{"allow":["GET"]}}],"collection":[{"href":"https:\/\/lediamant.ch\/de\/wp-json\/wp\/v2\/product"}],"about":[{"href":"https:\/\/lediamant.ch\/de\/wp-json\/wp\/v2\/types\/product"}],"wp:featuredmedia":[{"embeddable":true,"href":"https:\/\/lediamant.ch\/de\/wp-json\/wp\/v2\/media\/221959"}],"wp:attachment":[{"href":"https:\/\/lediamant.ch\/de\/wp-json\/wp\/v2\/media?parent=221487"}],"wp:term":[{"taxonomy":"brand","embeddable":true,"href":"https:\/\/lediamant.ch\/de\/wp-json\/wp\/v2\/brand?post=221487"},{"taxonomy":"product_brand","embeddable":true,"href":"https:\/\/lediamant.ch\/de\/wp-json\/wp\/v2\/product_brand?post=221487"},{"taxonomy":"product_cat","embeddable":true,"href":"https:\/\/lediamant.ch\/de\/wp-json\/wp\/v2\/product_cat?post=221487"},{"taxonomy":"product_tag","embeddable":true,"href":"https:\/\/lediamant.ch\/de\/wp-json\/wp\/v2\/product_tag?post=221487"}],"curies":[{"name":"wp","href":"https:\/\/api.w.org\/{rel}","templated":true}]}}