{"id":221506,"date":"2023-08-17T18:27:32","date_gmt":"2023-08-17T16:27:32","guid":{"rendered":"https:\/\/lediamant.ch\/produit\/unkategorisiert\/aerowatch-lepine-classique\/"},"modified":"2025-10-28T18:26:10","modified_gmt":"2025-10-28T17:26:10","slug":"aerowatch-lepine-classique","status":"publish","type":"product","link":"https:\/\/lediamant.ch\/de\/uhren\/221506-aerowatch-taschenuhr-lepine-mechanisch-roemische-ziffern-50832-aa03\/","title":{"rendered":"Aerowatch Taschenuhr L\u00e9pine mechanisch r\u00f6mische Ziffern"},"content":{"rendered":"<p>Seit seiner Gr\u00fcndung im Jahre 1910 ist das Familienunternehmen Aerowatch f\u00fcr seine Taschenuhren ber\u00fchmt. Das unabh\u00e4ngige Unternehmen erinnert an sein reiches Erbe und l\u00e4sst die Spuren der Vergangenheit wieder aufleben. Die Leidenschaft und die Werte sind in der neuen Taschenuhr harmonisch vereint. Mit einer solchen Uhr in der Tasche Ihrer Weste haben Sie die Zeit immer auf Ihrer Seite. Die Uhr ist mit dem hochwertigen Swiss Made Handaufzugskaliber ETA 6497-1 ausgestattet, das eine Gangreserve von 46 Stunden bietet.<\/p>\n","protected":false},"excerpt":{"rendered":"<p>Seit seiner Gr\u00fcndung im Jahre 1910 ist das Familienunternehmen Aerowatch f\u00fcr seine Taschenuhren ber\u00fchmt. Das unabh\u00e4ngige Unternehmen erinnert an sein reiches Erbe und l\u00e4sst die Spuren der Vergangenheit wieder aufleben. Die Leidenschaft und die Werte sind in der neuen Taschenuhr harmonisch vereint. Mit einer solchen Uhr in der Tasche Ihrer Weste haben Sie die Zeit &#8230; <a title=\"Aerowatch Taschenuhr L\u00e9pine mechanisch r\u00f6mische Ziffern\" class=\"read-more\" href=\"https:\/\/lediamant.ch\/de\/uhren\/221506-aerowatch-taschenuhr-lepine-mechanisch-roemische-ziffern-50832-aa03\/\" aria-label=\"Mehr Informationen \u00fcber Aerowatch Taschenuhr L\u00e9pine mechanisch r\u00f6mische Ziffern\">Weiterlesen &#8230;<\/a><\/p>\n","protected":false},"featured_media":221897,"template":"","meta":{"_acf_changed":false,"_seopress_robots_primary_cat":"27167","_seopress_titles_title":"","_seopress_titles_desc":"Entdecken Sie die zeitlose Eleganz der Aerowatch L\u00e9pine Classique 50832-AA03. Schweizer Pr\u00e4zision f\u00fcr einen raffinierten Stil.","_seopress_robots_index":""},"brand":[27081],"product_brand":[],"product_cat":[27167,42084,27337,27123],"product_tag":[],"class_list":{"0":"post-221506","1":"product","2":"type-product","3":"status-publish","4":"has-post-thumbnail","6":"brand-aerowatch-de","7":"product_cat-aerowatch-de","8":"product_cat-lepine-de","9":"product_cat-taschenuhren","10":"product_cat-uhren","11":"sales-flash-overlay","12":"woocommerce-text-align-center","13":"woocommerce-image-align-center","14":"do-quantity-buttons","16":"first","17":"instock","18":"taxable","19":"shipping-taxable","20":"purchasable","21":"product-type-simple"},"acf":[],"_links":{"self":[{"href":"https:\/\/lediamant.ch\/de\/wp-json\/wp\/v2\/product\/221506","targetHints":{"allow":["GET"]}}],"collection":[{"href":"https:\/\/lediamant.ch\/de\/wp-json\/wp\/v2\/product"}],"about":[{"href":"https:\/\/lediamant.ch\/de\/wp-json\/wp\/v2\/types\/product"}],"wp:featuredmedia":[{"embeddable":true,"href":"https:\/\/lediamant.ch\/de\/wp-json\/wp\/v2\/media\/221897"}],"wp:attachment":[{"href":"https:\/\/lediamant.ch\/de\/wp-json\/wp\/v2\/media?parent=221506"}],"wp:term":[{"taxonomy":"brand","embeddable":true,"href":"https:\/\/lediamant.ch\/de\/wp-json\/wp\/v2\/brand?post=221506"},{"taxonomy":"product_brand","embeddable":true,"href":"https:\/\/lediamant.ch\/de\/wp-json\/wp\/v2\/product_brand?post=221506"},{"taxonomy":"product_cat","embeddable":true,"href":"https:\/\/lediamant.ch\/de\/wp-json\/wp\/v2\/product_cat?post=221506"},{"taxonomy":"product_tag","embeddable":true,"href":"https:\/\/lediamant.ch\/de\/wp-json\/wp\/v2\/product_tag?post=221506"}],"curies":[{"name":"wp","href":"https:\/\/api.w.org\/{rel}","templated":true}]}}