{"id":221507,"date":"2025-01-11T18:30:31","date_gmt":"2025-01-11T17:30:31","guid":{"rendered":"https:\/\/lediamant.ch\/produit\/unkategorisiert\/aerowatch-lady-elegance-automatique\/"},"modified":"2025-10-28T18:11:45","modified_gmt":"2025-10-28T17:11:45","slug":"aerowatch-lady-elegance-automatique","status":"publish","type":"product","link":"https:\/\/lediamant.ch\/de\/uhren\/221507-aerowatch-1942-lady-automatic-skeleton-diamonds-silbrig-a-60960-aa18-dia\/","title":{"rendered":"Aerowatch 1942 Lady Automatic Skeleton Diamonds Silbrig"},"content":{"rendered":"<p>Die Aerowatch 1942 Lady Automatic Skeleton ist mit ihren unverwechselbaren Attributen und ihrer femininen \u00c4sthetik ein verf\u00fchrerisches Produkt par excellence. Diese Uhr ist ein au\u00dfergew\u00f6hnliches Produkt, das sich durch seine raffinierte \u00c4sthetik und seinen zeitlosen Charakter auszeichnet. Das Geh\u00e4use aus poliertem Stahl und die blauen Zeiger dieses Produkts tragen zu einem ausgewogenen Design bei, das zeitlose Eleganz widerspiegelt. Das skelettierte Uhrwerk, das mit gr\u00f6\u00dfter Sorgfalt gefertigt wurde, enth\u00fcllt das Innere der Uhr und stellt einen gro\u00dfen Vorteil f\u00fcr Uhrenliebhaber dar. Die Aerowatch 1942 Lady Skeleton ist mit dem automatischen Uhrwerk Sellita SW200 ausgestattet, das eine Gangreserve von 38 Stunden garantiert.11<\/p>\n","protected":false},"excerpt":{"rendered":"<p>Die Aerowatch 1942 Lady Automatic Skeleton ist mit ihren unverwechselbaren Attributen und ihrer femininen \u00c4sthetik ein verf\u00fchrerisches Produkt par excellence. Diese Uhr ist ein au\u00dfergew\u00f6hnliches Produkt, das sich durch seine raffinierte \u00c4sthetik und seinen zeitlosen Charakter auszeichnet. Das Geh\u00e4use aus poliertem Stahl und die blauen Zeiger dieses Produkts tragen zu einem ausgewogenen Design bei, das &#8230; <a title=\"Aerowatch 1942 Lady Automatic Skeleton Diamonds Silbrig\" class=\"read-more\" href=\"https:\/\/lediamant.ch\/de\/uhren\/221507-aerowatch-1942-lady-automatic-skeleton-diamonds-silbrig-a-60960-aa18-dia\/\" aria-label=\"Mehr Informationen \u00fcber Aerowatch 1942 Lady Automatic Skeleton Diamonds Silbrig\">Weiterlesen &#8230;<\/a><\/p>\n","protected":false},"featured_media":221892,"template":"","meta":{"_acf_changed":false,"_seopress_robots_primary_cat":"27167","_seopress_titles_title":"","_seopress_titles_desc":"Entdecken Sie zeitlose Eleganz mit der Aerowatch Lady, der perfekten Kombination aus Stil und Pr\u00e4zision. Eine Verschmelzung von Luxus und Funktionalit\u00e4t.","_seopress_robots_index":""},"brand":[27081],"product_brand":[],"product_cat":[27241,27167,27123],"product_tag":[],"class_list":{"0":"post-221507","1":"product","2":"type-product","3":"status-publish","4":"has-post-thumbnail","6":"brand-aerowatch-de","7":"product_cat-1942-de","8":"product_cat-aerowatch-de","9":"product_cat-uhren","10":"pa_couleurdubracelet-rosa-de","11":"pa_couleurducadran-silber","12":"pa_detail-de-s-pierres-s-61-diamanten-0-424ct-labor","13":"pa_etancheite-50m-de","14":"pa_forme-runden","15":"pa_genre-frau","16":"pa_matiere-stahl","17":"pa_matierebraceletmontre-leder","18":"pa_modele-de-mouvement-sellita-sw200-de","19":"pa_mouvement-automatik-de","20":"pa_option-boitier-transparenter-hintergrund","21":"pa_swissmade-ja-de","22":"pa_typedemontre-skelettuhren","23":"pa_typedemontre-uhrenmitdiamanten","24":"pa_verre-saphir-de","25":"sales-flash-overlay","26":"woocommerce-text-align-center","27":"woocommerce-image-align-center","28":"do-quantity-buttons","30":"first","31":"instock","32":"taxable","33":"shipping-taxable","34":"purchasable","35":"product-type-simple"},"acf":[],"_links":{"self":[{"href":"https:\/\/lediamant.ch\/de\/wp-json\/wp\/v2\/product\/221507","targetHints":{"allow":["GET"]}}],"collection":[{"href":"https:\/\/lediamant.ch\/de\/wp-json\/wp\/v2\/product"}],"about":[{"href":"https:\/\/lediamant.ch\/de\/wp-json\/wp\/v2\/types\/product"}],"wp:featuredmedia":[{"embeddable":true,"href":"https:\/\/lediamant.ch\/de\/wp-json\/wp\/v2\/media\/221892"}],"wp:attachment":[{"href":"https:\/\/lediamant.ch\/de\/wp-json\/wp\/v2\/media?parent=221507"}],"wp:term":[{"taxonomy":"brand","embeddable":true,"href":"https:\/\/lediamant.ch\/de\/wp-json\/wp\/v2\/brand?post=221507"},{"taxonomy":"product_brand","embeddable":true,"href":"https:\/\/lediamant.ch\/de\/wp-json\/wp\/v2\/product_brand?post=221507"},{"taxonomy":"product_cat","embeddable":true,"href":"https:\/\/lediamant.ch\/de\/wp-json\/wp\/v2\/product_cat?post=221507"},{"taxonomy":"product_tag","embeddable":true,"href":"https:\/\/lediamant.ch\/de\/wp-json\/wp\/v2\/product_tag?post=221507"}],"curies":[{"name":"wp","href":"https:\/\/api.w.org\/{rel}","templated":true}]}}