{"id":221510,"date":"2025-07-02T18:48:31","date_gmt":"2025-07-02T16:48:31","guid":{"rendered":"https:\/\/lediamant.ch\/produit\/unkategorisiert\/aerowatch-lady-quartz-8\/"},"modified":"2025-10-28T16:27:29","modified_gmt":"2025-10-28T15:27:29","slug":"aerowatch-lady-quartz-8","status":"publish","type":"product","link":"https:\/\/lediamant.ch\/de\/uhren\/221510-aerowatch-harmonie-lady-quarz-beige-35mm-a-42107-aa02-m\/","title":{"rendered":"Aerowatch Harmonie Lady Quarz Beige 35mm"},"content":{"rendered":"<p>Die Aerowatch-Kollektion Harmonie Lady Quarz verbindet auf raffinierte Weise modernes Design mit Schweizer Uhrmacherkunst. Mit ihrem 35 mm Geh\u00e4use mit klaren und weichen Linien ist diese Uhr elegant proportioniert f\u00fcr das Handgelenk der modernen Frau. Das Zifferblatt ist mit einem zart gewellten Dekor verziert und verleiht der Uhr eine lebendige und subtile Textur, die das Licht auf raffinierte Weise einf\u00e4ngt.<\/p>\n","protected":false},"excerpt":{"rendered":"<p>Die Aerowatch-Kollektion Harmonie Lady Quarz verbindet auf raffinierte Weise modernes Design mit Schweizer Uhrmacherkunst. Mit ihrem 35 mm Geh\u00e4use mit klaren und weichen Linien ist diese Uhr elegant proportioniert f\u00fcr das Handgelenk der modernen Frau. Das Zifferblatt ist mit einem zart gewellten Dekor verziert und verleiht der Uhr eine lebendige und subtile Textur, die das &#8230; <a title=\"Aerowatch Harmonie Lady Quarz Beige 35mm\" class=\"read-more\" href=\"https:\/\/lediamant.ch\/de\/uhren\/221510-aerowatch-harmonie-lady-quarz-beige-35mm-a-42107-aa02-m\/\" aria-label=\"Mehr Informationen \u00fcber Aerowatch Harmonie Lady Quarz Beige 35mm\">Weiterlesen &#8230;<\/a><\/p>\n","protected":false},"featured_media":221864,"template":"","meta":{"_acf_changed":false,"_seopress_robots_primary_cat":"27167","_seopress_titles_title":"","_seopress_titles_desc":"Entdecken Sie die exquisite A\u00e9roWatch Lady Quartz - ein Symbol f\u00fcr Anmut und Pr\u00e4zision. Zeitlose Eleganz f\u00fcr sie.","_seopress_robots_index":""},"brand":[27081],"product_brand":[],"product_cat":[27167,42100,27123],"product_tag":[],"class_list":{"0":"post-221510","1":"product","2":"type-product","3":"status-publish","4":"has-post-thumbnail","6":"brand-aerowatch-de","7":"product_cat-aerowatch-de","8":"product_cat-harmonie-de","9":"product_cat-uhren","10":"pa_couleurduboitier-grau-de","11":"pa_couleurdubracelet-grau-de","12":"pa_couleurducadran-beige-de","13":"pa_detail-de-s-pierres-s-11-diamanten-si1-0088-ct-labor","14":"pa_etancheite-50m-de","15":"pa_forme-runden","16":"pa_genre-frau","17":"pa_matiere-stahl","18":"pa_matierebraceletmontre-edelstahl","19":"pa_mouvement-quarzbatterie-de","20":"pa_swissmade-ja-de","21":"pa_typedemontre-uhrenmitdiamanten","22":"pa_verre-saphir-de","23":"sales-flash-overlay","24":"woocommerce-text-align-center","25":"woocommerce-image-align-center","26":"do-quantity-buttons","28":"first","29":"instock","30":"taxable","31":"shipping-taxable","32":"purchasable","33":"product-type-simple"},"acf":[],"_links":{"self":[{"href":"https:\/\/lediamant.ch\/de\/wp-json\/wp\/v2\/product\/221510","targetHints":{"allow":["GET"]}}],"collection":[{"href":"https:\/\/lediamant.ch\/de\/wp-json\/wp\/v2\/product"}],"about":[{"href":"https:\/\/lediamant.ch\/de\/wp-json\/wp\/v2\/types\/product"}],"wp:featuredmedia":[{"embeddable":true,"href":"https:\/\/lediamant.ch\/de\/wp-json\/wp\/v2\/media\/221864"}],"wp:attachment":[{"href":"https:\/\/lediamant.ch\/de\/wp-json\/wp\/v2\/media?parent=221510"}],"wp:term":[{"taxonomy":"brand","embeddable":true,"href":"https:\/\/lediamant.ch\/de\/wp-json\/wp\/v2\/brand?post=221510"},{"taxonomy":"product_brand","embeddable":true,"href":"https:\/\/lediamant.ch\/de\/wp-json\/wp\/v2\/product_brand?post=221510"},{"taxonomy":"product_cat","embeddable":true,"href":"https:\/\/lediamant.ch\/de\/wp-json\/wp\/v2\/product_cat?post=221510"},{"taxonomy":"product_tag","embeddable":true,"href":"https:\/\/lediamant.ch\/de\/wp-json\/wp\/v2\/product_tag?post=221510"}],"curies":[{"name":"wp","href":"https:\/\/api.w.org\/{rel}","templated":true}]}}