{"id":221512,"date":"2025-07-15T18:51:32","date_gmt":"2025-07-15T16:51:32","guid":{"rendered":"https:\/\/lediamant.ch\/produit\/unkategorisiert\/aerowatch-lady-automatic-5\/"},"modified":"2025-10-28T15:56:01","modified_gmt":"2025-10-28T14:56:01","slug":"aerowatch-lady-automatic-5","status":"publish","type":"product","link":"https:\/\/lediamant.ch\/de\/uhren\/221512-aerowatch-harmonie-lady-automatic-35mm-a-60106-aa02-m\/","title":{"rendered":"Aerowatch Harmonie Lady Automatic 35mm"},"content":{"rendered":"<p>Die Aerowatch Harmonie-Kollektion verbindet auf raffinierte Weise modernes Design mit Schweizer Uhrmacherkunst. Mit ihrem 35 mm Geh\u00e4use mit klaren und weichen Linien ist diese Uhr elegant proportioniert f\u00fcr das Handgelenk der modernen Frau. Das Zifferblatt ist mit einem sanft gewellten Dekor verziert und verleiht der Uhr eine lebendige und subtile Textur, die das Licht auf raffinierte Weise einf\u00e4ngt.<\/p>\n","protected":false},"excerpt":{"rendered":"<p>Die Aerowatch Harmonie-Kollektion verbindet auf raffinierte Weise modernes Design mit Schweizer Uhrmacherkunst. Mit ihrem 35 mm Geh\u00e4use mit klaren und weichen Linien ist diese Uhr elegant proportioniert f\u00fcr das Handgelenk der modernen Frau. Das Zifferblatt ist mit einem sanft gewellten Dekor verziert und verleiht der Uhr eine lebendige und subtile Textur, die das Licht auf &#8230; <a title=\"Aerowatch Harmonie Lady Automatic 35mm\" class=\"read-more\" href=\"https:\/\/lediamant.ch\/de\/uhren\/221512-aerowatch-harmonie-lady-automatic-35mm-a-60106-aa02-m\/\" aria-label=\"Mehr Informationen \u00fcber Aerowatch Harmonie Lady Automatic 35mm\">Weiterlesen &#8230;<\/a><\/p>\n","protected":false},"featured_media":221853,"template":"","meta":{"_acf_changed":false,"_seopress_robots_primary_cat":"27167","_seopress_titles_title":"","_seopress_titles_desc":"Entdecken Sie die zeitlose Eleganz der Aerowatch Lady Automatic. Schweizer Pr\u00e4zision f\u00fcr einen raffinierten Stil. Besuchen Sie uns f\u00fcr weitere Details!","_seopress_robots_index":""},"brand":[27081],"product_brand":[],"product_cat":[27167,42100,27123],"product_tag":[],"class_list":{"0":"post-221512","1":"product","2":"type-product","3":"status-publish","4":"has-post-thumbnail","6":"brand-aerowatch-de","7":"product_cat-aerowatch-de","8":"product_cat-harmonie-de","9":"product_cat-uhren","10":"pa_couleurduboitier-grau-de","11":"pa_couleurdubracelet-grau-de","12":"pa_couleurducadran-beige-de","13":"pa_detail-de-s-pierres-s-11-diamanten-si1-0088-ct-labor","14":"pa_etancheite-50m-de","15":"pa_forme-runden","16":"pa_genre-frau","17":"pa_matiere-stahl","18":"pa_matierebraceletmontre-edelstahl","19":"pa_mouvement-automatik-de","20":"pa_option-boitier-transparenter-hintergrund","21":"pa_swissmade-ja-de","22":"pa_typedemontre-uhrenmitdiamanten","23":"pa_verre-saphir-de","24":"sales-flash-overlay","25":"woocommerce-text-align-center","26":"woocommerce-image-align-center","27":"do-quantity-buttons","29":"first","30":"instock","31":"taxable","32":"shipping-taxable","33":"purchasable","34":"product-type-simple"},"acf":[],"_links":{"self":[{"href":"https:\/\/lediamant.ch\/de\/wp-json\/wp\/v2\/product\/221512","targetHints":{"allow":["GET"]}}],"collection":[{"href":"https:\/\/lediamant.ch\/de\/wp-json\/wp\/v2\/product"}],"about":[{"href":"https:\/\/lediamant.ch\/de\/wp-json\/wp\/v2\/types\/product"}],"wp:featuredmedia":[{"embeddable":true,"href":"https:\/\/lediamant.ch\/de\/wp-json\/wp\/v2\/media\/221853"}],"wp:attachment":[{"href":"https:\/\/lediamant.ch\/de\/wp-json\/wp\/v2\/media?parent=221512"}],"wp:term":[{"taxonomy":"brand","embeddable":true,"href":"https:\/\/lediamant.ch\/de\/wp-json\/wp\/v2\/brand?post=221512"},{"taxonomy":"product_brand","embeddable":true,"href":"https:\/\/lediamant.ch\/de\/wp-json\/wp\/v2\/product_brand?post=221512"},{"taxonomy":"product_cat","embeddable":true,"href":"https:\/\/lediamant.ch\/de\/wp-json\/wp\/v2\/product_cat?post=221512"},{"taxonomy":"product_tag","embeddable":true,"href":"https:\/\/lediamant.ch\/de\/wp-json\/wp\/v2\/product_tag?post=221512"}],"curies":[{"name":"wp","href":"https:\/\/api.w.org\/{rel}","templated":true}]}}