{"id":221519,"date":"2024-12-15T19:18:32","date_gmt":"2024-12-15T18:18:32","guid":{"rendered":"https:\/\/lediamant.ch\/produit\/unkategorisiert\/aerowatch-chrono-quartz\/"},"modified":"2025-10-24T15:05:15","modified_gmt":"2025-10-24T13:05:15","slug":"aerowatch-chrono-quartz","status":"publish","type":"product","link":"https:\/\/lediamant.ch\/de\/uhren\/221519-aerowatch-les-grandes-classiques-chrono-42mm-a-89992-aa03\/","title":{"rendered":"Aerowatch Les Grandes Classiques Chrono 42mm"},"content":{"rendered":"<p>Das Geh\u00e4use der Aerowatch Grand Classique ist aus poliertem Stahl und hat einen Durchmesser von 42 mm. Das schlichte Zifferblatt weist drei markante Z\u00e4hler auf: eine kleine Sekunde bei 3 Uhr, einen Stundenz\u00e4hler bei 6 Uhr und einen Minutenz\u00e4hler bei 9 Uhr. Bei 12 Uhr befinden sich die Anzeigen f\u00fcr den Monat und den Wochentag, die durch den diskreten Kontrast besonders gut ablesbar sind. Das Datum wird durch einen roten Halbmondzeiger angezeigt, der \u00fcber die 31 Ziffern am Rand des Zifferblatts gleitet. Ein kratzfestes und entspiegeltes Saphirglas sch\u00fctzt die Uhr vor Kratzern und \u00e4u\u00dferen Einfl\u00fcssen. Mit einer Wasserdichtigkeit von 5 ATM ist diese Uhr perfekt f\u00fcr den t\u00e4glichen Gebrauch geeignet. Das edle Lederarmband passt sich angenehm an Ihr Handgelenk an und sorgt f\u00fcr einen optimalen Tragekomfort und sicheren Halt.<\/p>\n","protected":false},"excerpt":{"rendered":"<p>Das Geh\u00e4use der Aerowatch Grand Classique ist aus poliertem Stahl und hat einen Durchmesser von 42 mm. Das schlichte Zifferblatt weist drei markante Z\u00e4hler auf: eine kleine Sekunde bei 3 Uhr, einen Stundenz\u00e4hler bei 6 Uhr und einen Minutenz\u00e4hler bei 9 Uhr. Bei 12 Uhr befinden sich die Anzeigen f\u00fcr den Monat und den Wochentag, &#8230; <a title=\"Aerowatch Les Grandes Classiques Chrono 42mm\" class=\"read-more\" href=\"https:\/\/lediamant.ch\/de\/uhren\/221519-aerowatch-les-grandes-classiques-chrono-42mm-a-89992-aa03\/\" aria-label=\"Mehr Informationen \u00fcber Aerowatch Les Grandes Classiques Chrono 42mm\">Weiterlesen &#8230;<\/a><\/p>\n","protected":false},"featured_media":221782,"template":"","meta":{"_acf_changed":false,"_seopress_robots_primary_cat":"27167","_seopress_titles_title":"","_seopress_titles_desc":"Entdecken Sie die zeitlose Eleganz der Aerowatch Chrono Quartz A 89992 AA03. Schweizer Pr\u00e4zision f\u00fcr einen unvergleichlichen Stil.","_seopress_robots_index":""},"brand":[27081],"product_brand":[],"product_cat":[27167,27289,27123],"product_tag":[],"class_list":{"0":"post-221519","1":"product","2":"type-product","3":"status-publish","4":"has-post-thumbnail","6":"brand-aerowatch-de","7":"product_cat-aerowatch-de","8":"product_cat-les-grandes-classiques-de","9":"product_cat-uhren","10":"pa_couleurduboitier-grau-de","11":"pa_couleurdubracelet-braun-de","12":"pa_couleurducadran-schwarz","13":"pa_etancheite-50m-de","14":"pa_forme-runden","15":"pa_genre-mann","16":"pa_matiere-stahl","17":"pa_matierebraceletmontre-leder","18":"pa_mouvement-quarzbatterie-de","19":"pa_swissmade-ja-de","20":"pa_typedemontre-chronograph-de","21":"pa_verre-saphir-de","22":"sales-flash-overlay","23":"woocommerce-text-align-center","24":"woocommerce-image-align-center","25":"do-quantity-buttons","27":"first","28":"instock","29":"taxable","30":"shipping-taxable","31":"purchasable","32":"product-type-simple"},"acf":[],"_links":{"self":[{"href":"https:\/\/lediamant.ch\/de\/wp-json\/wp\/v2\/product\/221519","targetHints":{"allow":["GET"]}}],"collection":[{"href":"https:\/\/lediamant.ch\/de\/wp-json\/wp\/v2\/product"}],"about":[{"href":"https:\/\/lediamant.ch\/de\/wp-json\/wp\/v2\/types\/product"}],"wp:featuredmedia":[{"embeddable":true,"href":"https:\/\/lediamant.ch\/de\/wp-json\/wp\/v2\/media\/221782"}],"wp:attachment":[{"href":"https:\/\/lediamant.ch\/de\/wp-json\/wp\/v2\/media?parent=221519"}],"wp:term":[{"taxonomy":"brand","embeddable":true,"href":"https:\/\/lediamant.ch\/de\/wp-json\/wp\/v2\/brand?post=221519"},{"taxonomy":"product_brand","embeddable":true,"href":"https:\/\/lediamant.ch\/de\/wp-json\/wp\/v2\/product_brand?post=221519"},{"taxonomy":"product_cat","embeddable":true,"href":"https:\/\/lediamant.ch\/de\/wp-json\/wp\/v2\/product_cat?post=221519"},{"taxonomy":"product_tag","embeddable":true,"href":"https:\/\/lediamant.ch\/de\/wp-json\/wp\/v2\/product_tag?post=221519"}],"curies":[{"name":"wp","href":"https:\/\/api.w.org\/{rel}","templated":true}]}}