{"id":221520,"date":"2025-02-02T19:03:31","date_gmt":"2025-02-02T18:03:31","guid":{"rendered":"https:\/\/lediamant.ch\/produit\/unkategorisiert\/aerowatch-gent-quartz-7\/"},"modified":"2025-10-24T16:31:18","modified_gmt":"2025-10-24T14:31:18","slug":"aerowatch-gent-quartz-7","status":"publish","type":"product","link":"https:\/\/lediamant.ch\/de\/uhren\/221520-aerowatch-les-grandes-classiques-date-gent-quartz-a-42102-ja02\/","title":{"rendered":"Aerowatch Les Grandes Classiques Date Gent Quartz 40mm"},"content":{"rendered":"<p>Die Aerowatch Les Grandes Classiques ist eine Uhr mit klassischem Design, die das Handgelenk des stilbewussten Modebewussten schm\u00fcckt und geschickt Zeit, Pr\u00e4zision und Zuverl\u00e4ssigkeit miteinander verbindet. Diese Herrenuhr ist aus Stahl gefertigt und hat einen Durchmesser von 40 mm. Dank des wei\u00dfen Zifferblatts lenkt nichts von der Zeit ab. Ein entspiegeltes Saphirglas sch\u00fctzt die Uhr. Das hochwertige Lederarmband passt sich perfekt an Ihr Handgelenk an und sorgt f\u00fcr optimalen Komfort und sicheren Halt. Die klaren Linien und der elegante Stil der Kollektion Les Grandes Classiques machen diese Uhr begehrenswert.<\/p>\n","protected":false},"excerpt":{"rendered":"<p>Die Aerowatch Les Grandes Classiques ist eine Uhr mit klassischem Design, die das Handgelenk des stilbewussten Modebewussten schm\u00fcckt und geschickt Zeit, Pr\u00e4zision und Zuverl\u00e4ssigkeit miteinander verbindet. Diese Herrenuhr ist aus Stahl gefertigt und hat einen Durchmesser von 40 mm. Dank des wei\u00dfen Zifferblatts lenkt nichts von der Zeit ab. Ein entspiegeltes Saphirglas sch\u00fctzt die Uhr. &#8230; <a title=\"Aerowatch Les Grandes Classiques Date Gent Quartz 40mm\" class=\"read-more\" href=\"https:\/\/lediamant.ch\/de\/uhren\/221520-aerowatch-les-grandes-classiques-date-gent-quartz-a-42102-ja02\/\" aria-label=\"Mehr Informationen \u00fcber Aerowatch Les Grandes Classiques Date Gent Quartz 40mm\">Weiterlesen &#8230;<\/a><\/p>\n","protected":false},"featured_media":221822,"template":"","meta":{"_acf_changed":false,"_seopress_robots_primary_cat":"27167","_seopress_titles_title":"","_seopress_titles_desc":"Entdecken Sie die zeitlose Eleganz der Aerowatch Gent Quartz 42mm. Raffiniertes Design und Schweizer Pr\u00e4zision f\u00fcr einen makellosen Stil.","_seopress_robots_index":""},"brand":[27081],"product_brand":[],"product_cat":[27167,27289,27123],"product_tag":[],"class_list":{"0":"post-221520","1":"product","2":"type-product","3":"status-publish","4":"has-post-thumbnail","6":"brand-aerowatch-de","7":"product_cat-aerowatch-de","8":"product_cat-les-grandes-classiques-de","9":"product_cat-uhren","10":"pa_couleurduboitier-gelb-de","11":"pa_couleurdubracelet-braun-de","12":"pa_couleurducadran-weiss","13":"pa_etancheite-50m-de","14":"pa_forme-runden","15":"pa_genre-mann","16":"pa_matiere-gelbgoldpvd","17":"pa_matierebraceletmontre-leder","18":"pa_mouvement-quarzbatterie-de","19":"pa_swissmade-ja-de","20":"pa_verre-saphir-de","21":"sales-flash-overlay","22":"woocommerce-text-align-center","23":"woocommerce-image-align-center","24":"do-quantity-buttons","26":"first","27":"instock","28":"taxable","29":"shipping-taxable","30":"purchasable","31":"product-type-simple"},"acf":[],"_links":{"self":[{"href":"https:\/\/lediamant.ch\/de\/wp-json\/wp\/v2\/product\/221520","targetHints":{"allow":["GET"]}}],"collection":[{"href":"https:\/\/lediamant.ch\/de\/wp-json\/wp\/v2\/product"}],"about":[{"href":"https:\/\/lediamant.ch\/de\/wp-json\/wp\/v2\/types\/product"}],"wp:featuredmedia":[{"embeddable":true,"href":"https:\/\/lediamant.ch\/de\/wp-json\/wp\/v2\/media\/221822"}],"wp:attachment":[{"href":"https:\/\/lediamant.ch\/de\/wp-json\/wp\/v2\/media?parent=221520"}],"wp:term":[{"taxonomy":"brand","embeddable":true,"href":"https:\/\/lediamant.ch\/de\/wp-json\/wp\/v2\/brand?post=221520"},{"taxonomy":"product_brand","embeddable":true,"href":"https:\/\/lediamant.ch\/de\/wp-json\/wp\/v2\/product_brand?post=221520"},{"taxonomy":"product_cat","embeddable":true,"href":"https:\/\/lediamant.ch\/de\/wp-json\/wp\/v2\/product_cat?post=221520"},{"taxonomy":"product_tag","embeddable":true,"href":"https:\/\/lediamant.ch\/de\/wp-json\/wp\/v2\/product_tag?post=221520"}],"curies":[{"name":"wp","href":"https:\/\/api.w.org\/{rel}","templated":true}]}}