{"id":221522,"date":"0202-08-15T19:06:32","date_gmt":"0202-08-15T18:57:11","guid":{"rendered":"https:\/\/lediamant.ch\/produit\/unkategorisiert\/aerowatch-chrono-pilote-auto\/"},"modified":"2025-10-24T16:15:40","modified_gmt":"2025-10-24T14:15:40","slug":"aerowatch-chrono-pilote-auto","status":"publish","type":"product","link":"https:\/\/lediamant.ch\/de\/uhren\/221522-aerowatch-les-grandes-classiques-pilot-automatic-chrono-a-61989-aa09\/","title":{"rendered":"Aerowatch Les Grandes Classiques Pilot Automatic Chrono Day-Date Schwarz"},"content":{"rendered":"<p>Mit dem Pilot Automatic Chrono l\u00e4sst Aerowatch den Pioniergeist der Luftfahrt wieder aufleben und stellt gleichzeitig seine uhrmacherischen F\u00e4higkeiten unter Beweis. Inspiriert von den Anf\u00e4ngen der 1910 in La Chaux-de-Fonds gegr\u00fcndeten Marke, vereint dieser charakterstarke Chronograph Funktionalit\u00e4t, \u00c4sthetik und Zuverl\u00e4ssigkeit.<\/p>\n<p>Das 44 mm gro\u00dfe Geh\u00e4use aus satiniertem und poliertem Stahl ist eine starke Pr\u00e4senz am Handgelenk. Das schwarze Zifferblatt mit Leuchtindexen und -zeigern garantiert eine optimale Ablesbarkeit bei Tag und Nacht. Drei raffiniert integrierte Z\u00e4hler - Stunden, Minuten und kleine Sekunde - werden durch eine Wochentags- und Datumsanzeige bei 3 Uhr erg\u00e4nzt.<\/p>\n<p>Das Herz dieses Zeitmessers schl\u00e4gt im Rhythmus des Schweizer Automatikkalibers ETA Valjoux 7750, das durch den transparenten Geh\u00e4useboden sichtbar ist. Das Werk wird durch ein entspiegeltes Saphirglas gesch\u00fctzt und bietet eine Gangreserve von 54 Stunden - ein Garant f\u00fcr Pr\u00e4zision und Ausdauer.<\/p>\n<p>Das Lederarmband, das von traditionellen Fliegeruhren inspiriert ist, vereint Robustheit, Komfort und Eleganz. Die Pilot Automatic Chrono ist mehr als nur eine Uhr, sie ist eine Reminiszenz an die gro\u00dfen Zeiten der Luftfahrt und ein erstklassiger Begleiter f\u00fcr Freigeister.<\/p>\n","protected":false},"excerpt":{"rendered":"<p>Mit dem Pilot Automatic Chrono l\u00e4sst Aerowatch den Pioniergeist der Luftfahrt wieder aufleben und stellt gleichzeitig seine uhrmacherischen F\u00e4higkeiten unter Beweis. Inspiriert von den Anf\u00e4ngen der 1910 in La Chaux-de-Fonds gegr\u00fcndeten Marke, vereint dieser charakterstarke Chronograph Funktionalit\u00e4t, \u00c4sthetik und Zuverl\u00e4ssigkeit. Das 44 mm gro\u00dfe Geh\u00e4use aus satiniertem und poliertem Stahl ist eine starke Pr\u00e4senz am &#8230; <a title=\"Aerowatch Les Grandes Classiques Pilot Automatic Chrono Day-Date Schwarz\" class=\"read-more\" href=\"https:\/\/lediamant.ch\/de\/uhren\/221522-aerowatch-les-grandes-classiques-pilot-automatic-chrono-a-61989-aa09\/\" aria-label=\"Mehr Informationen \u00fcber Aerowatch Les Grandes Classiques Pilot Automatic Chrono Day-Date Schwarz\">Weiterlesen &#8230;<\/a><\/p>\n","protected":false},"featured_media":221807,"template":"","meta":{"_acf_changed":false,"_seopress_robots_primary_cat":"27167","_seopress_titles_title":"","_seopress_titles_desc":"Entdecken Sie die Eleganz des Chrono Pilote Auto von A\u00e9roWatch, eine Uhr, die Pr\u00e4zision und Stil vereint. Ideal f\u00fcr Flugliebhaber.","_seopress_robots_index":""},"brand":[27081],"product_brand":[],"product_cat":[27167,27289,27123],"product_tag":[],"class_list":{"0":"post-221522","1":"product","2":"type-product","3":"status-publish","4":"has-post-thumbnail","6":"brand-aerowatch-de","7":"product_cat-aerowatch-de","8":"product_cat-les-grandes-classiques-de","9":"product_cat-uhren","10":"pa_couleurduboitier-grau-de","11":"pa_couleurdubracelet-schwarz-de","12":"pa_couleurducadran-schwarz","13":"pa_etancheite-50m-de","14":"pa_forme-runden","15":"pa_genre-mann","16":"pa_matiere-stahl","17":"pa_matierebraceletmontre-leder","18":"pa_modele-de-mouvement-sellita-sw500-de","19":"pa_mouvement-automatik-de","20":"pa_option-boitier-transparenter-hintergrund","21":"pa_swissmade-ja-de","22":"pa_typedemontre-chronograph-de","23":"pa_typedemontre-fliegeruhren","24":"pa_verre-saphir-de","25":"sales-flash-overlay","26":"woocommerce-text-align-center","27":"woocommerce-image-align-center","28":"do-quantity-buttons","30":"first","31":"instock","32":"taxable","33":"shipping-taxable","34":"purchasable","35":"product-type-simple"},"acf":[],"_links":{"self":[{"href":"https:\/\/lediamant.ch\/de\/wp-json\/wp\/v2\/product\/221522","targetHints":{"allow":["GET"]}}],"collection":[{"href":"https:\/\/lediamant.ch\/de\/wp-json\/wp\/v2\/product"}],"about":[{"href":"https:\/\/lediamant.ch\/de\/wp-json\/wp\/v2\/types\/product"}],"wp:featuredmedia":[{"embeddable":true,"href":"https:\/\/lediamant.ch\/de\/wp-json\/wp\/v2\/media\/221807"}],"wp:attachment":[{"href":"https:\/\/lediamant.ch\/de\/wp-json\/wp\/v2\/media?parent=221522"}],"wp:term":[{"taxonomy":"brand","embeddable":true,"href":"https:\/\/lediamant.ch\/de\/wp-json\/wp\/v2\/brand?post=221522"},{"taxonomy":"product_brand","embeddable":true,"href":"https:\/\/lediamant.ch\/de\/wp-json\/wp\/v2\/product_brand?post=221522"},{"taxonomy":"product_cat","embeddable":true,"href":"https:\/\/lediamant.ch\/de\/wp-json\/wp\/v2\/product_cat?post=221522"},{"taxonomy":"product_tag","embeddable":true,"href":"https:\/\/lediamant.ch\/de\/wp-json\/wp\/v2\/product_tag?post=221522"}],"curies":[{"name":"wp","href":"https:\/\/api.w.org\/{rel}","templated":true}]}}