{"id":221525,"date":"2023-12-02T19:42:31","date_gmt":"2023-12-02T18:42:31","guid":{"rendered":"https:\/\/lediamant.ch\/produit\/unkategorisiert\/aerowatch-quartz-sport-6\/"},"modified":"2025-10-24T11:41:57","modified_gmt":"2025-10-24T09:41:57","slug":"aerowatch-quartz-sport-6","status":"publish","type":"product","link":"https:\/\/lediamant.ch\/de\/uhren\/221525-aerowatch-milan-date-sport-41mm-a-42999-aa05-m\/","title":{"rendered":"Aerowatch Milan Date Sport 41mm"},"content":{"rendered":"<p>Die familiengef\u00fchrte Uhrenmarke Aerowatch hat zum ersten Mal in ihrer Geschichte eine Uhr im Industriedesign mit integriertem Armband geschaffen. Seit jeher ist die Marke den Werten der Schweizer Uhrmacherei treu geblieben. Die neue Kollektion &#8222;MILAN&#8220; unterstreicht auf unnachahmliche Weise die Verbundenheit des Hauses mit dem m\u00e4rchenhaften Jura, der von m\u00e4chtigen Tannen gepr\u00e4gt ist und auch die Heimat des drittgr\u00f6\u00dften Raubvogels mit demselben Namen ist.<\/p>\n<p>Die &#8222;MILAN&#8220; von Aerowatch ist aus Edelstahl gefertigt und besticht durch ihr sportlich-dezentes Aussehen, das durch die H\u00f6rner, die eine Einheit mit dem Geh\u00e4use bilden, hervorgehoben wird. Die gekerbte L\u00fcnette und die gesch\u00fctzte Aufzugskrone f\u00fcgen sich harmonisch in das Gesamtbild ein und unterstreichen die klare Linie.<\/p>\n<p>Bei genauerem Hinsehen erkennt man, dass bei dieser Uhr nichts dem Zufall \u00fcberlassen wurde und dass jedes Detail die Philosophie von Aerowatch widerspiegelt: Perfektion und Liebe zum Detail werden immer wieder hervorgehoben. Besondere Aufmerksamkeit verdient die raffinierte Umsetzung des emblematischen Tannenmotivs auf dem Zifferblatt und dem Sekundenzeiger. Das grafische Tannenmotiv erzeugt einen Eindruck von Tiefe und verwandelt das Zifferblatt in einen idyllischen Tannenwald, der zu einem mentalen Spaziergang durch die Weiten des Jura einl\u00e4dt.<\/p>\n","protected":false},"excerpt":{"rendered":"<p>Die familiengef\u00fchrte Uhrenmarke Aerowatch hat zum ersten Mal in ihrer Geschichte eine Uhr im Industriedesign mit integriertem Armband geschaffen. Seit jeher ist die Marke den Werten der Schweizer Uhrmacherei treu geblieben. Die neue Kollektion &#8222;MILAN&#8220; unterstreicht auf unnachahmliche Weise die Verbundenheit des Hauses mit dem m\u00e4rchenhaften Jura, der von m\u00e4chtigen Tannen gepr\u00e4gt ist und auch &#8230; <a title=\"Aerowatch Milan Date Sport 41mm\" class=\"read-more\" href=\"https:\/\/lediamant.ch\/de\/uhren\/221525-aerowatch-milan-date-sport-41mm-a-42999-aa05-m\/\" aria-label=\"Mehr Informationen \u00fcber Aerowatch Milan Date Sport 41mm\">Weiterlesen &#8230;<\/a><\/p>\n","protected":false},"featured_media":221760,"template":"","meta":{"_acf_changed":false,"_seopress_robots_primary_cat":"27167","_seopress_titles_title":"","_seopress_titles_desc":"Entdecken Sie die Eleganz der Aerowatch Quartz Sport 6, die perfekt f\u00fcr Stilbewusste ist, f\u00fcr CHF 429.99. Entdecken Sie jetzt!","_seopress_robots_index":""},"brand":[27081],"product_brand":[],"product_cat":[27167,27233,27123],"product_tag":[],"class_list":{"0":"post-221525","1":"product","2":"type-product","3":"status-publish","4":"has-post-thumbnail","6":"brand-aerowatch-de","7":"product_cat-aerowatch-de","8":"product_cat-milan-de","9":"product_cat-uhren","10":"pa_couleurducadran-blau","11":"pa_etancheite-120m-de","12":"pa_forme-runden","13":"pa_genre-mann","14":"pa_matiere-stahl","15":"pa_matierebraceletmontre-edelstahl","16":"pa_mouvement-quarzbatterie-de","17":"pa_swissmade-ja-de","18":"pa_verre-saphir-de","19":"sales-flash-overlay","20":"woocommerce-text-align-center","21":"woocommerce-image-align-center","22":"do-quantity-buttons","24":"first","25":"instock","26":"taxable","27":"shipping-taxable","28":"purchasable","29":"product-type-simple"},"acf":[],"_links":{"self":[{"href":"https:\/\/lediamant.ch\/de\/wp-json\/wp\/v2\/product\/221525","targetHints":{"allow":["GET"]}}],"collection":[{"href":"https:\/\/lediamant.ch\/de\/wp-json\/wp\/v2\/product"}],"about":[{"href":"https:\/\/lediamant.ch\/de\/wp-json\/wp\/v2\/types\/product"}],"wp:featuredmedia":[{"embeddable":true,"href":"https:\/\/lediamant.ch\/de\/wp-json\/wp\/v2\/media\/221760"}],"wp:attachment":[{"href":"https:\/\/lediamant.ch\/de\/wp-json\/wp\/v2\/media?parent=221525"}],"wp:term":[{"taxonomy":"brand","embeddable":true,"href":"https:\/\/lediamant.ch\/de\/wp-json\/wp\/v2\/brand?post=221525"},{"taxonomy":"product_brand","embeddable":true,"href":"https:\/\/lediamant.ch\/de\/wp-json\/wp\/v2\/product_brand?post=221525"},{"taxonomy":"product_cat","embeddable":true,"href":"https:\/\/lediamant.ch\/de\/wp-json\/wp\/v2\/product_cat?post=221525"},{"taxonomy":"product_tag","embeddable":true,"href":"https:\/\/lediamant.ch\/de\/wp-json\/wp\/v2\/product_tag?post=221525"}],"curies":[{"name":"wp","href":"https:\/\/api.w.org\/{rel}","templated":true}]}}