{"id":221526,"date":"2023-08-02T19:27:31","date_gmt":"2023-08-02T17:27:31","guid":{"rendered":"https:\/\/lediamant.ch\/produit\/unkategorisiert\/aerowatch-lady-quartz-11\/"},"modified":"2025-10-24T14:28:06","modified_gmt":"2025-10-24T12:28:06","slug":"aerowatch-lady-quartz-11","status":"publish","type":"product","link":"https:\/\/lediamant.ch\/de\/uhren\/221526-aerowatch-intuition-lady-quarz-violett-stahl-a-49988-aa05-m\/","title":{"rendered":"Aerowatch Intuition Lady Quarz Violett Stahl"},"content":{"rendered":"","protected":false},"excerpt":{"rendered":"","protected":false},"featured_media":221044,"template":"","meta":{"_acf_changed":false,"_seopress_robots_primary_cat":"27167","_seopress_titles_title":"","_seopress_titles_desc":"Entdecken Sie zeitlose Eleganz mit der Aerowatch Lady Quartz. Eine klassische Schweizer Uhr, die Sch\u00f6nheit und Pr\u00e4zision vereint. Ideal f\u00fcr jede Gelegenheit!","_seopress_robots_index":""},"brand":[27081],"product_brand":[],"product_cat":[27123,27167,27267],"product_tag":[],"class_list":{"0":"post-221526","1":"product","2":"type-product","3":"status-publish","4":"has-post-thumbnail","6":"brand-aerowatch-de","7":"product_cat-uhren","8":"product_cat-aerowatch-de","9":"product_cat-intuition-de","10":"pa_couleurducadran-violett","11":"pa_detail-de-s-pierres-s-3-diamanten","12":"pa_etancheite-50m-de","13":"pa_forme-rechteckig-de","14":"pa_genre-frau","15":"pa_matiere-stahl","16":"pa_matierebraceletmontre-edelstahl","17":"pa_mouvement-quarzbatterie-de","18":"pa_swissmade-ja-de","19":"pa_verre-saphir-de","20":"sales-flash-overlay","21":"woocommerce-text-align-center","22":"woocommerce-image-align-center","23":"do-quantity-buttons","25":"first","26":"instock","27":"taxable","28":"shipping-taxable","29":"purchasable","30":"product-type-simple"},"acf":[],"_links":{"self":[{"href":"https:\/\/lediamant.ch\/de\/wp-json\/wp\/v2\/product\/221526","targetHints":{"allow":["GET"]}}],"collection":[{"href":"https:\/\/lediamant.ch\/de\/wp-json\/wp\/v2\/product"}],"about":[{"href":"https:\/\/lediamant.ch\/de\/wp-json\/wp\/v2\/types\/product"}],"wp:featuredmedia":[{"embeddable":true,"href":"https:\/\/lediamant.ch\/de\/wp-json\/wp\/v2\/media\/221044"}],"wp:attachment":[{"href":"https:\/\/lediamant.ch\/de\/wp-json\/wp\/v2\/media?parent=221526"}],"wp:term":[{"taxonomy":"brand","embeddable":true,"href":"https:\/\/lediamant.ch\/de\/wp-json\/wp\/v2\/brand?post=221526"},{"taxonomy":"product_brand","embeddable":true,"href":"https:\/\/lediamant.ch\/de\/wp-json\/wp\/v2\/product_brand?post=221526"},{"taxonomy":"product_cat","embeddable":true,"href":"https:\/\/lediamant.ch\/de\/wp-json\/wp\/v2\/product_cat?post=221526"},{"taxonomy":"product_tag","embeddable":true,"href":"https:\/\/lediamant.ch\/de\/wp-json\/wp\/v2\/product_tag?post=221526"}],"curies":[{"name":"wp","href":"https:\/\/api.w.org\/{rel}","templated":true}]}}