{"id":221527,"date":"2022-03-02T19:45:31","date_gmt":"2022-03-02T18:45:31","guid":{"rendered":"https:\/\/lediamant.ch\/produit\/unkategorisiert\/aerowatch-lady-quartz-13\/"},"modified":"2025-10-24T11:25:50","modified_gmt":"2025-10-24T09:25:50","slug":"aerowatch-lady-quartz-13","status":"publish","type":"product","link":"https:\/\/lediamant.ch\/de\/uhren\/221527-aerowatch-les-grandes-classiques-date-lady-quarz-31mm-a-49101-bi01-m\/","title":{"rendered":"Aerowatch Les Grandes Classiques Date Lady Quarz 31mm"},"content":{"rendered":"<p>Die Aerowatch Les Grandes Classiques ist ein klassisch gestaltetes Accessoire f\u00fcr das Handgelenk stilbewusster Fashionistas, das Zeit, Pr\u00e4zision und Zuverl\u00e4ssigkeit gekonnt miteinander verbindet. Dieses Modell f\u00fcr Damen ist aus Edelstahl gefertigt und hat einen Durchmesser von 31 mm. Das klassische Zifferblatt mit Sonnenschliff zeigt das Datum bei 6 Uhr an. Dank des symmetrischen und klaren Designs lenkt nichts von der Zeit ab, die durch das widerstandsf\u00e4hige und entspiegelte Saphirglas angezeigt wird. Das hochwertige Armband passt sich perfekt an Ihr Handgelenk an und sorgt f\u00fcr optimalen Komfort und sicheren Halt. Die klaren Linien und der elegante Stil der Les Grandes Classiques Kollektion machen diese Uhr begehrenswert.<\/p>\n","protected":false},"excerpt":{"rendered":"<p>Die Aerowatch Les Grandes Classiques ist ein klassisch gestaltetes Accessoire f\u00fcr das Handgelenk stilbewusster Fashionistas, das Zeit, Pr\u00e4zision und Zuverl\u00e4ssigkeit gekonnt miteinander verbindet. Dieses Modell f\u00fcr Damen ist aus Edelstahl gefertigt und hat einen Durchmesser von 31 mm. Das klassische Zifferblatt mit Sonnenschliff zeigt das Datum bei 6 Uhr an. Dank des symmetrischen und klaren &#8230; <a title=\"Aerowatch Les Grandes Classiques Date Lady Quarz 31mm\" class=\"read-more\" href=\"https:\/\/lediamant.ch\/de\/uhren\/221527-aerowatch-les-grandes-classiques-date-lady-quarz-31mm-a-49101-bi01-m\/\" aria-label=\"Mehr Informationen \u00fcber Aerowatch Les Grandes Classiques Date Lady Quarz 31mm\">Weiterlesen &#8230;<\/a><\/p>\n","protected":false},"featured_media":221757,"template":"","meta":{"_acf_changed":false,"_seopress_robots_primary_cat":"27167","_seopress_titles_title":"","_seopress_titles_desc":"Entdecken Sie die Aerowatch Lady Quartz, ein Symbol f\u00fcr Eleganz und Pr\u00e4zision. Perfekt f\u00fcr ein besonderes Geschenk.","_seopress_robots_index":""},"brand":[27081],"product_brand":[],"product_cat":[27123,27167,27289],"product_tag":[],"class_list":{"0":"post-221527","1":"product","2":"type-product","3":"status-publish","4":"has-post-thumbnail","6":"brand-aerowatch-de","7":"product_cat-uhren","8":"product_cat-aerowatch-de","9":"product_cat-les-grandes-classiques-de","10":"pa_couleurduboitier-zweifarbig-de","11":"pa_couleurdubracelet-bicolor","12":"pa_couleurducadran-silber","13":"pa_etancheite-50m-de","14":"pa_forme-runden","15":"pa_genre-frau","16":"pa_matiere-zweifarbigstahlgelbgoldpvd","17":"pa_matierebraceletmontre-edelstahl","18":"pa_mouvement-quarzbatterie-de","19":"pa_swissmade-ja-de","20":"pa_verre-saphir-de","21":"sales-flash-overlay","22":"woocommerce-text-align-center","23":"woocommerce-image-align-center","24":"do-quantity-buttons","26":"first","27":"instock","28":"taxable","29":"shipping-taxable","30":"purchasable","31":"product-type-simple"},"acf":[],"_links":{"self":[{"href":"https:\/\/lediamant.ch\/de\/wp-json\/wp\/v2\/product\/221527","targetHints":{"allow":["GET"]}}],"collection":[{"href":"https:\/\/lediamant.ch\/de\/wp-json\/wp\/v2\/product"}],"about":[{"href":"https:\/\/lediamant.ch\/de\/wp-json\/wp\/v2\/types\/product"}],"wp:featuredmedia":[{"embeddable":true,"href":"https:\/\/lediamant.ch\/de\/wp-json\/wp\/v2\/media\/221757"}],"wp:attachment":[{"href":"https:\/\/lediamant.ch\/de\/wp-json\/wp\/v2\/media?parent=221527"}],"wp:term":[{"taxonomy":"brand","embeddable":true,"href":"https:\/\/lediamant.ch\/de\/wp-json\/wp\/v2\/brand?post=221527"},{"taxonomy":"product_brand","embeddable":true,"href":"https:\/\/lediamant.ch\/de\/wp-json\/wp\/v2\/product_brand?post=221527"},{"taxonomy":"product_cat","embeddable":true,"href":"https:\/\/lediamant.ch\/de\/wp-json\/wp\/v2\/product_cat?post=221527"},{"taxonomy":"product_tag","embeddable":true,"href":"https:\/\/lediamant.ch\/de\/wp-json\/wp\/v2\/product_tag?post=221527"}],"curies":[{"name":"wp","href":"https:\/\/api.w.org\/{rel}","templated":true}]}}