{"id":221529,"date":"2021-12-02T19:48:31","date_gmt":"2021-12-02T18:48:31","guid":{"rendered":"https:\/\/lediamant.ch\/produit\/unkategorisiert\/aerowatch-7-fuseaux-horaires\/"},"modified":"2025-10-24T11:14:46","modified_gmt":"2025-10-24T09:14:46","slug":"aerowatch-7-fuseaux-horaires","status":"publish","type":"product","link":"https:\/\/lediamant.ch\/de\/uhren\/221529-aerowatch-renaissance-7-time-zones-blaues-leder-a-51974-aa01\/","title":{"rendered":"Aerowatch Renaissance 7 Time Zones blaues Leder"},"content":{"rendered":"<p>Mit dem Modell Renaissance &#8222;7 Time Zones&#8220; bringt Aerowatch eine mechanische Uhr auf den Markt, die auf einen Blick die Ortszeit sowie die Zeit von sechs Weltmetropolen anzeigt. Das Konzept f\u00fcr diese au\u00dfergew\u00f6hnliche Uhr stammt von Fred-Eric Bolzli, einem Uhreningenieur und Mitinhaber des Familienunternehmens Aerowatch. Mit der &#8222;7 Time Zone&#8220; pr\u00e4sentiert Aerowatch eine mechanische Uhr mit einem unschlagbaren Preis-Leistungs-Verh\u00e4ltnis. Mit dieser Kreation etabliert sich Aerowatch endg\u00fcltig als ein sicherer Wert im kleinen Kreis der innovativen und unabh\u00e4ngigen jurassischen Uhrenunternehmen.Das 7 Time Zone Uhrwerk ist das neue Flaggschiff des jurassischen Herstellers Aerowatch und befindet sich in einem Geh\u00e4use im Renaissance-Stil, das die etablierten Regeln der Symmetrie und Proportionen respektiert. Die Uhr basiert auf dem Unitas Handaufzugswerk und zeigt neben der Ortszeit sechs Zeitzonen an.<br \/>\nDas off-white Zifferblatt ist poliert und hat sechs matt satinierte 24-Stunden-Z\u00e4hler sowie sechs r\u00f6mische Ziffern f\u00fcr die Stundenanzeige. Diese ungew\u00f6hnliche Uhr verbindet das N\u00fctzliche mit dem Angenehmen und hat ein sehr ausgewogenes Aussehen. Die blauen Zeiger und die sechs St\u00e4dtenamen (LONDON, MOSCOW, DUBAI, SHANGHAI, TOKYO, NEW YORK) machen es einfach, die verschiedenen Zeitzonen abzulesen. Das Geh\u00e4use aus poliertem Edelstahl mit einem Durchmesser von 44 mm ist mit einem Dr\u00fccker bei 10 Uhr ausgestattet, mit dem die Ortszeit des Ortes, an dem man sich befindet, individuell eingestellt werden kann.<br \/>\nDie 6 Z\u00e4hler mit den Namen der St\u00e4dte zeigen weiterhin die entsprechende Ortszeit an. Diese Manipulation erfolgt ausschlie\u00dflich bei einem Wechsel der Zeitzone. Das aufwendig gearbeitete Uhrwerk wurde nach allen Attributen der Haute Horlogerie entworfen. Die Platine ist mit Genfer Streifen verziert und unterstreicht den Glanz der gebl\u00e4uten Schrauben. Das vergoldete Sperrklinkenrad und das Kronenrad (mechanische Aufzugsvorrichtung) sind im Tourbillon-Muster skelettiert, was diesem Zeitmesser einen modernen Touch verleiht.<br \/>\nIm Gegensatz zu anderen Uhren mit mehreren Zeitzonen ist die &#8222;7 Time Zone&#8220; ein Muss f\u00fcr Vielreisende und f\u00fcr Menschen, die weltweit kommunizieren. Diejenigen, die in andere Zeitzonen reisen, werden diese Raffinesse zu sch\u00e4tzen wissen, die es erm\u00f6glicht, die Zeit des Reiseziels auf der 24-Stunden-Anzeige abzulesen. Die M\u00f6glichkeit, auf einen Blick zu sehen, wie sp\u00e4t es bei der Person ist, die Sie kontaktieren m\u00f6chten, ist eine unverzichtbare Zusatzfunktion.<\/p>\n","protected":false},"excerpt":{"rendered":"<p>Mit dem Modell Renaissance &#8222;7 Time Zones&#8220; bringt Aerowatch eine mechanische Uhr auf den Markt, die auf einen Blick die Ortszeit sowie die Zeit von sechs Weltmetropolen anzeigt. Das Konzept f\u00fcr diese au\u00dfergew\u00f6hnliche Uhr stammt von Fred-Eric Bolzli, einem Uhreningenieur und Mitinhaber des Familienunternehmens Aerowatch. Mit der &#8222;7 Time Zone&#8220; pr\u00e4sentiert Aerowatch eine mechanische Uhr &#8230; <a title=\"Aerowatch Renaissance 7 Time Zones blaues Leder\" class=\"read-more\" href=\"https:\/\/lediamant.ch\/de\/uhren\/221529-aerowatch-renaissance-7-time-zones-blaues-leder-a-51974-aa01\/\" aria-label=\"Mehr Informationen \u00fcber Aerowatch Renaissance 7 Time Zones blaues Leder\">Weiterlesen &#8230;<\/a><\/p>\n","protected":false},"featured_media":221754,"template":"","meta":{"_acf_changed":false,"_seopress_robots_primary_cat":"27167","_seopress_titles_title":"","_seopress_titles_desc":"Entdecken Sie die Exklusivit\u00e4t und Eleganz der Aerowatch 7 Zeitzonen, ein Meisterwerk der Pr\u00e4zision. Ideal f\u00fcr Reisende.","_seopress_robots_index":""},"brand":[27081],"product_brand":[],"product_cat":[27167,27321,27123],"product_tag":[],"class_list":{"0":"post-221529","1":"product","2":"type-product","3":"status-publish","4":"has-post-thumbnail","6":"brand-aerowatch-de","7":"product_cat-aerowatch-de","8":"product_cat-renaissance-de","9":"product_cat-uhren","10":"pa_couleurduboitier-grau-de","11":"pa_couleurdubracelet-blau-de","12":"pa_couleurducadran-weiss","13":"pa_etancheite-50m-de","14":"pa_forme-runden","15":"pa_genre-mann","16":"pa_matiere-stahl","17":"pa_matierebraceletmontre-leder","18":"pa_modele-de-mouvement-eta-6497-1-de","19":"pa_mouvement-mechanik","20":"pa_swissmade-ja-de","21":"pa_typedemontre-uhrenmithandaufzug","22":"pa_verre-saphir-de","23":"sales-flash-overlay","24":"woocommerce-text-align-center","25":"woocommerce-image-align-center","26":"do-quantity-buttons","28":"first","29":"instock","30":"taxable","31":"shipping-taxable","32":"purchasable","33":"product-type-simple"},"acf":[],"_links":{"self":[{"href":"https:\/\/lediamant.ch\/de\/wp-json\/wp\/v2\/product\/221529","targetHints":{"allow":["GET"]}}],"collection":[{"href":"https:\/\/lediamant.ch\/de\/wp-json\/wp\/v2\/product"}],"about":[{"href":"https:\/\/lediamant.ch\/de\/wp-json\/wp\/v2\/types\/product"}],"wp:featuredmedia":[{"embeddable":true,"href":"https:\/\/lediamant.ch\/de\/wp-json\/wp\/v2\/media\/221754"}],"wp:attachment":[{"href":"https:\/\/lediamant.ch\/de\/wp-json\/wp\/v2\/media?parent=221529"}],"wp:term":[{"taxonomy":"brand","embeddable":true,"href":"https:\/\/lediamant.ch\/de\/wp-json\/wp\/v2\/brand?post=221529"},{"taxonomy":"product_brand","embeddable":true,"href":"https:\/\/lediamant.ch\/de\/wp-json\/wp\/v2\/product_brand?post=221529"},{"taxonomy":"product_cat","embeddable":true,"href":"https:\/\/lediamant.ch\/de\/wp-json\/wp\/v2\/product_cat?post=221529"},{"taxonomy":"product_tag","embeddable":true,"href":"https:\/\/lediamant.ch\/de\/wp-json\/wp\/v2\/product_tag?post=221529"}],"curies":[{"name":"wp","href":"https:\/\/api.w.org\/{rel}","templated":true}]}}