{"id":221530,"date":"2025-02-02T19:33:32","date_gmt":"2025-02-02T18:33:32","guid":{"rendered":"https:\/\/lediamant.ch\/produit\/unkategorisiert\/aerowatch-lady-classique\/"},"modified":"2025-10-24T14:01:26","modified_gmt":"2025-10-24T12:01:26","slug":"aerowatch-lady-classique","status":"publish","type":"product","link":"https:\/\/lediamant.ch\/de\/uhren\/221530-aerowatch-intuition-classic-diamonds-stahl-a-49988-aa01-dia-m\/","title":{"rendered":"Aerowatch Intuition Classic Diamonds Stahl"},"content":{"rendered":"<p>Das Schweizer Familienunternehmen Aerowatch stellt die neue Intuition Classic Diamonds vor, die ausschlie\u00dflich dem weiblichen Geschlecht gewidmet ist. Mit ihren geradlinigen Linien und dem gew\u00f6lbten Stahlgeh\u00e4use, das sich perfekt an das Handgelenk schmiegt, besticht die neue &#8222;Intuition&#8220; schon auf den ersten Blick durch ihre Proportionen. Mit dieser neuen Kreation gelingt Aerowatch die Verbindung von Moderne und Klassik in Form einer ausgewogenen und anmutigen Uhr.<\/p>\n","protected":false},"excerpt":{"rendered":"<p>Das Schweizer Familienunternehmen Aerowatch stellt die neue Intuition Classic Diamonds vor, die ausschlie\u00dflich dem weiblichen Geschlecht gewidmet ist. Mit ihren geradlinigen Linien und dem gew\u00f6lbten Stahlgeh\u00e4use, das sich perfekt an das Handgelenk schmiegt, besticht die neue &#8222;Intuition&#8220; schon auf den ersten Blick durch ihre Proportionen. Mit dieser neuen Kreation gelingt Aerowatch die Verbindung von Moderne &#8230; <a title=\"Aerowatch Intuition Classic Diamonds Stahl\" class=\"read-more\" href=\"https:\/\/lediamant.ch\/de\/uhren\/221530-aerowatch-intuition-classic-diamonds-stahl-a-49988-aa01-dia-m\/\" aria-label=\"Mehr Informationen \u00fcber Aerowatch Intuition Classic Diamonds Stahl\">Weiterlesen &#8230;<\/a><\/p>\n","protected":false},"featured_media":221769,"template":"","meta":{"_acf_changed":false,"_seopress_robots_primary_cat":"27167","_seopress_titles_title":"","_seopress_titles_desc":"Entdecken Sie die Aerowatch Lady Classique - ein Symbol f\u00fcr zeitlose Eleganz und Schweizer Pr\u00e4zision. Perfekt f\u00fcr jeden Anlass.","_seopress_robots_index":""},"brand":[27081],"product_brand":[],"product_cat":[27167,27267,27123],"product_tag":[],"class_list":{"0":"post-221530","1":"product","2":"type-product","3":"status-publish","4":"has-post-thumbnail","6":"brand-aerowatch-de","7":"product_cat-aerowatch-de","8":"product_cat-intuition-de","9":"product_cat-uhren","10":"pa_couleurduboitier-grau-de","11":"pa_couleurdubracelet-grau-de","12":"pa_couleurducadran-silber","13":"pa_detail-de-s-pierres-s-30-vs-diamanten-073-ct-in-der-schweiz-hergestellte-synthetische-diamanten","14":"pa_etancheite-50m-de","15":"pa_forme-rechteckig-de","16":"pa_genre-frau","17":"pa_matiere-stahl","18":"pa_matierebraceletmontre-edelstahl","19":"pa_mouvement-quarzbatterie-de","20":"pa_swissmade-ja-de","21":"pa_typedemontre-uhrenmitdiamanten","22":"pa_verre-saphir-de","23":"sales-flash-overlay","24":"woocommerce-text-align-center","25":"woocommerce-image-align-center","26":"do-quantity-buttons","28":"first","29":"instock","30":"taxable","31":"shipping-taxable","32":"purchasable","33":"product-type-simple"},"acf":[],"_links":{"self":[{"href":"https:\/\/lediamant.ch\/de\/wp-json\/wp\/v2\/product\/221530","targetHints":{"allow":["GET"]}}],"collection":[{"href":"https:\/\/lediamant.ch\/de\/wp-json\/wp\/v2\/product"}],"about":[{"href":"https:\/\/lediamant.ch\/de\/wp-json\/wp\/v2\/types\/product"}],"wp:featuredmedia":[{"embeddable":true,"href":"https:\/\/lediamant.ch\/de\/wp-json\/wp\/v2\/media\/221769"}],"wp:attachment":[{"href":"https:\/\/lediamant.ch\/de\/wp-json\/wp\/v2\/media?parent=221530"}],"wp:term":[{"taxonomy":"brand","embeddable":true,"href":"https:\/\/lediamant.ch\/de\/wp-json\/wp\/v2\/brand?post=221530"},{"taxonomy":"product_brand","embeddable":true,"href":"https:\/\/lediamant.ch\/de\/wp-json\/wp\/v2\/product_brand?post=221530"},{"taxonomy":"product_cat","embeddable":true,"href":"https:\/\/lediamant.ch\/de\/wp-json\/wp\/v2\/product_cat?post=221530"},{"taxonomy":"product_tag","embeddable":true,"href":"https:\/\/lediamant.ch\/de\/wp-json\/wp\/v2\/product_tag?post=221530"}],"curies":[{"name":"wp","href":"https:\/\/api.w.org\/{rel}","templated":true}]}}