{"id":221538,"date":"2021-08-02T20:00:32","date_gmt":"2021-08-02T18:00:32","guid":{"rendered":"https:\/\/lediamant.ch\/produit\/unkategorisiert\/aerowatch-quartz-dual-time-4\/"},"modified":"2025-10-24T09:40:53","modified_gmt":"2025-10-24T07:40:53","slug":"aerowatch-quartz-dual-time-4","status":"publish","type":"product","link":"https:\/\/lediamant.ch\/de\/uhren\/221538-aerowatch-taschenuhr-lepine-quarz-dual-time-05826-pd01\/","title":{"rendered":"Aerowatch Taschenuhr Lepine Quarz Dual Time"},"content":{"rendered":"<p>Seit seiner Gr\u00fcndung im Jahre 1910 ist dieses traditionelle Familienunternehmen f\u00fcr seine Taschenuhren ber\u00fchmt. Dieses unabh\u00e4ngige Unternehmen erinnert an sein reiches Erbe und l\u00e4sst die Vergangenheit wieder aufleben. Die Leidenschaft und die Werte dieses aus dem Jura stammenden Unternehmens sind in seiner neuen Taschenuhr harmonisch vereint.<\/p>\n","protected":false},"excerpt":{"rendered":"<p>Seit seiner Gr\u00fcndung im Jahre 1910 ist dieses traditionelle Familienunternehmen f\u00fcr seine Taschenuhren ber\u00fchmt. Dieses unabh\u00e4ngige Unternehmen erinnert an sein reiches Erbe und l\u00e4sst die Vergangenheit wieder aufleben. Die Leidenschaft und die Werte dieses aus dem Jura stammenden Unternehmens sind in seiner neuen Taschenuhr harmonisch vereint.<\/p>\n","protected":false},"featured_media":221741,"template":"","meta":{"_acf_changed":false,"_seopress_robots_primary_cat":"27167","_seopress_titles_title":"","_seopress_titles_desc":"Entdecken Sie die Aerowatch Quartz Dual Time, eine Uhr mit Schweizer Eleganz und Pr\u00e4zision. Perfekt f\u00fcr Reisende. Jetzt kaufen!","_seopress_robots_index":"","_seopress_analysis_target_kw":""},"brand":[27081],"product_brand":[],"product_cat":[27123,27167,27337,42084],"product_tag":[],"class_list":{"0":"post-221538","1":"product","2":"type-product","3":"status-publish","4":"has-post-thumbnail","6":"brand-aerowatch-de","7":"product_cat-uhren","8":"product_cat-aerowatch-de","9":"product_cat-taschenuhren","10":"product_cat-lepine-de","11":"pa_couleurducadran-silber","12":"pa_genre-mann","13":"pa_matiere-palladiumplattiert","14":"pa_mouvement-quarzbatterie-de","15":"pa_swissmade-ja-de","16":"pa_typedemontre-taschenuhren","17":"pa_verre-mineralglas-de","18":"sales-flash-overlay","19":"woocommerce-text-align-center","20":"woocommerce-image-align-center","21":"do-quantity-buttons","23":"first","24":"instock","25":"taxable","26":"shipping-taxable","27":"purchasable","28":"product-type-simple"},"acf":[],"_links":{"self":[{"href":"https:\/\/lediamant.ch\/de\/wp-json\/wp\/v2\/product\/221538","targetHints":{"allow":["GET"]}}],"collection":[{"href":"https:\/\/lediamant.ch\/de\/wp-json\/wp\/v2\/product"}],"about":[{"href":"https:\/\/lediamant.ch\/de\/wp-json\/wp\/v2\/types\/product"}],"wp:featuredmedia":[{"embeddable":true,"href":"https:\/\/lediamant.ch\/de\/wp-json\/wp\/v2\/media\/221741"}],"wp:attachment":[{"href":"https:\/\/lediamant.ch\/de\/wp-json\/wp\/v2\/media?parent=221538"}],"wp:term":[{"taxonomy":"brand","embeddable":true,"href":"https:\/\/lediamant.ch\/de\/wp-json\/wp\/v2\/brand?post=221538"},{"taxonomy":"product_brand","embeddable":true,"href":"https:\/\/lediamant.ch\/de\/wp-json\/wp\/v2\/product_brand?post=221538"},{"taxonomy":"product_cat","embeddable":true,"href":"https:\/\/lediamant.ch\/de\/wp-json\/wp\/v2\/product_cat?post=221538"},{"taxonomy":"product_tag","embeddable":true,"href":"https:\/\/lediamant.ch\/de\/wp-json\/wp\/v2\/product_tag?post=221538"}],"curies":[{"name":"wp","href":"https:\/\/api.w.org\/{rel}","templated":true}]}}