{"id":221545,"date":"2023-05-02T20:42:31","date_gmt":"2023-05-02T18:42:31","guid":{"rendered":"https:\/\/lediamant.ch\/produit\/unkategorisiert\/aerowatch-automatique-3\/"},"modified":"2025-10-17T17:26:51","modified_gmt":"2025-10-17T15:26:51","slug":"aerowatch-automatique-3","status":"publish","type":"product","link":"https:\/\/lediamant.ch\/de\/uhren\/221545-aerowatch-streamline-automatic-stahl-a-60959-aa06\/","title":{"rendered":"Aerowatch Streamline Automatic Stahl"},"content":{"rendered":"<p>Das Geh\u00e4use der Aerowatch 1942 Elegance ist aus Stahl gefertigt, was eine raffinierte \u00c4sthetik und optimale Haltbarkeit garantiert. Das guillochierte Zifferblatt mit arabischen Ziffern bietet eine Datumsanzeige bei 6 Uhr. Das symmetrische und intuitive Design des Zifferblatts erm\u00f6glicht ein optimales Ablesen der Zeit, was eine fl\u00fcssige und effiziente Bedienung f\u00f6rdert. Die blattf\u00f6rmigen Zeiger, die aufgrund ihrer raffinierten \u00c4sthetik ausgew\u00e4hlt wurden, spiegeln die zeitlose Eleganz wider, die f\u00fcr die 1942 Elegance charakteristisch ist. Das entspiegelte Saphirglas sorgt f\u00fcr eine bessere Ablesbarkeit der Uhrzeit. Die Uhr, die wir Ihnen anbieten, hat eine Wasserdichtigkeit von 5 ATM und ist somit ein perfektes Accessoire f\u00fcr den t\u00e4glichen Gebrauch.<\/p>\n","protected":false},"excerpt":{"rendered":"<p>Das Geh\u00e4use der Aerowatch 1942 Elegance ist aus Stahl gefertigt, was eine raffinierte \u00c4sthetik und optimale Haltbarkeit garantiert. Das guillochierte Zifferblatt mit arabischen Ziffern bietet eine Datumsanzeige bei 6 Uhr. Das symmetrische und intuitive Design des Zifferblatts erm\u00f6glicht ein optimales Ablesen der Zeit, was eine fl\u00fcssige und effiziente Bedienung f\u00f6rdert. Die blattf\u00f6rmigen Zeiger, die aufgrund &#8230; <a title=\"Aerowatch Streamline Automatic Stahl\" class=\"read-more\" href=\"https:\/\/lediamant.ch\/de\/uhren\/221545-aerowatch-streamline-automatic-stahl-a-60959-aa06\/\" aria-label=\"Mehr Informationen \u00fcber Aerowatch Streamline Automatic Stahl\">Weiterlesen &#8230;<\/a><\/p>\n","protected":false},"featured_media":221119,"template":"","meta":{"_acf_changed":false,"_seopress_robots_primary_cat":"27167","_seopress_titles_title":"","_seopress_titles_desc":"Entdecken Sie die Eleganz der Aerowatch Automatique auf Lediamant. Pr\u00e4zision und Raffinesse f\u00fcr Ihren Stil.","_seopress_robots_index":""},"brand":[27081],"product_brand":[],"product_cat":[27123,27167,27303],"product_tag":[],"class_list":{"0":"post-221545","1":"product","2":"type-product","3":"status-publish","4":"has-post-thumbnail","6":"brand-aerowatch-de","7":"product_cat-uhren","8":"product_cat-aerowatch-de","9":"product_cat-streamline-de","10":"pa_couleurduboitier-grau-de","11":"pa_couleurdubracelet-schwarz-de","12":"pa_couleurducadran-silber","13":"pa_etancheite-50m-de","14":"pa_forme-fass-de","15":"pa_genre-mann","16":"pa_matiere-stahl","17":"pa_matierebraceletmontre-leder","18":"pa_modele-de-mouvement-sellita-sw200-1-de","19":"pa_mouvement-automatik-de","20":"pa_swissmade-ja-de","21":"pa_verre-saphir-de","22":"sales-flash-overlay","23":"woocommerce-text-align-center","24":"woocommerce-image-align-center","25":"do-quantity-buttons","27":"first","28":"instock","29":"taxable","30":"shipping-taxable","31":"purchasable","32":"product-type-simple"},"acf":[],"_links":{"self":[{"href":"https:\/\/lediamant.ch\/de\/wp-json\/wp\/v2\/product\/221545","targetHints":{"allow":["GET"]}}],"collection":[{"href":"https:\/\/lediamant.ch\/de\/wp-json\/wp\/v2\/product"}],"about":[{"href":"https:\/\/lediamant.ch\/de\/wp-json\/wp\/v2\/types\/product"}],"wp:featuredmedia":[{"embeddable":true,"href":"https:\/\/lediamant.ch\/de\/wp-json\/wp\/v2\/media\/221119"}],"wp:attachment":[{"href":"https:\/\/lediamant.ch\/de\/wp-json\/wp\/v2\/media?parent=221545"}],"wp:term":[{"taxonomy":"brand","embeddable":true,"href":"https:\/\/lediamant.ch\/de\/wp-json\/wp\/v2\/brand?post=221545"},{"taxonomy":"product_brand","embeddable":true,"href":"https:\/\/lediamant.ch\/de\/wp-json\/wp\/v2\/product_brand?post=221545"},{"taxonomy":"product_cat","embeddable":true,"href":"https:\/\/lediamant.ch\/de\/wp-json\/wp\/v2\/product_cat?post=221545"},{"taxonomy":"product_tag","embeddable":true,"href":"https:\/\/lediamant.ch\/de\/wp-json\/wp\/v2\/product_tag?post=221545"}],"curies":[{"name":"wp","href":"https:\/\/api.w.org\/{rel}","templated":true}]}}