{"id":221548,"date":"2023-05-02T20:45:32","date_gmt":"2023-05-02T18:45:32","guid":{"rendered":"https:\/\/lediamant.ch\/produit\/unkategorisiert\/aerowatch-automatique-4\/"},"modified":"2025-10-17T16:47:12","modified_gmt":"2025-10-17T14:47:12","slug":"aerowatch-automatique-4","status":"publish","type":"product","link":"https:\/\/lediamant.ch\/de\/uhren\/221548-aerowatch-streamline-automatic-rose-a-60959-ro06\/","title":{"rendered":"Aerowatch Streamline Automatic Ros\u00e9"},"content":{"rendered":"<p>Das Geh\u00e4use der Aerowatch 1942 Elegance ist aus Stahl gefertigt.<span style=\"font-size: inherit;\">Die Uhr ist aus hochwertigem Edelstahl gefertigt, was eine raffinierte \u00c4sthetik und optimale Haltbarkeit garantiert. Das guillochierte Zifferblatt mit arabischen Ziffern bietet eine Datumsanzeige bei 6 Uhr. Das symmetrische und intuitive Design des Zifferblatts erm\u00f6glicht ein optimales Ablesen der Zeit, was eine reibungslose und effiziente Nutzung f\u00f6rdert. Die blattf\u00f6rmigen Zeiger, die aufgrund ihrer raffinierten \u00c4sthetik ausgew\u00e4hlt wurden, spiegeln die zeitlose Eleganz wider, die f\u00fcr die 1942 Elegance charakteristisch ist. Das entspiegelte Saphirglas sorgt f\u00fcr eine bessere Ablesbarkeit der Uhrzeit. Die Uhr, die wir Ihnen anbieten, hat eine Wasserdichtigkeit von 5 ATM und ist somit ein perfektes Accessoire f\u00fcr den t\u00e4glichen Gebrauch. <\/span><\/p>\n","protected":false},"excerpt":{"rendered":"<p>Das Geh\u00e4use der Aerowatch 1942 Elegance ist aus Stahl gefertigt.Die Uhr ist aus hochwertigem Edelstahl gefertigt, was eine raffinierte \u00c4sthetik und optimale Haltbarkeit garantiert. Das guillochierte Zifferblatt mit arabischen Ziffern bietet eine Datumsanzeige bei 6 Uhr. Das symmetrische und intuitive Design des Zifferblatts erm\u00f6glicht ein optimales Ablesen der Zeit, was eine reibungslose und effiziente Nutzung &#8230; <a title=\"Aerowatch Streamline Automatic Ros\u00e9\" class=\"read-more\" href=\"https:\/\/lediamant.ch\/de\/uhren\/221548-aerowatch-streamline-automatic-rose-a-60959-ro06\/\" aria-label=\"Mehr Informationen \u00fcber Aerowatch Streamline Automatic Ros\u00e9\">Weiterlesen &#8230;<\/a><\/p>\n","protected":false},"featured_media":221704,"template":"","meta":{"_acf_changed":false,"_seopress_robots_primary_cat":"27167","_seopress_titles_title":"","_seopress_titles_desc":"Entdecken Sie die Exzellenz und Eleganz der Aerowatch Automatique auf LeDiamant. Schweizer Design, un\u00fcbertroffene Pr\u00e4zision.","_seopress_robots_index":""},"brand":[27081],"product_brand":[],"product_cat":[27167,27303,27123],"product_tag":[],"class_list":{"0":"post-221548","1":"product","2":"type-product","3":"status-publish","4":"has-post-thumbnail","6":"brand-aerowatch-de","7":"product_cat-aerowatch-de","8":"product_cat-streamline-de","9":"product_cat-uhren","10":"sales-flash-overlay","11":"woocommerce-text-align-center","12":"woocommerce-image-align-center","13":"do-quantity-buttons","15":"first","16":"instock","17":"taxable","18":"shipping-taxable","19":"purchasable","20":"product-type-simple"},"acf":[],"_links":{"self":[{"href":"https:\/\/lediamant.ch\/de\/wp-json\/wp\/v2\/product\/221548","targetHints":{"allow":["GET"]}}],"collection":[{"href":"https:\/\/lediamant.ch\/de\/wp-json\/wp\/v2\/product"}],"about":[{"href":"https:\/\/lediamant.ch\/de\/wp-json\/wp\/v2\/types\/product"}],"wp:featuredmedia":[{"embeddable":true,"href":"https:\/\/lediamant.ch\/de\/wp-json\/wp\/v2\/media\/221704"}],"wp:attachment":[{"href":"https:\/\/lediamant.ch\/de\/wp-json\/wp\/v2\/media?parent=221548"}],"wp:term":[{"taxonomy":"brand","embeddable":true,"href":"https:\/\/lediamant.ch\/de\/wp-json\/wp\/v2\/brand?post=221548"},{"taxonomy":"product_brand","embeddable":true,"href":"https:\/\/lediamant.ch\/de\/wp-json\/wp\/v2\/product_brand?post=221548"},{"taxonomy":"product_cat","embeddable":true,"href":"https:\/\/lediamant.ch\/de\/wp-json\/wp\/v2\/product_cat?post=221548"},{"taxonomy":"product_tag","embeddable":true,"href":"https:\/\/lediamant.ch\/de\/wp-json\/wp\/v2\/product_tag?post=221548"}],"curies":[{"name":"wp","href":"https:\/\/api.w.org\/{rel}","templated":true}]}}