{"id":221552,"date":"2024-03-02T20:51:31","date_gmt":"2024-03-02T19:51:31","guid":{"rendered":"https:\/\/lediamant.ch\/produit\/unkategorisiert\/aerowatch-phases-de-lune-2\/"},"modified":"2025-10-17T15:46:44","modified_gmt":"2025-10-17T13:46:44","slug":"aerowatch-phases-de-lune-2","status":"publish","type":"product","link":"https:\/\/lediamant.ch\/de\/uhren\/221552-aerowatch-1942-automatic-moon-phase-perlmutt-blaues-leder-a-77983-aa02-br-bleu\/","title":{"rendered":"Aerowatch 1942 Automatic Moon Phase Perlmutt blaues Leder"},"content":{"rendered":"<p>Das schlichte Stahlgeh\u00e4use verleiht der 1942 Moon Phase von Aerowatch eine einzigartige Note, die ihresgleichen sucht. Das Perlmuttzifferblatt zeigt eine elegante Mondphasenanzeige bei 6 Uhr und eine Datumsanzeige bei 3 Uhr, die dank des subtilen Kontrasts leicht ablesbar ist. Mit seinen r\u00f6mischen Ziffern verbindet Aerowatch hier die klassischen Aspekte der modernen Uhrmacherei. Die 1942 Moon Phase ist mit einem gew\u00f6lbten, entspiegelten Saphirglas ausgestattet und verf\u00fcgt \u00fcber einen transparenten Boden, der Liebhaber raffinierter Mechanik zu einer faszinierenden Entdeckungsreise einl\u00e4dt. Die Uhr ist mit dem hochwertigen Swiss Made Automatikkaliber Sellita SW280-1 ausgestattet, das eine Gangreserve von 38 Stunden bietet. Mit einer solchen Uhr am Handgelenk haben Sie die Zeit immer auf Ihrer Seite.<\/p>\n","protected":false},"excerpt":{"rendered":"<p>Das schlichte Stahlgeh\u00e4use verleiht der 1942 Moon Phase von Aerowatch eine einzigartige Note, die ihresgleichen sucht. Das Perlmuttzifferblatt zeigt eine elegante Mondphasenanzeige bei 6 Uhr und eine Datumsanzeige bei 3 Uhr, die dank des subtilen Kontrasts leicht ablesbar ist. Mit seinen r\u00f6mischen Ziffern verbindet Aerowatch hier die klassischen Aspekte der modernen Uhrmacherei. Die 1942 Moon &#8230; <a title=\"Aerowatch 1942 Automatic Moon Phase Perlmutt blaues Leder\" class=\"read-more\" href=\"https:\/\/lediamant.ch\/de\/uhren\/221552-aerowatch-1942-automatic-moon-phase-perlmutt-blaues-leder-a-77983-aa02-br-bleu\/\" aria-label=\"Mehr Informationen \u00fcber Aerowatch 1942 Automatic Moon Phase Perlmutt blaues Leder\">Weiterlesen &#8230;<\/a><\/p>\n","protected":false},"featured_media":221693,"template":"","meta":{"_acf_changed":false,"_seopress_robots_primary_cat":"27167","_seopress_titles_title":"","_seopress_titles_desc":"Entdecken Sie die zeitlose Eleganz der Aerowatch Phases de Lune mit blauem Zifferblatt und Lederarmband.","_seopress_robots_index":""},"brand":[27081],"product_brand":[],"product_cat":[27123,27167,27241],"product_tag":[],"class_list":{"0":"post-221552","1":"product","2":"type-product","3":"status-publish","4":"has-post-thumbnail","6":"brand-aerowatch-de","7":"product_cat-uhren","8":"product_cat-aerowatch-de","9":"product_cat-1942-de","10":"pa_couleurdubracelet-blau-de","11":"pa_couleurducadran-perlmutt","12":"pa_etancheite-50m-de","13":"pa_forme-runden","14":"pa_genre-mann","15":"pa_matiere-stahl","16":"pa_matierebraceletmontre-leder","17":"pa_modele-de-mouvement-sellita-sw280-1-de","18":"pa_mouvement-automatik-de","19":"pa_option-boitier-transparenter-hintergrund","20":"pa_swissmade-ja-de","21":"pa_typedemontre-uhrenmitmondanzeige","22":"pa_verre-saphir-de","23":"sales-flash-overlay","24":"woocommerce-text-align-center","25":"woocommerce-image-align-center","26":"do-quantity-buttons","28":"first","29":"instock","30":"taxable","31":"shipping-taxable","32":"purchasable","33":"product-type-simple"},"acf":[],"_links":{"self":[{"href":"https:\/\/lediamant.ch\/de\/wp-json\/wp\/v2\/product\/221552","targetHints":{"allow":["GET"]}}],"collection":[{"href":"https:\/\/lediamant.ch\/de\/wp-json\/wp\/v2\/product"}],"about":[{"href":"https:\/\/lediamant.ch\/de\/wp-json\/wp\/v2\/types\/product"}],"wp:featuredmedia":[{"embeddable":true,"href":"https:\/\/lediamant.ch\/de\/wp-json\/wp\/v2\/media\/221693"}],"wp:attachment":[{"href":"https:\/\/lediamant.ch\/de\/wp-json\/wp\/v2\/media?parent=221552"}],"wp:term":[{"taxonomy":"brand","embeddable":true,"href":"https:\/\/lediamant.ch\/de\/wp-json\/wp\/v2\/brand?post=221552"},{"taxonomy":"product_brand","embeddable":true,"href":"https:\/\/lediamant.ch\/de\/wp-json\/wp\/v2\/product_brand?post=221552"},{"taxonomy":"product_cat","embeddable":true,"href":"https:\/\/lediamant.ch\/de\/wp-json\/wp\/v2\/product_cat?post=221552"},{"taxonomy":"product_tag","embeddable":true,"href":"https:\/\/lediamant.ch\/de\/wp-json\/wp\/v2\/product_tag?post=221552"}],"curies":[{"name":"wp","href":"https:\/\/api.w.org\/{rel}","templated":true}]}}