{"id":221555,"date":"2023-10-02T21:12:32","date_gmt":"2023-10-02T19:12:32","guid":{"rendered":"https:\/\/lediamant.ch\/produit\/unkategorisiert\/aerowatch-petite-seconde-automatique\/"},"modified":"2025-10-15T13:12:02","modified_gmt":"2025-10-15T11:12:02","slug":"aerowatch-petite-seconde-automatique","status":"publish","type":"product","link":"https:\/\/lediamant.ch\/de\/uhren\/221555-aerowatch-1942-automatic-petite-seconde-stahl-a-76983-aa02-m\/","title":{"rendered":"Aerowatch 1942 Automatic Petite Seconde Stahl"},"content":{"rendered":"<p>Das Edelstahlgeh\u00e4use der Aerowatch 1942 Petite Seconde zeichnet sich durch seine Schlichtheit aus und verleiht diesem Modell eine einzigartige und unvergleichliche visuelle Identit\u00e4t. Das Zifferblatt, das Schl\u00fcsselelement unserer Uhr, zeigt eine kleine Sekunde und ein Datum, das dank eines diskreten Kontrastes gut ablesbar ist. Aerowatch ist es gelungen, die Tradition der Uhrmacherei mit zeitgen\u00f6ssischer \u00c4sthetik zu verbinden, wie dieses Modell der Kollektion Classique beweist. Die 1942 Petite Seconde ist mit einem gew\u00f6lbten, entspiegelten Saphirglas und einem transparenten Geh\u00e4useboden ausgestattet. Dieses Modell wurde f\u00fcr Liebhaber edler Mechanik entworfen, die die Feinheiten unseres Know-hows entdecken m\u00f6chten. Die Uhr ist mit einem hochwertigen Swiss Made Automatikkaliber ausgestattet, das eine gro\u00dfz\u00fcgige Gangreserve bietet. Mit dieser innovativen Armbanduhr k\u00f6nnen Sie Ihre Zeit effizient verwalten.<\/p>\n","protected":false},"excerpt":{"rendered":"<p>Das Edelstahlgeh\u00e4use der Aerowatch 1942 Petite Seconde zeichnet sich durch seine Schlichtheit aus und verleiht diesem Modell eine einzigartige und unvergleichliche visuelle Identit\u00e4t. Das Zifferblatt, das Schl\u00fcsselelement unserer Uhr, zeigt eine kleine Sekunde und ein Datum, das dank eines diskreten Kontrastes gut ablesbar ist. Aerowatch ist es gelungen, die Tradition der Uhrmacherei mit zeitgen\u00f6ssischer \u00c4sthetik &#8230; <a title=\"Aerowatch 1942 Automatic Petite Seconde Stahl\" class=\"read-more\" href=\"https:\/\/lediamant.ch\/de\/uhren\/221555-aerowatch-1942-automatic-petite-seconde-stahl-a-76983-aa02-m\/\" aria-label=\"Mehr Informationen \u00fcber Aerowatch 1942 Automatic Petite Seconde Stahl\">Weiterlesen &#8230;<\/a><\/p>\n","protected":false},"featured_media":221646,"template":"","meta":{"_acf_changed":false,"_seopress_robots_primary_cat":"27167","_seopress_titles_title":"","_seopress_titles_desc":"Tauchen Sie ein in die Eleganz der Aerowatch Petite Seconde Automatique. Schweizer Pr\u00e4zision, zeitloses Design. Jetzt kaufen!","_seopress_robots_index":""},"brand":[27081],"product_brand":[],"product_cat":[27123,27167,27241],"product_tag":[],"class_list":{"0":"post-221555","1":"product","2":"type-product","3":"status-publish","4":"has-post-thumbnail","6":"brand-aerowatch-de","7":"product_cat-uhren","8":"product_cat-aerowatch-de","9":"product_cat-1942-de","10":"sales-flash-overlay","11":"woocommerce-text-align-center","12":"woocommerce-image-align-center","13":"do-quantity-buttons","15":"first","16":"instock","17":"taxable","18":"shipping-taxable","19":"purchasable","20":"product-type-simple"},"acf":[],"_links":{"self":[{"href":"https:\/\/lediamant.ch\/de\/wp-json\/wp\/v2\/product\/221555","targetHints":{"allow":["GET"]}}],"collection":[{"href":"https:\/\/lediamant.ch\/de\/wp-json\/wp\/v2\/product"}],"about":[{"href":"https:\/\/lediamant.ch\/de\/wp-json\/wp\/v2\/types\/product"}],"wp:featuredmedia":[{"embeddable":true,"href":"https:\/\/lediamant.ch\/de\/wp-json\/wp\/v2\/media\/221646"}],"wp:attachment":[{"href":"https:\/\/lediamant.ch\/de\/wp-json\/wp\/v2\/media?parent=221555"}],"wp:term":[{"taxonomy":"brand","embeddable":true,"href":"https:\/\/lediamant.ch\/de\/wp-json\/wp\/v2\/brand?post=221555"},{"taxonomy":"product_brand","embeddable":true,"href":"https:\/\/lediamant.ch\/de\/wp-json\/wp\/v2\/product_brand?post=221555"},{"taxonomy":"product_cat","embeddable":true,"href":"https:\/\/lediamant.ch\/de\/wp-json\/wp\/v2\/product_cat?post=221555"},{"taxonomy":"product_tag","embeddable":true,"href":"https:\/\/lediamant.ch\/de\/wp-json\/wp\/v2\/product_tag?post=221555"}],"curies":[{"name":"wp","href":"https:\/\/api.w.org\/{rel}","templated":true}]}}