{"id":221559,"date":"2024-07-02T21:03:31","date_gmt":"2024-07-02T19:03:31","guid":{"rendered":"https:\/\/lediamant.ch\/produit\/unkategorisiert\/aerowatch-quartz-9\/"},"modified":"2025-10-17T14:02:50","modified_gmt":"2025-10-17T12:02:50","slug":"aerowatch-quartz-9","status":"publish","type":"product","link":"https:\/\/lediamant.ch\/de\/uhren\/221559-aerowatch-1942-elegance-quarz-stahl-a-42900-aa29-m\/","title":{"rendered":"Aerowatch 1942 Elegance Quarz Stahl 40mm"},"content":{"rendered":"<p>Das Geh\u00e4use der Aerowatch 1942 Elegance ist aus poliertem Stahl gefertigt und bietet eine raffinierte \u00c4sthetik und optimale Haltbarkeit. Mit einem Durchmesser von 40 mm ist es Teil eines eleganten und funktionalen Designs, das den h\u00f6chsten Anspr\u00fcchen der Uhrenindustrie gerecht wird. Das blaue Zifferblatt mit r\u00f6mischen Ziffern bietet eine Datumsanzeige bei 6 Uhr. Das symmetrische und intuitive Design des Zifferblatts erm\u00f6glicht ein optimales Ablesen der Uhrzeit, was eine fl\u00fcssige und effiziente Bedienung f\u00f6rdert. Die blattf\u00f6rmigen Zeiger, die aufgrund ihrer raffinierten \u00c4sthetik ausgew\u00e4hlt wurden, spiegeln eine zeitlose Eleganz wider. Das Saphirglas, das sich durch seine Entspiegelung und Kratzfestigkeit auszeichnet, bietet einen optimalen Schutz. Mit einer Wasserdichtigkeit von 5 ATM ist diese Uhr so konzipiert, dass sie den H\u00e4rten des Alltags standh\u00e4lt.<\/p>\n","protected":false},"excerpt":{"rendered":"<p>Das Geh\u00e4use der Aerowatch 1942 Elegance ist aus poliertem Stahl gefertigt und bietet eine raffinierte \u00c4sthetik und optimale Haltbarkeit. Mit einem Durchmesser von 40 mm ist es Teil eines eleganten und funktionalen Designs, das den h\u00f6chsten Anspr\u00fcchen der Uhrenindustrie gerecht wird. Das blaue Zifferblatt mit r\u00f6mischen Ziffern bietet eine Datumsanzeige bei 6 Uhr. Das symmetrische &#8230; <a title=\"Aerowatch 1942 Elegance Quarz Stahl 40mm\" class=\"read-more\" href=\"https:\/\/lediamant.ch\/de\/uhren\/221559-aerowatch-1942-elegance-quarz-stahl-a-42900-aa29-m\/\" aria-label=\"Mehr Informationen \u00fcber Aerowatch 1942 Elegance Quarz Stahl 40mm\">Weiterlesen &#8230;<\/a><\/p>\n","protected":false},"featured_media":221681,"template":"","meta":{"_acf_changed":false,"_seopress_robots_primary_cat":"27167","_seopress_titles_title":"","_seopress_titles_desc":"Entdecken Sie die zeitlose Eleganz der Aerowatch Quartz 9 A 42900 AA29. Perfekte Verschmelzung von Stil und Pr\u00e4zision.","_seopress_robots_index":""},"brand":[27081],"product_brand":[],"product_cat":[27241,27167,27123],"product_tag":[],"class_list":{"0":"post-221559","1":"product","2":"type-product","3":"status-publish","4":"has-post-thumbnail","6":"brand-aerowatch-de","7":"product_cat-1942-de","8":"product_cat-aerowatch-de","9":"product_cat-uhren","10":"pa_couleurducadran-blau","11":"pa_etancheite-50m-de","12":"pa_forme-runden","13":"pa_genre-mann","14":"pa_matiere-stahl","15":"pa_matierebraceletmontre-edelstahl","16":"pa_mouvement-quarzbatterie-de","17":"pa_swissmade-ja-de","18":"pa_verre-saphir-de","19":"sales-flash-overlay","20":"woocommerce-text-align-center","21":"woocommerce-image-align-center","22":"do-quantity-buttons","24":"first","25":"instock","26":"taxable","27":"shipping-taxable","28":"purchasable","29":"product-type-simple"},"acf":[],"_links":{"self":[{"href":"https:\/\/lediamant.ch\/de\/wp-json\/wp\/v2\/product\/221559","targetHints":{"allow":["GET"]}}],"collection":[{"href":"https:\/\/lediamant.ch\/de\/wp-json\/wp\/v2\/product"}],"about":[{"href":"https:\/\/lediamant.ch\/de\/wp-json\/wp\/v2\/types\/product"}],"wp:featuredmedia":[{"embeddable":true,"href":"https:\/\/lediamant.ch\/de\/wp-json\/wp\/v2\/media\/221681"}],"wp:attachment":[{"href":"https:\/\/lediamant.ch\/de\/wp-json\/wp\/v2\/media?parent=221559"}],"wp:term":[{"taxonomy":"brand","embeddable":true,"href":"https:\/\/lediamant.ch\/de\/wp-json\/wp\/v2\/brand?post=221559"},{"taxonomy":"product_brand","embeddable":true,"href":"https:\/\/lediamant.ch\/de\/wp-json\/wp\/v2\/product_brand?post=221559"},{"taxonomy":"product_cat","embeddable":true,"href":"https:\/\/lediamant.ch\/de\/wp-json\/wp\/v2\/product_cat?post=221559"},{"taxonomy":"product_tag","embeddable":true,"href":"https:\/\/lediamant.ch\/de\/wp-json\/wp\/v2\/product_tag?post=221559"}],"curies":[{"name":"wp","href":"https:\/\/api.w.org\/{rel}","templated":true}]}}