{"id":221563,"date":"2023-10-02T21:09:32","date_gmt":"2023-10-02T19:09:32","guid":{"rendered":"https:\/\/lediamant.ch\/produit\/unkategorisiert\/aerowatch-automatique-6\/"},"modified":"2025-10-15T13:28:51","modified_gmt":"2025-10-15T11:28:51","slug":"aerowatch-automatique-6","status":"publish","type":"product","link":"https:\/\/lediamant.ch\/de\/uhren\/221563-aerowatch-1942-automatic-stahl-blau-a-60900-aa29-m\/","title":{"rendered":"Aerowatch 1942 Automatic Stahl, Blau"},"content":{"rendered":"<p>Das polierte Stahlgeh\u00e4use der Aerowatch 1942 Automatic mit der gew\u00f6lbten Krone harmoniert perfekt mit dem blauen Zifferblatt mit r\u00f6mischen Ziffern. Die blattf\u00f6rmigen Zeiger, die das ausgewogene Design dieser Uhr vervollst\u00e4ndigen, sind ein Garant f\u00fcr zeitlose Eleganz. Dank des symmetrischen und klaren Designs des Zifferblatts lenkt nichts von der Uhrzeit ab. Ein kratzfestes, entspiegeltes Saphirglas sch\u00fctzt die Uhr vor Kratzern. Diese klassische Herrenuhr ist mit einem Schweizer Automatikwerk mit Datumsanzeige und einem eleganten Stahlarmband ausgestattet. Mit einer solchen Uhr am Handgelenk haben Sie die Zeit immer auf Ihrer Seite.<\/p>\n","protected":false},"excerpt":{"rendered":"<p>Das polierte Stahlgeh\u00e4use der Aerowatch 1942 Automatic mit der gew\u00f6lbten Krone harmoniert perfekt mit dem blauen Zifferblatt mit r\u00f6mischen Ziffern. Die blattf\u00f6rmigen Zeiger, die das ausgewogene Design dieser Uhr vervollst\u00e4ndigen, sind ein Garant f\u00fcr zeitlose Eleganz. Dank des symmetrischen und klaren Designs des Zifferblatts lenkt nichts von der Uhrzeit ab. Ein kratzfestes, entspiegeltes Saphirglas sch\u00fctzt &#8230; <a title=\"Aerowatch 1942 Automatic Stahl, Blau\" class=\"read-more\" href=\"https:\/\/lediamant.ch\/de\/uhren\/221563-aerowatch-1942-automatic-stahl-blau-a-60900-aa29-m\/\" aria-label=\"Mehr Informationen \u00fcber Aerowatch 1942 Automatic Stahl, Blau\">Weiterlesen &#8230;<\/a><\/p>\n","protected":false},"featured_media":221657,"template":"","meta":{"_acf_changed":false,"_seopress_robots_primary_cat":"27167","_seopress_titles_title":"","_seopress_titles_desc":"Erkunden Sie die Aerowatch Automatic mit elegantem Zifferblatt und pr\u00e4zisem Mechanismus. Perfekt f\u00fcr jeden Sammler. Klicken Sie hier f\u00fcr weitere Details.","_seopress_robots_index":""},"brand":[27081],"product_brand":[],"product_cat":[27241,27167,27123],"product_tag":[],"class_list":{"0":"post-221563","1":"product","2":"type-product","3":"status-publish","4":"has-post-thumbnail","6":"brand-aerowatch-de","7":"product_cat-1942-de","8":"product_cat-aerowatch-de","9":"product_cat-uhren","10":"pa_couleurducadran-blau","11":"pa_etancheite-50m-de","12":"pa_forme-runden","13":"pa_genre-mann","14":"pa_matiere-stahl","15":"pa_matierebraceletmontre-edelstahl","16":"pa_modele-de-mouvement-eta-2824-2-de","17":"pa_mouvement-automatik-de","18":"pa_option-boitier-transparenter-hintergrund","19":"pa_swissmade-ja-de","20":"pa_verre-saphir-de","21":"sales-flash-overlay","22":"woocommerce-text-align-center","23":"woocommerce-image-align-center","24":"do-quantity-buttons","26":"first","27":"instock","28":"taxable","29":"shipping-taxable","30":"purchasable","31":"product-type-simple"},"acf":[],"_links":{"self":[{"href":"https:\/\/lediamant.ch\/de\/wp-json\/wp\/v2\/product\/221563","targetHints":{"allow":["GET"]}}],"collection":[{"href":"https:\/\/lediamant.ch\/de\/wp-json\/wp\/v2\/product"}],"about":[{"href":"https:\/\/lediamant.ch\/de\/wp-json\/wp\/v2\/types\/product"}],"wp:featuredmedia":[{"embeddable":true,"href":"https:\/\/lediamant.ch\/de\/wp-json\/wp\/v2\/media\/221657"}],"wp:attachment":[{"href":"https:\/\/lediamant.ch\/de\/wp-json\/wp\/v2\/media?parent=221563"}],"wp:term":[{"taxonomy":"brand","embeddable":true,"href":"https:\/\/lediamant.ch\/de\/wp-json\/wp\/v2\/brand?post=221563"},{"taxonomy":"product_brand","embeddable":true,"href":"https:\/\/lediamant.ch\/de\/wp-json\/wp\/v2\/product_brand?post=221563"},{"taxonomy":"product_cat","embeddable":true,"href":"https:\/\/lediamant.ch\/de\/wp-json\/wp\/v2\/product_cat?post=221563"},{"taxonomy":"product_tag","embeddable":true,"href":"https:\/\/lediamant.ch\/de\/wp-json\/wp\/v2\/product_tag?post=221563"}],"curies":[{"name":"wp","href":"https:\/\/api.w.org\/{rel}","templated":true}]}}