{"id":221570,"date":"2022-10-02T21:33:33","date_gmt":"2022-10-02T19:33:33","guid":{"rendered":"https:\/\/lediamant.ch\/produit\/unkategorisiert\/aerowatch-chronographe-phases-de-lune\/"},"modified":"2025-10-22T14:40:44","modified_gmt":"2025-10-22T12:40:44","slug":"aerowatch-chronographe-phases-de-lune","status":"publish","type":"product","link":"https:\/\/lediamant.ch\/de\/uhren\/221570-aerowatch-renaissance-lady-night-day-a-44938-aa14\/","title":{"rendered":"Aerowatch Renaissance Lady Night &#038; Day"},"content":{"rendered":"<p>Diese klassische Damenuhr von Aerowatch ist mit einem Schweizer Quarzwerk mit Datumsanzeige und Tag-\/Nachtanzeige ausgestattet und hat ein elegantes wei\u00dfes Lederarmband mit Dornschlie\u00dfe.Renaissance ist die Verf\u00fchrerin schlechthin, ausgestattet mit ausgesprochen femininen Attributen. Ein Blick gen\u00fcgt, um die Sinnlichkeit dieser Sch\u00f6nheit zu entdecken und ihrem gepflegten \u00c4u\u00dferen zu erliegen.<\/p>\n","protected":false},"excerpt":{"rendered":"<p>Diese klassische Damenuhr von Aerowatch ist mit einem Schweizer Quarzwerk mit Datumsanzeige und Tag-\/Nachtanzeige ausgestattet und hat ein elegantes wei\u00dfes Lederarmband mit Dornschlie\u00dfe.Renaissance ist die Verf\u00fchrerin schlechthin, ausgestattet mit ausgesprochen femininen Attributen. Ein Blick gen\u00fcgt, um die Sinnlichkeit dieser Sch\u00f6nheit zu entdecken und ihrem gepflegten \u00c4u\u00dferen zu erliegen.<\/p>\n","protected":false},"featured_media":221720,"template":"","meta":{"_acf_changed":false,"_seopress_robots_primary_cat":"27167","_seopress_titles_title":"","_seopress_titles_desc":"Entdecken Sie die zeitlose Eleganz des Aerowatch Chronographen mit Mondphasen, der perfekt zu jedem Anlass passt. Besuchen Sie uns f\u00fcr mehr!","_seopress_robots_index":""},"brand":[27081],"product_brand":[],"product_cat":[27167,27321,27133,27123,27141],"product_tag":[],"class_list":{"0":"post-221570","1":"product","2":"type-product","3":"status-publish","4":"has-post-thumbnail","6":"brand-aerowatch-de","7":"product_cat-aerowatch-de","8":"product_cat-renaissance-de","9":"product_cat-sale","10":"product_cat-uhren","11":"product_cat-uhren-sale","12":"pa_couleurduboitier-grau-de","13":"pa_couleurdubracelet-weiss-de","14":"pa_couleurducadran-silber","15":"pa_etancheite-50m-de","16":"pa_forme-runden","17":"pa_genre-frau","18":"pa_matiere-stahl","19":"pa_matierebraceletmontre-leder","20":"pa_mouvement-quarzbatterie-de","21":"pa_swissmade-ja-de","22":"pa_verre-saphir-de","23":"sales-flash-overlay","24":"woocommerce-text-align-center","25":"woocommerce-image-align-center","26":"do-quantity-buttons","28":"first","29":"instock","30":"sale","31":"taxable","32":"shipping-taxable","33":"purchasable","34":"product-type-simple"},"acf":[],"_links":{"self":[{"href":"https:\/\/lediamant.ch\/de\/wp-json\/wp\/v2\/product\/221570","targetHints":{"allow":["GET"]}}],"collection":[{"href":"https:\/\/lediamant.ch\/de\/wp-json\/wp\/v2\/product"}],"about":[{"href":"https:\/\/lediamant.ch\/de\/wp-json\/wp\/v2\/types\/product"}],"wp:featuredmedia":[{"embeddable":true,"href":"https:\/\/lediamant.ch\/de\/wp-json\/wp\/v2\/media\/221720"}],"wp:attachment":[{"href":"https:\/\/lediamant.ch\/de\/wp-json\/wp\/v2\/media?parent=221570"}],"wp:term":[{"taxonomy":"brand","embeddable":true,"href":"https:\/\/lediamant.ch\/de\/wp-json\/wp\/v2\/brand?post=221570"},{"taxonomy":"product_brand","embeddable":true,"href":"https:\/\/lediamant.ch\/de\/wp-json\/wp\/v2\/product_brand?post=221570"},{"taxonomy":"product_cat","embeddable":true,"href":"https:\/\/lediamant.ch\/de\/wp-json\/wp\/v2\/product_cat?post=221570"},{"taxonomy":"product_tag","embeddable":true,"href":"https:\/\/lediamant.ch\/de\/wp-json\/wp\/v2\/product_tag?post=221570"}],"curies":[{"name":"wp","href":"https:\/\/api.w.org\/{rel}","templated":true}]}}