{"id":221573,"date":"2023-10-02T21:54:32","date_gmt":"2023-10-02T19:54:32","guid":{"rendered":"https:\/\/lediamant.ch\/produit\/unkategorisiert\/aerowatch-lady-quartz-14\/"},"modified":"2025-10-10T14:58:12","modified_gmt":"2025-10-10T12:58:12","slug":"aerowatch-lady-quartz-14","status":"publish","type":"product","link":"https:\/\/lediamant.ch\/de\/uhren\/221573-aerowatch-intuition-diamonds-violettes-leder-a-49988-aa05-dia\/","title":{"rendered":"Aerowatch Intuition Diamonds, violettes Leder"},"content":{"rendered":"<div id=\"tab-description\" class=\"woocommerce-Tabs-panel woocommerce-Tabs-panel--description panel entry-content wc-tab\" role=\"tabpanel\" aria-labelledby=\"tab-title-description\">\n<p>Das Schweizer Familienunternehmen Aerowatch bringt seine neue Produktlinie &#8222;Intuition&#8220; auf den Markt, die speziell auf die Bed\u00fcrfnisse und Erwartungen weiblicher Kunden zugeschnitten ist. Die neueste Kollektion, &#8222;Intuition&#8220;, wurde entwickelt, um die Erwartungen der Kundinnen zu erf\u00fcllen, die eine Uhr mit raffiniertem Design und makelloser Verarbeitung suchen. Die Uhr &#8222;Intuition&#8220; zeichnet sich durch ihre geradlinigen Linien und ihr gew\u00f6lbtes Stahlgeh\u00e4use aus, das sich perfekt an das Handgelenk schmiegt. Die optimalen Proportionen machen diese Uhr schon auf den ersten Blick zu einem attraktiven Produkt. Diese Kreation ist ein perfektes Beispiel f\u00fcr die F\u00e4higkeit von Aerowatch, zeitgen\u00f6ssische \u00c4sthetik und zeitlose Eleganz geschickt miteinander zu verbinden, was zu einem Produkt von bemerkenswerter Harmonie und Anmut f\u00fchrt.<\/p>\n<\/div>\n<div class=\"product-tab-accordion active\" role=\"tab\" aria-controls=\"tab-description\"><\/div>\n","protected":false},"excerpt":{"rendered":"<p>Das Schweizer Familienunternehmen Aerowatch bringt seine neue Produktlinie &#8222;Intuition&#8220; auf den Markt, die speziell auf die Bed\u00fcrfnisse und Erwartungen weiblicher Kunden zugeschnitten ist. Die neueste Kollektion, &#8222;Intuition&#8220;, wurde entwickelt, um die Erwartungen der Kundinnen zu erf\u00fcllen, die eine Uhr mit raffiniertem Design und makelloser Verarbeitung suchen. Die Uhr &#8222;Intuition&#8220; zeichnet sich durch ihre geradlinigen Linien &#8230; <a title=\"Aerowatch Intuition Diamonds, violettes Leder\" class=\"read-more\" href=\"https:\/\/lediamant.ch\/de\/uhren\/221573-aerowatch-intuition-diamonds-violettes-leder-a-49988-aa05-dia\/\" aria-label=\"Mehr Informationen \u00fcber Aerowatch Intuition Diamonds, violettes Leder\">Weiterlesen &#8230;<\/a><\/p>\n","protected":false},"featured_media":221191,"template":"","meta":{"_acf_changed":false,"_seopress_robots_primary_cat":"27167","_seopress_titles_title":"%%post_title%%","_seopress_titles_desc":"Entdecken Sie Aerowatch's 'Intuition', die elegante Uhr speziell f\u00fcr Frauen, die Wert auf Design und Perfektion legen.","_seopress_robots_index":""},"brand":[27081],"product_brand":[],"product_cat":[27167,27267,27123],"product_tag":[],"class_list":{"0":"post-221573","1":"product","2":"type-product","3":"status-publish","4":"has-post-thumbnail","6":"brand-aerowatch-de","7":"product_cat-aerowatch-de","8":"product_cat-intuition-de","9":"product_cat-uhren","10":"pa_couleurdubracelet-lila-de","11":"pa_detail-de-s-pierres-s-30-diamanten-070-ct-labor","12":"pa_etancheite-50m-de","13":"pa_genre-frau","14":"pa_matiere-stahl","15":"pa_matierebraceletmontre-leder","16":"pa_mouvement-quarzbatterie-de","17":"pa_swissmade-ja-de","18":"pa_typedemontre-uhrenmitdiamanten","19":"pa_verre-saphir-de","20":"sales-flash-overlay","21":"woocommerce-text-align-center","22":"woocommerce-image-align-center","23":"do-quantity-buttons","25":"first","26":"instock","27":"taxable","28":"shipping-taxable","29":"purchasable","30":"product-type-simple"},"acf":[],"_links":{"self":[{"href":"https:\/\/lediamant.ch\/de\/wp-json\/wp\/v2\/product\/221573","targetHints":{"allow":["GET"]}}],"collection":[{"href":"https:\/\/lediamant.ch\/de\/wp-json\/wp\/v2\/product"}],"about":[{"href":"https:\/\/lediamant.ch\/de\/wp-json\/wp\/v2\/types\/product"}],"wp:featuredmedia":[{"embeddable":true,"href":"https:\/\/lediamant.ch\/de\/wp-json\/wp\/v2\/media\/221191"}],"wp:attachment":[{"href":"https:\/\/lediamant.ch\/de\/wp-json\/wp\/v2\/media?parent=221573"}],"wp:term":[{"taxonomy":"brand","embeddable":true,"href":"https:\/\/lediamant.ch\/de\/wp-json\/wp\/v2\/brand?post=221573"},{"taxonomy":"product_brand","embeddable":true,"href":"https:\/\/lediamant.ch\/de\/wp-json\/wp\/v2\/product_brand?post=221573"},{"taxonomy":"product_cat","embeddable":true,"href":"https:\/\/lediamant.ch\/de\/wp-json\/wp\/v2\/product_cat?post=221573"},{"taxonomy":"product_tag","embeddable":true,"href":"https:\/\/lediamant.ch\/de\/wp-json\/wp\/v2\/product_tag?post=221573"}],"curies":[{"name":"wp","href":"https:\/\/api.w.org\/{rel}","templated":true}]}}