{"id":222373,"date":"2025-11-05T13:56:46","date_gmt":"2025-11-05T12:56:46","guid":{"rendered":"https:\/\/lediamant.ch\/?post_type=product&#038;p=222373"},"modified":"2025-11-05T14:12:11","modified_gmt":"2025-11-05T13:12:11","slug":"balmain-taffetas-22-5-x-23-5mm","status":"publish","type":"product","link":"https:\/\/lediamant.ch\/de\/uhren\/222373-balmain-taffetas-22-5-x-23-5mm-b46513328\/","title":{"rendered":"Balmain Taffetas 22.5 x 23.5mm"},"content":{"rendered":"<p>Die Balmain Taffetas ist eine von Juwelierkunst inspirierte Damenuhr, die asymmetrische Eleganz mit modernem Charme verbindet. Das sechseckige Edelstahlgeh\u00e4use und das passende Armband erinnern an die seidige Sch\u00f6nheit des Taffetas, w\u00e4hrend das wei\u00dfe Zifferblatt mit dem Balmain-Logo einen raffinierten Akzent setzt. Diese Swiss Made Uhr hat einen Durchmesser von 22,50 mm und ist mit einem Saphirglas ausgestattet.<\/p>\n","protected":false},"excerpt":{"rendered":"<p>Die Balmain Taffetas ist eine von Juwelierkunst inspirierte Damenuhr, die asymmetrische Eleganz mit modernem Charme verbindet. Das sechseckige Edelstahlgeh\u00e4use und das passende Armband erinnern an die seidige Sch\u00f6nheit des Taffetas, w\u00e4hrend das wei\u00dfe Zifferblatt mit dem Balmain-Logo einen raffinierten Akzent setzt. Diese Swiss Made Uhr hat einen Durchmesser von 22,50 mm und ist mit einem &#8230; <a title=\"Balmain Taffetas 22.5 x 23.5mm\" class=\"read-more\" href=\"https:\/\/lediamant.ch\/de\/uhren\/222373-balmain-taffetas-22-5-x-23-5mm-b46513328\/\" aria-label=\"Mehr Informationen \u00fcber Balmain Taffetas 22.5 x 23.5mm\">Weiterlesen &#8230;<\/a><\/p>\n","protected":false},"featured_media":222375,"template":"","meta":{"_acf_changed":false,"_seopress_robots_primary_cat":"27173","_seopress_titles_title":"","_seopress_titles_desc":"Entdecken Sie die Eleganz der Balmain Beleganza, einer Damenuhr mit Pariser Haute Couture Design, wei\u00dfem Zifferblatt und Stahlarmband.","_seopress_robots_index":""},"brand":[27083],"product_brand":[],"product_cat":[27173,27399,42260,27123],"product_tag":[],"class_list":{"0":"post-222373","1":"product","2":"type-product","3":"status-publish","4":"has-post-thumbnail","6":"brand-balmain-de","7":"product_cat-balmain-de","8":"product_cat-beleganza-de","9":"product_cat-taffetas","10":"product_cat-uhren","11":"pa_couleurduboitier-grau-de","12":"pa_couleurdubracelet-grau-de","13":"pa_couleurducadran-silber","14":"pa_dimensions-22-50-x-23-50-mm","15":"pa_etancheite-30m-de","16":"pa_forme-rechteckig-de","17":"pa_garantie-24monate","18":"pa_genre-frau","19":"pa_matiere-stahl","20":"pa_matierebraceletmontre-edelstahl","21":"pa_mouvement-quarzbatterie-de","22":"pa_swissmade-ja-de","23":"pa_verre-saphir-de","24":"sales-flash-overlay","25":"woocommerce-text-align-center","26":"woocommerce-image-align-center","27":"do-quantity-buttons","29":"first","30":"instock","31":"taxable","32":"shipping-taxable","33":"purchasable","34":"product-type-simple"},"acf":[],"_links":{"self":[{"href":"https:\/\/lediamant.ch\/de\/wp-json\/wp\/v2\/product\/222373","targetHints":{"allow":["GET"]}}],"collection":[{"href":"https:\/\/lediamant.ch\/de\/wp-json\/wp\/v2\/product"}],"about":[{"href":"https:\/\/lediamant.ch\/de\/wp-json\/wp\/v2\/types\/product"}],"wp:featuredmedia":[{"embeddable":true,"href":"https:\/\/lediamant.ch\/de\/wp-json\/wp\/v2\/media\/222375"}],"wp:attachment":[{"href":"https:\/\/lediamant.ch\/de\/wp-json\/wp\/v2\/media?parent=222373"}],"wp:term":[{"taxonomy":"brand","embeddable":true,"href":"https:\/\/lediamant.ch\/de\/wp-json\/wp\/v2\/brand?post=222373"},{"taxonomy":"product_brand","embeddable":true,"href":"https:\/\/lediamant.ch\/de\/wp-json\/wp\/v2\/product_brand?post=222373"},{"taxonomy":"product_cat","embeddable":true,"href":"https:\/\/lediamant.ch\/de\/wp-json\/wp\/v2\/product_cat?post=222373"},{"taxonomy":"product_tag","embeddable":true,"href":"https:\/\/lediamant.ch\/de\/wp-json\/wp\/v2\/product_tag?post=222373"}],"curies":[{"name":"wp","href":"https:\/\/api.w.org\/{rel}","templated":true}]}}