{"id":222732,"date":"2026-03-10T17:13:18","date_gmt":"2026-03-10T16:13:18","guid":{"rendered":"https:\/\/lediamant.ch\/produit\/unkategorisiert\/maurice-lacroix-aikonic-automatic-chronograph-skeleton\/"},"modified":"2025-11-07T17:46:17","modified_gmt":"2025-11-07T16:46:17","slug":"maurice-lacroix-aikonic-automatic-chronograph-skeleton","status":"publish","type":"product","link":"https:\/\/lediamant.ch\/de\/uhren\/222732-maurice-lacroix-aikonic-automatic-chronograph-skeleton-ac8018-ssl20-030-2\/","title":{"rendered":"Maurice Lacroix Aikonic Automatic Chronograph Skeleton 43mm"},"content":{"rendered":"<p>Die neue AIKONIC Kollektion ist urban, vielseitig und f\u00fcr alle Gelegenheiten geeignet. Sie enth\u00e4lt Hochleistungsmaterialien: technische Keramik, ein Armband aus Doppelkautschuk und das neue patentierte ML Easy Change System. Ausgestattet mit dem neuen Kaliber ML1000 verk\u00f6rpert sie den Geist von &#8222;Your Time is Now&#8220;, indem sie Pr\u00e4zision mit dem Geschmack des Besonderen verbindet. Erh\u00e4ltlich in Schwarz, Wei\u00df und Dunkelblau.<\/p>\n","protected":false},"excerpt":{"rendered":"<p>Die neue AIKONIC Kollektion ist urban, vielseitig und f\u00fcr alle Gelegenheiten geeignet. Sie enth\u00e4lt Hochleistungsmaterialien: technische Keramik, ein Armband aus Doppelkautschuk und das neue patentierte ML Easy Change System. Ausgestattet mit dem neuen Kaliber ML1000 verk\u00f6rpert sie den Geist von &#8222;Your Time is Now&#8220;, indem sie Pr\u00e4zision mit dem Geschmack des Besonderen verbindet. Erh\u00e4ltlich in &#8230; <a title=\"Maurice Lacroix Aikonic Automatic Chronograph Skeleton 43mm\" class=\"read-more\" href=\"https:\/\/lediamant.ch\/de\/uhren\/222732-maurice-lacroix-aikonic-automatic-chronograph-skeleton-ac8018-ssl20-030-2\/\" aria-label=\"Mehr Informationen \u00fcber Maurice Lacroix Aikonic Automatic Chronograph Skeleton 43mm\">Weiterlesen &#8230;<\/a><\/p>\n","protected":false},"featured_media":226916,"template":"","meta":{"_acf_changed":false,"_seopress_robots_primary_cat":"27149","_seopress_titles_title":"","_seopress_titles_desc":"","_seopress_robots_index":""},"brand":[27103],"product_brand":[],"product_cat":[42488,27149,27123],"product_tag":[],"class_list":{"0":"post-222732","1":"product","2":"type-product","3":"status-publish","4":"has-post-thumbnail","6":"brand-mauricelacroix-de","7":"product_cat-aikonic","8":"product_cat-maurice-lacroix-de","9":"product_cat-uhren","10":"pa_couleurduboitier-zweifarbig-de","11":"pa_couleurdubracelet-schwarz-de","12":"pa_couleurducadran-grau","13":"pa_etancheite-100m-de","14":"pa_forme-runden","15":"pa_genre-mann","16":"pa_matiere-stahl","17":"pa_matierebraceletmontre-kautschuk","18":"pa_modele-de-mouvement-ml212-sellita-sw562-s","19":"pa_mouvement-automatik-de","20":"pa_option-boitier-lunette-aus-keramik-verschraubte-krone-transparenter-gehauseboden","21":"pa_swissmade-ja-de","22":"pa_typedemontre-chronograph-de","23":"pa_verre-saphir-de","24":"sales-flash-overlay","25":"woocommerce-text-align-center","26":"woocommerce-image-align-center","27":"do-quantity-buttons","29":"first","30":"instock","31":"taxable","32":"shipping-taxable","33":"purchasable","34":"product-type-simple"},"acf":[],"_links":{"self":[{"href":"https:\/\/lediamant.ch\/de\/wp-json\/wp\/v2\/product\/222732","targetHints":{"allow":["GET"]}}],"collection":[{"href":"https:\/\/lediamant.ch\/de\/wp-json\/wp\/v2\/product"}],"about":[{"href":"https:\/\/lediamant.ch\/de\/wp-json\/wp\/v2\/types\/product"}],"wp:featuredmedia":[{"embeddable":true,"href":"https:\/\/lediamant.ch\/de\/wp-json\/wp\/v2\/media\/226916"}],"wp:attachment":[{"href":"https:\/\/lediamant.ch\/de\/wp-json\/wp\/v2\/media?parent=222732"}],"wp:term":[{"taxonomy":"brand","embeddable":true,"href":"https:\/\/lediamant.ch\/de\/wp-json\/wp\/v2\/brand?post=222732"},{"taxonomy":"product_brand","embeddable":true,"href":"https:\/\/lediamant.ch\/de\/wp-json\/wp\/v2\/product_brand?post=222732"},{"taxonomy":"product_cat","embeddable":true,"href":"https:\/\/lediamant.ch\/de\/wp-json\/wp\/v2\/product_cat?post=222732"},{"taxonomy":"product_tag","embeddable":true,"href":"https:\/\/lediamant.ch\/de\/wp-json\/wp\/v2\/product_tag?post=222732"}],"curies":[{"name":"wp","href":"https:\/\/api.w.org\/{rel}","templated":true}]}}