{"id":222815,"date":"2025-11-03T08:18:20","date_gmt":"2025-11-03T07:18:20","guid":{"rendered":"https:\/\/lediamant.ch\/produit\/unkategorisiert\/maurice-lacroix-aikon-quartz-wotto-limited-edition\/"},"modified":"2025-11-14T11:05:33","modified_gmt":"2025-11-14T10:05:33","slug":"maurice-lacroix-aikon-quartz-wotto-limited-edition","status":"publish","type":"product","link":"https:\/\/lediamant.ch\/de\/uhren\/222815-maurice-lacroix-aikon-quartz-wotto-limited-edition-ai1108-pvl20-090-2\/","title":{"rendered":"Maurice Lacroix Aikon Quarz Wotto 40mm"},"content":{"rendered":"<p>Diese besonders verspielte Aikon Uhr wurde in Zusammenarbeit mit dem britischen Stra\u00dfenk\u00fcnstler Wotto entworfen und verbindet Schweizer Uhrmacherkunst mit Wottos ungez\u00fcgelter kreativer Welt. Wotto genoss v\u00f6llige kreative Freiheit, um seine eigene grafische Welt zu schaffen. Auf einem schlichten grauen Hintergrund sind seine verspielten Figuren zu sehen. Der Minutenzeiger wurde durch einen Geist ersetzt und der Sekundenzeiger ist eine schwingende rosa Linie, die den Blick auf sich zieht. Weitere rosafarbene Akzente finden sich auf dem Datumsfenster, das von einer weiteren Kreatur von Wotto besetzt ist, und auf dem rosafarbenen Kautschukarmband mit seinem Logo. Mit nur 500 produzierten Exemplaren ist dies eine einmalige Gelegenheit, ein sehr originelles und sammelbares Kunstwerk zu besitzen. Diese Maurice Lacroix Uhr hat ein Stahlgeh\u00e4use mit einem Durchmesser von 40 mm und ist mit einem Kautschukarmband ausgestattet. Im Inneren des Geh\u00e4uses befindet sich ein Ronda-Uhrwerk und die Uhr ist mit einem doppelt entspiegelten Saphirglas ausgestattet.       <\/p>\n","protected":false},"excerpt":{"rendered":"<p>Diese besonders verspielte Aikon Uhr wurde in Zusammenarbeit mit dem britischen Stra\u00dfenk\u00fcnstler Wotto entworfen und verbindet Schweizer Uhrmacherkunst mit Wottos ungez\u00fcgelter kreativer Welt. Wotto genoss v\u00f6llige kreative Freiheit, um seine eigene grafische Welt zu schaffen. Auf einem schlichten grauen Hintergrund sind seine verspielten Figuren zu sehen. Der Minutenzeiger wurde durch einen Geist ersetzt und der &#8230; <a title=\"Maurice Lacroix Aikon Quarz Wotto 40mm\" class=\"read-more\" href=\"https:\/\/lediamant.ch\/de\/uhren\/222815-maurice-lacroix-aikon-quartz-wotto-limited-edition-ai1108-pvl20-090-2\/\" aria-label=\"Mehr Informationen \u00fcber Maurice Lacroix Aikon Quarz Wotto 40mm\">Weiterlesen &#8230;<\/a><\/p>\n","protected":false},"featured_media":223010,"template":"","meta":{"_acf_changed":false,"_seopress_robots_primary_cat":"27148","_seopress_titles_title":"","_seopress_titles_desc":"Entdecken Sie die AIKON Uhr, eine Ikone des urbanen Stils und des Schweizer Handwerks, in einer auf 500 Exemplare limitierten Auflage. Ein k\u00fchnes Design mit raffinierten Kontrasten. ","_seopress_robots_index":""},"brand":[27103],"product_brand":[],"product_cat":[27205,27149,27123],"product_tag":[],"class_list":{"0":"post-222815","1":"product","2":"type-product","3":"status-publish","4":"has-post-thumbnail","6":"brand-mauricelacroix-de","7":"product_cat-aikon-de","8":"product_cat-maurice-lacroix-de","9":"product_cat-uhren","10":"pa_couleurduboitier-schwarz-de","11":"pa_couleurdubracelet-schwarz-de","12":"pa_couleurducadran-grau","13":"pa_etancheite-100m-de","14":"pa_forme-runden","15":"pa_genre-frau","16":"pa_limitededition-500-exemplare","17":"pa_matiere-schwarzespvd","18":"pa_matierebraceletmontre-kautschuk","19":"pa_mouvement-quarzbatterie-de","20":"pa_swissmade-ja-de","21":"pa_verre-saphir-de","22":"sales-flash-overlay","23":"woocommerce-text-align-center","24":"woocommerce-image-align-center","25":"do-quantity-buttons","27":"first","28":"instock","29":"taxable","30":"shipping-taxable","31":"purchasable","32":"product-type-simple"},"acf":[],"_links":{"self":[{"href":"https:\/\/lediamant.ch\/de\/wp-json\/wp\/v2\/product\/222815","targetHints":{"allow":["GET"]}}],"collection":[{"href":"https:\/\/lediamant.ch\/de\/wp-json\/wp\/v2\/product"}],"about":[{"href":"https:\/\/lediamant.ch\/de\/wp-json\/wp\/v2\/types\/product"}],"wp:featuredmedia":[{"embeddable":true,"href":"https:\/\/lediamant.ch\/de\/wp-json\/wp\/v2\/media\/223010"}],"wp:attachment":[{"href":"https:\/\/lediamant.ch\/de\/wp-json\/wp\/v2\/media?parent=222815"}],"wp:term":[{"taxonomy":"brand","embeddable":true,"href":"https:\/\/lediamant.ch\/de\/wp-json\/wp\/v2\/brand?post=222815"},{"taxonomy":"product_brand","embeddable":true,"href":"https:\/\/lediamant.ch\/de\/wp-json\/wp\/v2\/product_brand?post=222815"},{"taxonomy":"product_cat","embeddable":true,"href":"https:\/\/lediamant.ch\/de\/wp-json\/wp\/v2\/product_cat?post=222815"},{"taxonomy":"product_tag","embeddable":true,"href":"https:\/\/lediamant.ch\/de\/wp-json\/wp\/v2\/product_tag?post=222815"}],"curies":[{"name":"wp","href":"https:\/\/api.w.org\/{rel}","templated":true}]}}