{"id":222879,"date":"2025-11-10T08:27:18","date_gmt":"2025-11-10T07:27:18","guid":{"rendered":"https:\/\/lediamant.ch\/produit\/unkategorisiert\/maurice-lacroix-fiaba-square\/"},"modified":"2025-11-12T18:10:02","modified_gmt":"2025-11-12T17:10:02","slug":"maurice-lacroix-fiaba-square","status":"publish","type":"product","link":"https:\/\/lediamant.ch\/de\/uhren\/222879-maurice-lacroix-fiaba-square-fa1205-ss002-160-1\/","title":{"rendered":"Maurice Lacroix Fiaba Square 34mm"},"content":{"rendered":"<p>Die FIABA erweckt M\u00e4rchen zum Leben, feiert die Zartheit und ist f\u00fcr die moderne Frau bestimmt. Mit ihrem eleganten Design und den pr\u00e4chtigen Details bieten diese Damenuhren erschwinglichen Luxus und sind der ideale Begleiter f\u00fcr Tag und Nacht.<\/p>\n","protected":false},"excerpt":{"rendered":"<p>Die FIABA erweckt M\u00e4rchen zum Leben, feiert die Zartheit und ist f\u00fcr die moderne Frau bestimmt. Mit ihrem eleganten Design und den pr\u00e4chtigen Details bieten diese Damenuhren erschwinglichen Luxus und sind der ideale Begleiter f\u00fcr Tag und Nacht.<\/p>\n","protected":false},"featured_media":223003,"template":"","meta":{"_acf_changed":false,"_seopress_robots_primary_cat":"27149","_seopress_titles_title":"","_seopress_titles_desc":"Entdecken Sie FIABA, die Uhr, die erschwinglichen Luxus und raffiniertes Design f\u00fcr jeden Moment Ihres Tages vereint. Perfekt f\u00fcr die moderne Frau.","_seopress_robots_index":""},"brand":[27103],"product_brand":[],"product_cat":[27309,27149,27123],"product_tag":[],"class_list":{"0":"post-222879","1":"product","2":"type-product","3":"status-publish","4":"has-post-thumbnail","6":"brand-mauricelacroix-de","7":"product_cat-fiaba-de","8":"product_cat-maurice-lacroix-de","9":"product_cat-uhren","10":"pa_couleurduboitier-grau-de","11":"pa_couleurdubracelet-grau-de","12":"pa_couleurducadran-perlmutt","13":"pa_etancheite-50m-de","14":"pa_forme-rechteckig-de","15":"pa_genre-frau","16":"pa_matiere-stahl","17":"pa_matierebraceletmontre-edelstahl","18":"pa_mouvement-quarzbatterie-de","19":"pa_swissmade-ja-de","20":"pa_verre-saphir-de","21":"sales-flash-overlay","22":"woocommerce-text-align-center","23":"woocommerce-image-align-center","24":"do-quantity-buttons","26":"first","27":"instock","28":"taxable","29":"shipping-taxable","30":"purchasable","31":"product-type-simple"},"acf":[],"_links":{"self":[{"href":"https:\/\/lediamant.ch\/de\/wp-json\/wp\/v2\/product\/222879","targetHints":{"allow":["GET"]}}],"collection":[{"href":"https:\/\/lediamant.ch\/de\/wp-json\/wp\/v2\/product"}],"about":[{"href":"https:\/\/lediamant.ch\/de\/wp-json\/wp\/v2\/types\/product"}],"wp:featuredmedia":[{"embeddable":true,"href":"https:\/\/lediamant.ch\/de\/wp-json\/wp\/v2\/media\/223003"}],"wp:attachment":[{"href":"https:\/\/lediamant.ch\/de\/wp-json\/wp\/v2\/media?parent=222879"}],"wp:term":[{"taxonomy":"brand","embeddable":true,"href":"https:\/\/lediamant.ch\/de\/wp-json\/wp\/v2\/brand?post=222879"},{"taxonomy":"product_brand","embeddable":true,"href":"https:\/\/lediamant.ch\/de\/wp-json\/wp\/v2\/product_brand?post=222879"},{"taxonomy":"product_cat","embeddable":true,"href":"https:\/\/lediamant.ch\/de\/wp-json\/wp\/v2\/product_cat?post=222879"},{"taxonomy":"product_tag","embeddable":true,"href":"https:\/\/lediamant.ch\/de\/wp-json\/wp\/v2\/product_tag?post=222879"}],"curies":[{"name":"wp","href":"https:\/\/api.w.org\/{rel}","templated":true}]}}