{"id":222887,"date":"2024-07-10T08:54:19","date_gmt":"2024-07-10T06:54:19","guid":{"rendered":"https:\/\/lediamant.ch\/produit\/unkategorisiert\/maurice-lacroix-aikon-automatic-titanium\/"},"modified":"2025-11-12T15:45:48","modified_gmt":"2025-11-12T14:45:48","slug":"maurice-lacroix-aikon-automatic-titanium","status":"publish","type":"product","link":"https:\/\/lediamant.ch\/de\/produit\/uhren\/maurice-lacroix-de\/aikon-de\/maurice-lacroix-aikon-automatic-titanium\/","title":{"rendered":"Maurice Lacroix Aikon Automatic Titanium"},"content":{"rendered":"<p>Die von der Stadt inspirierte AIKON Automatic bietet eine zeitgem\u00e4\u00dfe \u00c4sthetik, ergonomisches Design und ein mechanisches Herz. Mit seinem cleveren Einsatz von Kontrasten und Formen ist der AIKON Automatic der ideale Begleiter f\u00fcr das Leben in der Stadt.<\/p>\n","protected":false},"excerpt":{"rendered":"<p>Die von der Stadt inspirierte AIKON Automatic bietet eine zeitgem\u00e4\u00dfe \u00c4sthetik, ergonomisches Design und ein mechanisches Herz. Mit seinem cleveren Einsatz von Kontrasten und Formen ist der AIKON Automatic der ideale Begleiter f\u00fcr das Leben in der Stadt.<\/p>\n","protected":false},"featured_media":222983,"template":"","meta":{"_acf_changed":false,"_seopress_robots_primary_cat":"27149","_seopress_titles_title":"","_seopress_titles_desc":"","_seopress_robots_index":""},"brand":[27103],"product_brand":[],"product_cat":[27205,27149,27123],"product_tag":[],"class_list":{"0":"post-222887","1":"product","2":"type-product","3":"status-publish","4":"has-post-thumbnail","6":"brand-mauricelacroix-de","7":"product_cat-aikon-de","8":"product_cat-maurice-lacroix-de","9":"product_cat-uhren","10":"pa_couleurduboitier-grau-de","11":"pa_couleurdubracelet-grau-de","12":"pa_couleurducadran-violett","13":"pa_etancheite-200m-de","14":"pa_forme-runden","15":"pa_genre-mann","16":"pa_matiere-titan","17":"pa_matierebraceletmontre-titan-de","18":"pa_mouvement-automatik-de","19":"pa_swissmade-ja-de","20":"pa_verre-saphir-de","21":"sales-flash-overlay","22":"woocommerce-text-align-center","23":"woocommerce-image-align-center","24":"do-quantity-buttons","26":"first","27":"instock","28":"taxable","29":"shipping-taxable","30":"purchasable","31":"product-type-simple"},"acf":[],"_links":{"self":[{"href":"https:\/\/lediamant.ch\/de\/wp-json\/wp\/v2\/product\/222887","targetHints":{"allow":["GET"]}}],"collection":[{"href":"https:\/\/lediamant.ch\/de\/wp-json\/wp\/v2\/product"}],"about":[{"href":"https:\/\/lediamant.ch\/de\/wp-json\/wp\/v2\/types\/product"}],"wp:featuredmedia":[{"embeddable":true,"href":"https:\/\/lediamant.ch\/de\/wp-json\/wp\/v2\/media\/222983"}],"wp:attachment":[{"href":"https:\/\/lediamant.ch\/de\/wp-json\/wp\/v2\/media?parent=222887"}],"wp:term":[{"taxonomy":"brand","embeddable":true,"href":"https:\/\/lediamant.ch\/de\/wp-json\/wp\/v2\/brand?post=222887"},{"taxonomy":"product_brand","embeddable":true,"href":"https:\/\/lediamant.ch\/de\/wp-json\/wp\/v2\/product_brand?post=222887"},{"taxonomy":"product_cat","embeddable":true,"href":"https:\/\/lediamant.ch\/de\/wp-json\/wp\/v2\/product_cat?post=222887"},{"taxonomy":"product_tag","embeddable":true,"href":"https:\/\/lediamant.ch\/de\/wp-json\/wp\/v2\/product_tag?post=222887"}],"curies":[{"name":"wp","href":"https:\/\/api.w.org\/{rel}","templated":true}]}}